{"id":30143,"date":"2022-12-19T17:10:40","date_gmt":"2023-02-08T17:47:35","guid":{"rendered":"https:\/\/recreated.eu\/product\/nike-air-max-270\/"},"modified":"2023-02-08T18:53:00","modified_gmt":"2023-02-08T17:53:00","slug":"nike-air-max-270-3","status":"publish","type":"product","link":"https:\/\/recreated.eu\/hr\/product\/nike-air-max-270-3\/","title":{"rendered":"Nike Air Max 270"},"content":{"rendered":"","protected":false},"excerpt":{"rendered":"<p>Obu\u0107a iz Vama poznatih du\u0107ana koje su pro\u0161le kroz proces uklanjanja ve\u0107inskog dijela razloga reklamacije, unutarnje dezinfekcije\/neutralizacije mirisa, kompletnog vanjskog \u010di\u0161\u0107enja, regeneracije ko\u017ee\/tekstila i impregnacije. Mi obu\u0107i dajemo novi \u017eivot. Vi joj dajte novu pri\u010du.<\/p>\n","protected":false},"featured_media":27028,"template":"","meta":{"kt_blocks_editor_width":"","_kad_post_transparent":"","_kad_post_title":"","_kad_post_layout":"","_kad_post_sidebar_id":"","_kad_post_content_style":"","_kad_post_vertical_padding":"","_kad_post_feature":"","_kad_post_feature_position":"","_kad_post_header":false,"_kad_post_footer":false,"spay_email":""},"product_cat":[154,208],"product_tag":[],"yoast_head":"<!-- This site is optimized with the Yoast SEO plugin v16.8 - https:\/\/yoast.com\/wordpress\/plugins\/seo\/ -->\n<title>Nike Air Max 270 - Recreated<\/title>\n<meta name=\"robots\" content=\"index, follow, max-snippet:-1, max-image-preview:large, max-video-preview:-1\" \/>\n<link rel=\"canonical\" href=\"https:\/\/recreated.eu\/hr\/product\/nike-air-max-270-3\/\" \/>\n<meta property=\"og:locale\" content=\"hr_HR\" \/>\n<meta property=\"og:type\" content=\"article\" \/>\n<meta property=\"og:title\" content=\"Nike Air Max 270 - Recreated\" \/>\n<meta property=\"og:description\" content=\"Obu\u0107a iz Vama poznatih du\u0107ana koje su pro\u0161le kroz proces uklanjanja ve\u0107inskog dijela razloga reklamacije, unutarnje dezinfekcije\/neutralizacije mirisa, kompletnog vanjskog \u010di\u0161\u0107enja, regeneracije ko\u017ee\/tekstila i impregnacije. Mi obu\u0107i dajemo novi \u017eivot. Vi joj dajte novu pri\u010du.\" \/>\n<meta property=\"og:url\" content=\"https:\/\/recreated.eu\/hr\/product\/nike-air-max-270-3\/\" \/>\n<meta property=\"og:site_name\" content=\"Recreated\" \/>\n<meta property=\"article:publisher\" content=\"https:\/\/www.facebook.com\/recreated.eu\/\" \/>\n<meta property=\"article:modified_time\" content=\"2023-02-08T17:53:00+00:00\" \/>\n<meta property=\"og:image\" content=\"https:\/\/recreated.eu\/wp-content\/uploads\/2022\/12\/RR-01349.png\" \/>\n\t<meta property=\"og:image:width\" content=\"1080\" \/>\n\t<meta property=\"og:image:height\" content=\"1080\" \/>\n<meta name=\"twitter:card\" content=\"summary_large_image\" \/>\n<script type=\"application\/ld+json\" class=\"yoast-schema-graph\">{\"@context\":\"https:\/\/schema.org\",\"@graph\":[{\"@type\":\"Organization\",\"@id\":\"https:\/\/recreated.eu\/hr\/#organization\",\"name\":\"Recreated\",\"url\":\"https:\/\/recreated.eu\/hr\/\",\"sameAs\":[\"https:\/\/www.facebook.com\/recreated.eu\/\",\"https:\/\/www.instagram.com\/recreated.eu\/\"],\"logo\":{\"@type\":\"ImageObject\",\"@id\":\"https:\/\/recreated.eu\/hr\/#logo\",\"inLanguage\":\"hr\",\"url\":\"\",\"contentUrl\":\"\",\"caption\":\"Recreated\"},\"image\":{\"@id\":\"https:\/\/recreated.eu\/hr\/#logo\"}},{\"@type\":\"WebSite\",\"@id\":\"https:\/\/recreated.eu\/hr\/#website\",\"url\":\"https:\/\/recreated.eu\/hr\/\",\"name\":\"Recreated\",\"description\":\"\",\"publisher\":{\"@id\":\"https:\/\/recreated.eu\/hr\/#organization\"},\"potentialAction\":[{\"@type\":\"SearchAction\",\"target\":{\"@type\":\"EntryPoint\",\"urlTemplate\":\"https:\/\/recreated.eu\/hr\/?s={search_term_string}\"},\"query-input\":\"required name=search_term_string\"}],\"inLanguage\":\"hr\"},{\"@type\":\"ImageObject\",\"@id\":\"https:\/\/recreated.eu\/hr\/product\/nike-air-max-270-3\/#primaryimage\",\"inLanguage\":\"hr\",\"url\":\"https:\/\/recreated.eu\/wp-content\/uploads\/2022\/12\/RR-01349.png\",\"contentUrl\":\"https:\/\/recreated.eu\/wp-content\/uploads\/2022\/12\/RR-01349.png\",\"width\":1080,\"height\":1080},{\"@type\":\"WebPage\",\"@id\":\"https:\/\/recreated.eu\/hr\/product\/nike-air-max-270-3\/#webpage\",\"url\":\"https:\/\/recreated.eu\/hr\/product\/nike-air-max-270-3\/\",\"name\":\"Nike Air Max 270 - Recreated\",\"isPartOf\":{\"@id\":\"https:\/\/recreated.eu\/hr\/#website\"},\"primaryImageOfPage\":{\"@id\":\"https:\/\/recreated.eu\/hr\/product\/nike-air-max-270-3\/#primaryimage\"},\"datePublished\":\"2023-02-08T17:47:35+00:00\",\"dateModified\":\"2023-02-08T17:53:00+00:00\",\"breadcrumb\":{\"@id\":\"https:\/\/recreated.eu\/hr\/product\/nike-air-max-270-3\/#breadcrumb\"},\"inLanguage\":\"hr\",\"potentialAction\":[{\"@type\":\"ReadAction\",\"target\":[\"https:\/\/recreated.eu\/hr\/product\/nike-air-max-270-3\/\"]}]},{\"@type\":\"BreadcrumbList\",\"@id\":\"https:\/\/recreated.eu\/hr\/product\/nike-air-max-270-3\/#breadcrumb\",\"itemListElement\":[{\"@type\":\"ListItem\",\"position\":1,\"name\":\"Po\\u010detna\",\"item\":\"https:\/\/recreated.eu\/hr\/\"},{\"@type\":\"ListItem\",\"position\":2,\"name\":\"Shop\",\"item\":\"https:\/\/recreated.eu\/hr\/shop\/\"},{\"@type\":\"ListItem\",\"position\":3,\"name\":\"Nike Air Max 270\"}]}]}<\/script>\n<!-- \/ Yoast SEO plugin. -->","yoast_head_json":{"title":"Nike Air Max 270 - Recreated","robots":{"index":"index","follow":"follow","max-snippet":"max-snippet:-1","max-image-preview":"max-image-preview:large","max-video-preview":"max-video-preview:-1"},"canonical":"https:\/\/recreated.eu\/hr\/product\/nike-air-max-270-3\/","og_locale":"hr_HR","og_type":"article","og_title":"Nike Air Max 270 - Recreated","og_description":"Obu\u0107a iz Vama poznatih du\u0107ana koje su pro\u0161le kroz proces uklanjanja ve\u0107inskog dijela razloga reklamacije, unutarnje dezinfekcije\/neutralizacije mirisa, kompletnog vanjskog \u010di\u0161\u0107enja, regeneracije ko\u017ee\/tekstila i impregnacije. Mi obu\u0107i dajemo novi \u017eivot. Vi joj dajte novu pri\u010du.","og_url":"https:\/\/recreated.eu\/hr\/product\/nike-air-max-270-3\/","og_site_name":"Recreated","article_publisher":"https:\/\/www.facebook.com\/recreated.eu\/","article_modified_time":"2023-02-08T17:53:00+00:00","og_image":[{"width":1080,"height":1080,"url":"https:\/\/recreated.eu\/wp-content\/uploads\/2022\/12\/RR-01349.png","path":"\/home\/recreate\/public_html\/wp-content\/uploads\/2022\/12\/RR-01349.png","size":"full","id":27028,"alt":"","pixels":1166400,"type":"image\/png"}],"twitter_card":"summary_large_image","schema":{"@context":"https:\/\/schema.org","@graph":[{"@type":"Organization","@id":"https:\/\/recreated.eu\/hr\/#organization","name":"Recreated","url":"https:\/\/recreated.eu\/hr\/","sameAs":["https:\/\/www.facebook.com\/recreated.eu\/","https:\/\/www.instagram.com\/recreated.eu\/"],"logo":{"@type":"ImageObject","@id":"https:\/\/recreated.eu\/hr\/#logo","inLanguage":"hr","url":"","contentUrl":"","caption":"Recreated"},"image":{"@id":"https:\/\/recreated.eu\/hr\/#logo"}},{"@type":"WebSite","@id":"https:\/\/recreated.eu\/hr\/#website","url":"https:\/\/recreated.eu\/hr\/","name":"Recreated","description":"","publisher":{"@id":"https:\/\/recreated.eu\/hr\/#organization"},"potentialAction":[{"@type":"SearchAction","target":{"@type":"EntryPoint","urlTemplate":"https:\/\/recreated.eu\/hr\/?s={search_term_string}"},"query-input":"required name=search_term_string"}],"inLanguage":"hr"},{"@type":"ImageObject","@id":"https:\/\/recreated.eu\/hr\/product\/nike-air-max-270-3\/#primaryimage","inLanguage":"hr","url":"https:\/\/recreated.eu\/wp-content\/uploads\/2022\/12\/RR-01349.png","contentUrl":"https:\/\/recreated.eu\/wp-content\/uploads\/2022\/12\/RR-01349.png","width":1080,"height":1080},{"@type":"WebPage","@id":"https:\/\/recreated.eu\/hr\/product\/nike-air-max-270-3\/#webpage","url":"https:\/\/recreated.eu\/hr\/product\/nike-air-max-270-3\/","name":"Nike Air Max 270 - Recreated","isPartOf":{"@id":"https:\/\/recreated.eu\/hr\/#website"},"primaryImageOfPage":{"@id":"https:\/\/recreated.eu\/hr\/product\/nike-air-max-270-3\/#primaryimage"},"datePublished":"2023-02-08T17:47:35+00:00","dateModified":"2023-02-08T17:53:00+00:00","breadcrumb":{"@id":"https:\/\/recreated.eu\/hr\/product\/nike-air-max-270-3\/#breadcrumb"},"inLanguage":"hr","potentialAction":[{"@type":"ReadAction","target":["https:\/\/recreated.eu\/hr\/product\/nike-air-max-270-3\/"]}]},{"@type":"BreadcrumbList","@id":"https:\/\/recreated.eu\/hr\/product\/nike-air-max-270-3\/#breadcrumb","itemListElement":[{"@type":"ListItem","position":1,"name":"Po\u010detna","item":"https:\/\/recreated.eu\/hr\/"},{"@type":"ListItem","position":2,"name":"Shop","item":"https:\/\/recreated.eu\/hr\/shop\/"},{"@type":"ListItem","position":3,"name":"Nike Air Max 270"}]}]}},"_links":{"self":[{"href":"https:\/\/recreated.eu\/hr\/wp-json\/wp\/v2\/product\/30143"}],"collection":[{"href":"https:\/\/recreated.eu\/hr\/wp-json\/wp\/v2\/product"}],"about":[{"href":"https:\/\/recreated.eu\/hr\/wp-json\/wp\/v2\/types\/product"}],"wp:featuredmedia":[{"embeddable":true,"href":"https:\/\/recreated.eu\/hr\/wp-json\/wp\/v2\/media\/27028"}],"wp:attachment":[{"href":"https:\/\/recreated.eu\/hr\/wp-json\/wp\/v2\/media?parent=30143"}],"wp:term":[{"taxonomy":"product_cat","embeddable":true,"href":"https:\/\/recreated.eu\/hr\/wp-json\/wp\/v2\/product_cat?post=30143"},{"taxonomy":"product_tag","embeddable":true,"href":"https:\/\/recreated.eu\/hr\/wp-json\/wp\/v2\/product_tag?post=30143"}],"curies":[{"name":"wp","href":"https:\/\/api.w.org\/{rel}","templated":true}]}}