{"id":32306,"date":"2023-03-15T16:45:19","date_gmt":"2023-03-15T15:45:20","guid":{"rendered":"https:\/\/recreated.eu\/?post_type=product&#038;p=32306"},"modified":"2023-04-04T15:25:03","modified_gmt":"2023-04-04T13:25:03","slug":"angelus-nubuck-suede-kit","status":"publish","type":"product","link":"https:\/\/recreated.eu\/hr\/product\/angelus-nubuck-suede-kit\/","title":{"rendered":"Angelus set za \u010di\u0161\u0107enje bru\u0161ene ko\u017ee"},"content":{"rendered":"<p>Proizvodi za \u010di\u0161\u0107enje cipela marke Angelus vrhunski su! Specijalizirani smo za sredstva za \u010di\u0161\u0107enje tenisica i torbi , bez obzira na materijal.<\/p>\n<p>Angelus Nubuck &amp; Suede Set uklanja ve\u0107inu prljav\u0161tine i mrlja s antilopa i nubuka.<\/p>\n<p>S lako\u0107om vra\u0107a izgled bru\u0161enoj ko\u017ei.<\/p>\n<p>Ne\u0107e promijeniti boju ili teksturu.<\/p>\n<p>Sadr\u017ei 1 gumicu za brisanje ko\u017ee i 1 najlonsku \u010detku.<\/p>\n","protected":false},"excerpt":{"rendered":"<p>Proizvodi za \u010di\u0161\u0107enje cipela marke Angelus vrhunski su! Specijalizirani smo za sredstva za \u010di\u0161\u0107enje tenisica i torbi , bez obzira na materijal. Angelus Nubuck &amp; Suede Set uklanja ve\u0107inu prljav\u0161tine i mrlja s antilopa i nubuka. S lako\u0107om vra\u0107a izgled bru\u0161enoj ko\u017ei. Ne\u0107e promijeniti boju ili teksturu. Sadr\u017ei 1 gumicu za brisanje ko\u017ee i 1&#8230;<\/p>\n","protected":false},"featured_media":32308,"template":"","meta":{"kt_blocks_editor_width":"","_kad_post_transparent":"default","_kad_post_title":"","_kad_post_layout":"default","_kad_post_sidebar_id":"","_kad_post_content_style":"default","_kad_post_vertical_padding":"default","_kad_post_feature":"","_kad_post_feature_position":"","_kad_post_header":false,"_kad_post_footer":false,"spay_email":""},"product_cat":[80],"product_tag":[],"yoast_head":"<!-- This site is optimized with the Yoast SEO plugin v16.8 - https:\/\/yoast.com\/wordpress\/plugins\/seo\/ -->\n<title>Angelus set za \u010di\u0161\u0107enje bru\u0161ene ko\u017ee - Recreated<\/title>\n<meta name=\"robots\" content=\"index, follow, max-snippet:-1, max-image-preview:large, max-video-preview:-1\" \/>\n<link rel=\"canonical\" href=\"https:\/\/recreated.eu\/hr\/product\/angelus-nubuck-suede-kit\/\" \/>\n<meta property=\"og:locale\" content=\"hr_HR\" \/>\n<meta property=\"og:type\" content=\"article\" \/>\n<meta property=\"og:title\" content=\"Angelus set za \u010di\u0161\u0107enje bru\u0161ene ko\u017ee - Recreated\" \/>\n<meta property=\"og:description\" content=\"Proizvodi za \u010di\u0161\u0107enje cipela marke Angelus vrhunski su! Specijalizirani smo za sredstva za \u010di\u0161\u0107enje tenisica i torbi , bez obzira na materijal. Angelus Nubuck &amp; Suede Set uklanja ve\u0107inu prljav\u0161tine i mrlja s antilopa i nubuka. S lako\u0107om vra\u0107a izgled bru\u0161enoj ko\u017ei. Ne\u0107e promijeniti boju ili teksturu. Sadr\u017ei 1 gumicu za brisanje ko\u017ee i 1...\" \/>\n<meta property=\"og:url\" content=\"https:\/\/recreated.eu\/hr\/product\/angelus-nubuck-suede-kit\/\" \/>\n<meta property=\"og:site_name\" content=\"Recreated\" \/>\n<meta property=\"article:publisher\" content=\"https:\/\/www.facebook.com\/recreated.eu\/\" \/>\n<meta property=\"article:modified_time\" content=\"2023-04-04T13:25:03+00:00\" \/>\n<meta property=\"og:image\" content=\"https:\/\/recreated.eu\/wp-content\/uploads\/2023\/03\/895-suede-and-nubuck-set_1.jpg\" \/>\n\t<meta property=\"og:image:width\" content=\"700\" \/>\n\t<meta property=\"og:image:height\" content=\"700\" \/>\n<meta name=\"twitter:card\" content=\"summary_large_image\" \/>\n<script type=\"application\/ld+json\" class=\"yoast-schema-graph\">{\"@context\":\"https:\/\/schema.org\",\"@graph\":[{\"@type\":\"Organization\",\"@id\":\"https:\/\/recreated.eu\/hr\/#organization\",\"name\":\"Recreated\",\"url\":\"https:\/\/recreated.eu\/hr\/\",\"sameAs\":[\"https:\/\/www.facebook.com\/recreated.eu\/\",\"https:\/\/www.instagram.com\/recreated.eu\/\"],\"logo\":{\"@type\":\"ImageObject\",\"@id\":\"https:\/\/recreated.eu\/hr\/#logo\",\"inLanguage\":\"hr\",\"url\":\"\",\"contentUrl\":\"\",\"caption\":\"Recreated\"},\"image\":{\"@id\":\"https:\/\/recreated.eu\/hr\/#logo\"}},{\"@type\":\"WebSite\",\"@id\":\"https:\/\/recreated.eu\/hr\/#website\",\"url\":\"https:\/\/recreated.eu\/hr\/\",\"name\":\"Recreated\",\"description\":\"\",\"publisher\":{\"@id\":\"https:\/\/recreated.eu\/hr\/#organization\"},\"potentialAction\":[{\"@type\":\"SearchAction\",\"target\":{\"@type\":\"EntryPoint\",\"urlTemplate\":\"https:\/\/recreated.eu\/hr\/?s={search_term_string}\"},\"query-input\":\"required name=search_term_string\"}],\"inLanguage\":\"hr\"},{\"@type\":\"ImageObject\",\"@id\":\"https:\/\/recreated.eu\/hr\/product\/angelus-nubuck-suede-kit\/#primaryimage\",\"inLanguage\":\"hr\",\"url\":\"https:\/\/recreated.eu\/wp-content\/uploads\/2023\/03\/895-suede-and-nubuck-set_1.jpg\",\"contentUrl\":\"https:\/\/recreated.eu\/wp-content\/uploads\/2023\/03\/895-suede-and-nubuck-set_1.jpg\",\"width\":700,\"height\":700},{\"@type\":\"WebPage\",\"@id\":\"https:\/\/recreated.eu\/hr\/product\/angelus-nubuck-suede-kit\/#webpage\",\"url\":\"https:\/\/recreated.eu\/hr\/product\/angelus-nubuck-suede-kit\/\",\"name\":\"Angelus set za \\u010di\\u0161\\u0107enje bru\\u0161ene ko\\u017ee - Recreated\",\"isPartOf\":{\"@id\":\"https:\/\/recreated.eu\/hr\/#website\"},\"primaryImageOfPage\":{\"@id\":\"https:\/\/recreated.eu\/hr\/product\/angelus-nubuck-suede-kit\/#primaryimage\"},\"datePublished\":\"2023-03-15T15:45:20+00:00\",\"dateModified\":\"2023-04-04T13:25:03+00:00\",\"breadcrumb\":{\"@id\":\"https:\/\/recreated.eu\/hr\/product\/angelus-nubuck-suede-kit\/#breadcrumb\"},\"inLanguage\":\"hr\",\"potentialAction\":[{\"@type\":\"ReadAction\",\"target\":[\"https:\/\/recreated.eu\/hr\/product\/angelus-nubuck-suede-kit\/\"]}]},{\"@type\":\"BreadcrumbList\",\"@id\":\"https:\/\/recreated.eu\/hr\/product\/angelus-nubuck-suede-kit\/#breadcrumb\",\"itemListElement\":[{\"@type\":\"ListItem\",\"position\":1,\"name\":\"Po\\u010detna\",\"item\":\"https:\/\/recreated.eu\/hr\/\"},{\"@type\":\"ListItem\",\"position\":2,\"name\":\"Shop\",\"item\":\"https:\/\/recreated.eu\/hr\/shop\/\"},{\"@type\":\"ListItem\",\"position\":3,\"name\":\"Angelus set za \\u010di\\u0161\\u0107enje bru\\u0161ene ko\\u017ee\"}]}]}<\/script>\n<!-- \/ Yoast SEO plugin. -->","yoast_head_json":{"title":"Angelus set za \u010di\u0161\u0107enje bru\u0161ene ko\u017ee - Recreated","robots":{"index":"index","follow":"follow","max-snippet":"max-snippet:-1","max-image-preview":"max-image-preview:large","max-video-preview":"max-video-preview:-1"},"canonical":"https:\/\/recreated.eu\/hr\/product\/angelus-nubuck-suede-kit\/","og_locale":"hr_HR","og_type":"article","og_title":"Angelus set za \u010di\u0161\u0107enje bru\u0161ene ko\u017ee - Recreated","og_description":"Proizvodi za \u010di\u0161\u0107enje cipela marke Angelus vrhunski su! Specijalizirani smo za sredstva za \u010di\u0161\u0107enje tenisica i torbi , bez obzira na materijal. Angelus Nubuck &amp; Suede Set uklanja ve\u0107inu prljav\u0161tine i mrlja s antilopa i nubuka. S lako\u0107om vra\u0107a izgled bru\u0161enoj ko\u017ei. Ne\u0107e promijeniti boju ili teksturu. Sadr\u017ei 1 gumicu za brisanje ko\u017ee i 1...","og_url":"https:\/\/recreated.eu\/hr\/product\/angelus-nubuck-suede-kit\/","og_site_name":"Recreated","article_publisher":"https:\/\/www.facebook.com\/recreated.eu\/","article_modified_time":"2023-04-04T13:25:03+00:00","og_image":[{"width":700,"height":700,"url":"https:\/\/recreated.eu\/wp-content\/uploads\/2023\/03\/895-suede-and-nubuck-set_1.jpg","path":"\/home\/recreate\/public_html\/wp-content\/uploads\/2023\/03\/895-suede-and-nubuck-set_1.jpg","size":"full","id":32308,"alt":"","pixels":490000,"type":"image\/jpeg"}],"twitter_card":"summary_large_image","schema":{"@context":"https:\/\/schema.org","@graph":[{"@type":"Organization","@id":"https:\/\/recreated.eu\/hr\/#organization","name":"Recreated","url":"https:\/\/recreated.eu\/hr\/","sameAs":["https:\/\/www.facebook.com\/recreated.eu\/","https:\/\/www.instagram.com\/recreated.eu\/"],"logo":{"@type":"ImageObject","@id":"https:\/\/recreated.eu\/hr\/#logo","inLanguage":"hr","url":"","contentUrl":"","caption":"Recreated"},"image":{"@id":"https:\/\/recreated.eu\/hr\/#logo"}},{"@type":"WebSite","@id":"https:\/\/recreated.eu\/hr\/#website","url":"https:\/\/recreated.eu\/hr\/","name":"Recreated","description":"","publisher":{"@id":"https:\/\/recreated.eu\/hr\/#organization"},"potentialAction":[{"@type":"SearchAction","target":{"@type":"EntryPoint","urlTemplate":"https:\/\/recreated.eu\/hr\/?s={search_term_string}"},"query-input":"required name=search_term_string"}],"inLanguage":"hr"},{"@type":"ImageObject","@id":"https:\/\/recreated.eu\/hr\/product\/angelus-nubuck-suede-kit\/#primaryimage","inLanguage":"hr","url":"https:\/\/recreated.eu\/wp-content\/uploads\/2023\/03\/895-suede-and-nubuck-set_1.jpg","contentUrl":"https:\/\/recreated.eu\/wp-content\/uploads\/2023\/03\/895-suede-and-nubuck-set_1.jpg","width":700,"height":700},{"@type":"WebPage","@id":"https:\/\/recreated.eu\/hr\/product\/angelus-nubuck-suede-kit\/#webpage","url":"https:\/\/recreated.eu\/hr\/product\/angelus-nubuck-suede-kit\/","name":"Angelus set za \u010di\u0161\u0107enje bru\u0161ene ko\u017ee - Recreated","isPartOf":{"@id":"https:\/\/recreated.eu\/hr\/#website"},"primaryImageOfPage":{"@id":"https:\/\/recreated.eu\/hr\/product\/angelus-nubuck-suede-kit\/#primaryimage"},"datePublished":"2023-03-15T15:45:20+00:00","dateModified":"2023-04-04T13:25:03+00:00","breadcrumb":{"@id":"https:\/\/recreated.eu\/hr\/product\/angelus-nubuck-suede-kit\/#breadcrumb"},"inLanguage":"hr","potentialAction":[{"@type":"ReadAction","target":["https:\/\/recreated.eu\/hr\/product\/angelus-nubuck-suede-kit\/"]}]},{"@type":"BreadcrumbList","@id":"https:\/\/recreated.eu\/hr\/product\/angelus-nubuck-suede-kit\/#breadcrumb","itemListElement":[{"@type":"ListItem","position":1,"name":"Po\u010detna","item":"https:\/\/recreated.eu\/hr\/"},{"@type":"ListItem","position":2,"name":"Shop","item":"https:\/\/recreated.eu\/hr\/shop\/"},{"@type":"ListItem","position":3,"name":"Angelus set za \u010di\u0161\u0107enje bru\u0161ene ko\u017ee"}]}]}},"_links":{"self":[{"href":"https:\/\/recreated.eu\/hr\/wp-json\/wp\/v2\/product\/32306"}],"collection":[{"href":"https:\/\/recreated.eu\/hr\/wp-json\/wp\/v2\/product"}],"about":[{"href":"https:\/\/recreated.eu\/hr\/wp-json\/wp\/v2\/types\/product"}],"wp:featuredmedia":[{"embeddable":true,"href":"https:\/\/recreated.eu\/hr\/wp-json\/wp\/v2\/media\/32308"}],"wp:attachment":[{"href":"https:\/\/recreated.eu\/hr\/wp-json\/wp\/v2\/media?parent=32306"}],"wp:term":[{"taxonomy":"product_cat","embeddable":true,"href":"https:\/\/recreated.eu\/hr\/wp-json\/wp\/v2\/product_cat?post=32306"},{"taxonomy":"product_tag","embeddable":true,"href":"https:\/\/recreated.eu\/hr\/wp-json\/wp\/v2\/product_tag?post=32306"}],"curies":[{"name":"wp","href":"https:\/\/api.w.org\/{rel}","templated":true}]}}