{"id":32327,"date":"2023-03-16T10:30:56","date_gmt":"2023-03-16T09:30:57","guid":{"rendered":"https:\/\/recreated.eu\/?post_type=product&#038;p=32327"},"modified":"2023-09-25T15:12:17","modified_gmt":"2023-09-25T13:12:17","slug":"angelus-deodorizer","status":"publish","type":"product","link":"https:\/\/recreated.eu\/hr\/product\/angelus-deodorizer\/","title":{"rendered":"Angelus dezodorans za obu\u0107u"},"content":{"rendered":"<p>Uklonite neugodne mirise koriste\u0107i Angelus dezodorans!<\/p>\n<p>Za razliku od drugih proizvoda, Angelus dezodorans ne samo da maskira mirise, on ih uklanja! Formula bez mirisa osigurava potpuno nestanak tvari koje uzrokuju neugodne mirise. 4 oz. sprej s pumpicom olak\u0161ava upotrebu na svim materijalima.<\/p>\n<p>Angelus dezodorans je siguran za kori\u0161tenje na svim materijalima. Savr\u0161eno za uklanjanje mirisa na cipelama, \u010dizmama, odje\u0107i, \u0161e\u0161irima, torbicama, torbama, namje\u0161taju i vi\u0161e!<\/p>\n<p>Upute: Jednostavno po\u0161pricajte o\u0161te\u0107eno podru\u010dje i ostavite da se osu\u0161i na zraku najmanje 24 sata.<\/p>\n","protected":false},"excerpt":{"rendered":"<p>Angelus set kistova za detalje sadr\u017ei 5 najboljih Angelus Micro Detail kistova. To Vam omogu\u0107uje detaljno nano\u0161enje Angelus boje za ko\u017eu i sprje\u010davanje pogre\u0161aka ili bojanja izvan ruba.<\/p>\n","protected":false},"featured_media":32330,"template":"","meta":{"kt_blocks_editor_width":"","_kad_post_transparent":"","_kad_post_title":"","_kad_post_layout":"","_kad_post_sidebar_id":"","_kad_post_content_style":"","_kad_post_vertical_padding":"","_kad_post_feature":"","_kad_post_feature_position":"","_kad_post_header":false,"_kad_post_footer":false,"spay_email":""},"product_cat":[77],"product_tag":[],"yoast_head":"<!-- This site is optimized with the Yoast SEO plugin v16.8 - https:\/\/yoast.com\/wordpress\/plugins\/seo\/ -->\n<title>Angelus dezodorans za obu\u0107u - Recreated<\/title>\n<meta name=\"robots\" content=\"index, follow, max-snippet:-1, max-image-preview:large, max-video-preview:-1\" \/>\n<link rel=\"canonical\" href=\"https:\/\/recreated.eu\/hr\/product\/angelus-deodorizer\/\" \/>\n<meta property=\"og:locale\" content=\"hr_HR\" \/>\n<meta property=\"og:type\" content=\"article\" \/>\n<meta property=\"og:title\" content=\"Angelus dezodorans za obu\u0107u - Recreated\" \/>\n<meta property=\"og:description\" content=\"Angelus set kistova za detalje sadr\u017ei 5 najboljih Angelus Micro Detail kistova. To Vam omogu\u0107uje detaljno nano\u0161enje Angelus boje za ko\u017eu i sprje\u010davanje pogre\u0161aka ili bojanja izvan ruba.\" \/>\n<meta property=\"og:url\" content=\"https:\/\/recreated.eu\/hr\/product\/angelus-deodorizer\/\" \/>\n<meta property=\"og:site_name\" content=\"Recreated\" \/>\n<meta property=\"article:publisher\" content=\"https:\/\/www.facebook.com\/recreated.eu\/\" \/>\n<meta property=\"article:modified_time\" content=\"2023-09-25T13:12:17+00:00\" \/>\n<meta property=\"og:image\" content=\"https:\/\/recreated.eu\/wp-content\/uploads\/2023\/03\/875-deodorizer_1.png\" \/>\n\t<meta property=\"og:image:width\" content=\"700\" \/>\n\t<meta property=\"og:image:height\" content=\"700\" \/>\n<meta name=\"twitter:card\" content=\"summary_large_image\" \/>\n<script type=\"application\/ld+json\" class=\"yoast-schema-graph\">{\"@context\":\"https:\/\/schema.org\",\"@graph\":[{\"@type\":\"Organization\",\"@id\":\"https:\/\/recreated.eu\/hr\/#organization\",\"name\":\"Recreated\",\"url\":\"https:\/\/recreated.eu\/hr\/\",\"sameAs\":[\"https:\/\/www.facebook.com\/recreated.eu\/\",\"https:\/\/www.instagram.com\/recreated.eu\/\"],\"logo\":{\"@type\":\"ImageObject\",\"@id\":\"https:\/\/recreated.eu\/hr\/#logo\",\"inLanguage\":\"hr\",\"url\":\"\",\"contentUrl\":\"\",\"caption\":\"Recreated\"},\"image\":{\"@id\":\"https:\/\/recreated.eu\/hr\/#logo\"}},{\"@type\":\"WebSite\",\"@id\":\"https:\/\/recreated.eu\/hr\/#website\",\"url\":\"https:\/\/recreated.eu\/hr\/\",\"name\":\"Recreated\",\"description\":\"\",\"publisher\":{\"@id\":\"https:\/\/recreated.eu\/hr\/#organization\"},\"potentialAction\":[{\"@type\":\"SearchAction\",\"target\":{\"@type\":\"EntryPoint\",\"urlTemplate\":\"https:\/\/recreated.eu\/hr\/?s={search_term_string}\"},\"query-input\":\"required name=search_term_string\"}],\"inLanguage\":\"hr\"},{\"@type\":\"ImageObject\",\"@id\":\"https:\/\/recreated.eu\/hr\/product\/angelus-deodorizer\/#primaryimage\",\"inLanguage\":\"hr\",\"url\":\"https:\/\/recreated.eu\/wp-content\/uploads\/2023\/03\/875-deodorizer_1.png\",\"contentUrl\":\"https:\/\/recreated.eu\/wp-content\/uploads\/2023\/03\/875-deodorizer_1.png\",\"width\":700,\"height\":700},{\"@type\":\"WebPage\",\"@id\":\"https:\/\/recreated.eu\/hr\/product\/angelus-deodorizer\/#webpage\",\"url\":\"https:\/\/recreated.eu\/hr\/product\/angelus-deodorizer\/\",\"name\":\"Angelus dezodorans za obu\\u0107u - Recreated\",\"isPartOf\":{\"@id\":\"https:\/\/recreated.eu\/hr\/#website\"},\"primaryImageOfPage\":{\"@id\":\"https:\/\/recreated.eu\/hr\/product\/angelus-deodorizer\/#primaryimage\"},\"datePublished\":\"2023-03-16T09:30:57+00:00\",\"dateModified\":\"2023-09-25T13:12:17+00:00\",\"breadcrumb\":{\"@id\":\"https:\/\/recreated.eu\/hr\/product\/angelus-deodorizer\/#breadcrumb\"},\"inLanguage\":\"hr\",\"potentialAction\":[{\"@type\":\"ReadAction\",\"target\":[\"https:\/\/recreated.eu\/hr\/product\/angelus-deodorizer\/\"]}]},{\"@type\":\"BreadcrumbList\",\"@id\":\"https:\/\/recreated.eu\/hr\/product\/angelus-deodorizer\/#breadcrumb\",\"itemListElement\":[{\"@type\":\"ListItem\",\"position\":1,\"name\":\"Po\\u010detna\",\"item\":\"https:\/\/recreated.eu\/hr\/\"},{\"@type\":\"ListItem\",\"position\":2,\"name\":\"Shop\",\"item\":\"https:\/\/recreated.eu\/hr\/shop\/\"},{\"@type\":\"ListItem\",\"position\":3,\"name\":\"Angelus dezodorans za obu\\u0107u\"}]}]}<\/script>\n<!-- \/ Yoast SEO plugin. -->","yoast_head_json":{"title":"Angelus dezodorans za obu\u0107u - Recreated","robots":{"index":"index","follow":"follow","max-snippet":"max-snippet:-1","max-image-preview":"max-image-preview:large","max-video-preview":"max-video-preview:-1"},"canonical":"https:\/\/recreated.eu\/hr\/product\/angelus-deodorizer\/","og_locale":"hr_HR","og_type":"article","og_title":"Angelus dezodorans za obu\u0107u - Recreated","og_description":"Angelus set kistova za detalje sadr\u017ei 5 najboljih Angelus Micro Detail kistova. To Vam omogu\u0107uje detaljno nano\u0161enje Angelus boje za ko\u017eu i sprje\u010davanje pogre\u0161aka ili bojanja izvan ruba.","og_url":"https:\/\/recreated.eu\/hr\/product\/angelus-deodorizer\/","og_site_name":"Recreated","article_publisher":"https:\/\/www.facebook.com\/recreated.eu\/","article_modified_time":"2023-09-25T13:12:17+00:00","og_image":[{"width":700,"height":700,"url":"https:\/\/recreated.eu\/wp-content\/uploads\/2023\/03\/875-deodorizer_1.png","path":"\/home\/recreate\/public_html\/wp-content\/uploads\/2023\/03\/875-deodorizer_1.png","size":"full","id":32330,"alt":"","pixels":490000,"type":"image\/png"}],"twitter_card":"summary_large_image","schema":{"@context":"https:\/\/schema.org","@graph":[{"@type":"Organization","@id":"https:\/\/recreated.eu\/hr\/#organization","name":"Recreated","url":"https:\/\/recreated.eu\/hr\/","sameAs":["https:\/\/www.facebook.com\/recreated.eu\/","https:\/\/www.instagram.com\/recreated.eu\/"],"logo":{"@type":"ImageObject","@id":"https:\/\/recreated.eu\/hr\/#logo","inLanguage":"hr","url":"","contentUrl":"","caption":"Recreated"},"image":{"@id":"https:\/\/recreated.eu\/hr\/#logo"}},{"@type":"WebSite","@id":"https:\/\/recreated.eu\/hr\/#website","url":"https:\/\/recreated.eu\/hr\/","name":"Recreated","description":"","publisher":{"@id":"https:\/\/recreated.eu\/hr\/#organization"},"potentialAction":[{"@type":"SearchAction","target":{"@type":"EntryPoint","urlTemplate":"https:\/\/recreated.eu\/hr\/?s={search_term_string}"},"query-input":"required name=search_term_string"}],"inLanguage":"hr"},{"@type":"ImageObject","@id":"https:\/\/recreated.eu\/hr\/product\/angelus-deodorizer\/#primaryimage","inLanguage":"hr","url":"https:\/\/recreated.eu\/wp-content\/uploads\/2023\/03\/875-deodorizer_1.png","contentUrl":"https:\/\/recreated.eu\/wp-content\/uploads\/2023\/03\/875-deodorizer_1.png","width":700,"height":700},{"@type":"WebPage","@id":"https:\/\/recreated.eu\/hr\/product\/angelus-deodorizer\/#webpage","url":"https:\/\/recreated.eu\/hr\/product\/angelus-deodorizer\/","name":"Angelus dezodorans za obu\u0107u - Recreated","isPartOf":{"@id":"https:\/\/recreated.eu\/hr\/#website"},"primaryImageOfPage":{"@id":"https:\/\/recreated.eu\/hr\/product\/angelus-deodorizer\/#primaryimage"},"datePublished":"2023-03-16T09:30:57+00:00","dateModified":"2023-09-25T13:12:17+00:00","breadcrumb":{"@id":"https:\/\/recreated.eu\/hr\/product\/angelus-deodorizer\/#breadcrumb"},"inLanguage":"hr","potentialAction":[{"@type":"ReadAction","target":["https:\/\/recreated.eu\/hr\/product\/angelus-deodorizer\/"]}]},{"@type":"BreadcrumbList","@id":"https:\/\/recreated.eu\/hr\/product\/angelus-deodorizer\/#breadcrumb","itemListElement":[{"@type":"ListItem","position":1,"name":"Po\u010detna","item":"https:\/\/recreated.eu\/hr\/"},{"@type":"ListItem","position":2,"name":"Shop","item":"https:\/\/recreated.eu\/hr\/shop\/"},{"@type":"ListItem","position":3,"name":"Angelus dezodorans za obu\u0107u"}]}]}},"_links":{"self":[{"href":"https:\/\/recreated.eu\/hr\/wp-json\/wp\/v2\/product\/32327"}],"collection":[{"href":"https:\/\/recreated.eu\/hr\/wp-json\/wp\/v2\/product"}],"about":[{"href":"https:\/\/recreated.eu\/hr\/wp-json\/wp\/v2\/types\/product"}],"wp:featuredmedia":[{"embeddable":true,"href":"https:\/\/recreated.eu\/hr\/wp-json\/wp\/v2\/media\/32330"}],"wp:attachment":[{"href":"https:\/\/recreated.eu\/hr\/wp-json\/wp\/v2\/media?parent=32327"}],"wp:term":[{"taxonomy":"product_cat","embeddable":true,"href":"https:\/\/recreated.eu\/hr\/wp-json\/wp\/v2\/product_cat?post=32327"},{"taxonomy":"product_tag","embeddable":true,"href":"https:\/\/recreated.eu\/hr\/wp-json\/wp\/v2\/product_tag?post=32327"}],"curies":[{"name":"wp","href":"https:\/\/api.w.org\/{rel}","templated":true}]}}