{"id":32333,"date":"2023-03-16T10:48:51","date_gmt":"2023-03-16T09:48:52","guid":{"rendered":"https:\/\/recreated.eu\/?post_type=product&#038;p=32333"},"modified":"2024-03-27T11:31:48","modified_gmt":"2024-03-27T10:31:48","slug":"angelus-brush-cleaner","status":"publish","type":"product","link":"https:\/\/recreated.eu\/hr\/product\/angelus-brush-cleaner\/","title":{"rendered":"Angelus sredstvo za \u010di\u0161\u0107enje \u010detka i air brusha"},"content":{"rendered":"<p>Potpuno novi Angelus Brush Cleaner brzo i u\u010dinkovito \u010disti akrilne boje s airbrusha, kistova i mnogih drugih umjetni\u010dkih alata!<\/p>\n<p>Ovo netoksi\u010dno sredstvo za \u010di\u0161\u0107enje sadr\u017ei regenerator koji \u010dini \u010dekinje mekima i podatnima.<\/p>\n<p>Da biste o\u010distili kistove, jednostavno namo\u010dite i protresite \u010dekinje. Namo\u010dite dijelove airbrusha u sredstvo za \u010di\u0161\u0107enje preko no\u0107i bez straha da \u0107ete o\u0161tetiti skupe komade.<\/p>\n<p>Dolazi u pakiranju od 8 oz. \/ Boca od 236 ml s poklopcem na zavrtanj za jednostavno to\u010denje.<\/p>\n","protected":false},"excerpt":{"rendered":"<p>Angelus set kistova za detalje sadr\u017ei 5 najboljih Angelus Micro Detail kistova. To Vam omogu\u0107uje detaljno nano\u0161enje Angelus boje za ko\u017eu i sprje\u010davanje pogre\u0161aka ili bojanja izvan ruba.<\/p>\n","protected":false},"featured_media":32335,"template":"","meta":{"kt_blocks_editor_width":"","_kad_post_transparent":"","_kad_post_title":"","_kad_post_layout":"","_kad_post_sidebar_id":"","_kad_post_content_style":"","_kad_post_vertical_padding":"","_kad_post_feature":"","_kad_post_feature_position":"","_kad_post_header":false,"_kad_post_footer":false,"spay_email":""},"product_cat":[77],"product_tag":[],"yoast_head":"<!-- This site is optimized with the Yoast SEO plugin v16.8 - https:\/\/yoast.com\/wordpress\/plugins\/seo\/ -->\n<title>Angelus sredstvo za \u010di\u0161\u0107enje \u010detka i air brusha - Recreated<\/title>\n<meta name=\"robots\" content=\"index, follow, max-snippet:-1, max-image-preview:large, max-video-preview:-1\" \/>\n<link rel=\"canonical\" href=\"https:\/\/recreated.eu\/hr\/product\/angelus-brush-cleaner\/\" \/>\n<meta property=\"og:locale\" content=\"hr_HR\" \/>\n<meta property=\"og:type\" content=\"article\" \/>\n<meta property=\"og:title\" content=\"Angelus sredstvo za \u010di\u0161\u0107enje \u010detka i air brusha - Recreated\" \/>\n<meta property=\"og:description\" content=\"Angelus set kistova za detalje sadr\u017ei 5 najboljih Angelus Micro Detail kistova. To Vam omogu\u0107uje detaljno nano\u0161enje Angelus boje za ko\u017eu i sprje\u010davanje pogre\u0161aka ili bojanja izvan ruba.\" \/>\n<meta property=\"og:url\" content=\"https:\/\/recreated.eu\/hr\/product\/angelus-brush-cleaner\/\" \/>\n<meta property=\"og:site_name\" content=\"Recreated\" \/>\n<meta property=\"article:publisher\" content=\"https:\/\/www.facebook.com\/recreated.eu\/\" \/>\n<meta property=\"article:modified_time\" content=\"2024-03-27T10:31:48+00:00\" \/>\n<meta property=\"og:image\" content=\"https:\/\/recreated.eu\/wp-content\/uploads\/2023\/03\/10121.jpg\" \/>\n\t<meta property=\"og:image:width\" content=\"2000\" \/>\n\t<meta property=\"og:image:height\" content=\"2000\" \/>\n<meta name=\"twitter:card\" content=\"summary_large_image\" \/>\n<script type=\"application\/ld+json\" class=\"yoast-schema-graph\">{\"@context\":\"https:\/\/schema.org\",\"@graph\":[{\"@type\":\"Organization\",\"@id\":\"https:\/\/recreated.eu\/hr\/#organization\",\"name\":\"Recreated\",\"url\":\"https:\/\/recreated.eu\/hr\/\",\"sameAs\":[\"https:\/\/www.facebook.com\/recreated.eu\/\",\"https:\/\/www.instagram.com\/recreated.eu\/\"],\"logo\":{\"@type\":\"ImageObject\",\"@id\":\"https:\/\/recreated.eu\/hr\/#logo\",\"inLanguage\":\"hr\",\"url\":\"\",\"contentUrl\":\"\",\"caption\":\"Recreated\"},\"image\":{\"@id\":\"https:\/\/recreated.eu\/hr\/#logo\"}},{\"@type\":\"WebSite\",\"@id\":\"https:\/\/recreated.eu\/hr\/#website\",\"url\":\"https:\/\/recreated.eu\/hr\/\",\"name\":\"Recreated\",\"description\":\"\",\"publisher\":{\"@id\":\"https:\/\/recreated.eu\/hr\/#organization\"},\"potentialAction\":[{\"@type\":\"SearchAction\",\"target\":{\"@type\":\"EntryPoint\",\"urlTemplate\":\"https:\/\/recreated.eu\/hr\/?s={search_term_string}\"},\"query-input\":\"required name=search_term_string\"}],\"inLanguage\":\"hr\"},{\"@type\":\"ImageObject\",\"@id\":\"https:\/\/recreated.eu\/hr\/product\/angelus-brush-cleaner\/#primaryimage\",\"inLanguage\":\"hr\",\"url\":\"https:\/\/recreated.eu\/wp-content\/uploads\/2023\/03\/10121.jpg\",\"contentUrl\":\"https:\/\/recreated.eu\/wp-content\/uploads\/2023\/03\/10121.jpg\",\"width\":2000,\"height\":2000},{\"@type\":\"WebPage\",\"@id\":\"https:\/\/recreated.eu\/hr\/product\/angelus-brush-cleaner\/#webpage\",\"url\":\"https:\/\/recreated.eu\/hr\/product\/angelus-brush-cleaner\/\",\"name\":\"Angelus sredstvo za \\u010di\\u0161\\u0107enje \\u010detka i air brusha - Recreated\",\"isPartOf\":{\"@id\":\"https:\/\/recreated.eu\/hr\/#website\"},\"primaryImageOfPage\":{\"@id\":\"https:\/\/recreated.eu\/hr\/product\/angelus-brush-cleaner\/#primaryimage\"},\"datePublished\":\"2023-03-16T09:48:52+00:00\",\"dateModified\":\"2024-03-27T10:31:48+00:00\",\"breadcrumb\":{\"@id\":\"https:\/\/recreated.eu\/hr\/product\/angelus-brush-cleaner\/#breadcrumb\"},\"inLanguage\":\"hr\",\"potentialAction\":[{\"@type\":\"ReadAction\",\"target\":[\"https:\/\/recreated.eu\/hr\/product\/angelus-brush-cleaner\/\"]}]},{\"@type\":\"BreadcrumbList\",\"@id\":\"https:\/\/recreated.eu\/hr\/product\/angelus-brush-cleaner\/#breadcrumb\",\"itemListElement\":[{\"@type\":\"ListItem\",\"position\":1,\"name\":\"Po\\u010detna\",\"item\":\"https:\/\/recreated.eu\/hr\/\"},{\"@type\":\"ListItem\",\"position\":2,\"name\":\"Shop\",\"item\":\"https:\/\/recreated.eu\/hr\/shop\/\"},{\"@type\":\"ListItem\",\"position\":3,\"name\":\"Angelus sredstvo za \\u010di\\u0161\\u0107enje \\u010detka i air brusha\"}]}]}<\/script>\n<!-- \/ Yoast SEO plugin. -->","yoast_head_json":{"title":"Angelus sredstvo za \u010di\u0161\u0107enje \u010detka i air brusha - Recreated","robots":{"index":"index","follow":"follow","max-snippet":"max-snippet:-1","max-image-preview":"max-image-preview:large","max-video-preview":"max-video-preview:-1"},"canonical":"https:\/\/recreated.eu\/hr\/product\/angelus-brush-cleaner\/","og_locale":"hr_HR","og_type":"article","og_title":"Angelus sredstvo za \u010di\u0161\u0107enje \u010detka i air brusha - Recreated","og_description":"Angelus set kistova za detalje sadr\u017ei 5 najboljih Angelus Micro Detail kistova. To Vam omogu\u0107uje detaljno nano\u0161enje Angelus boje za ko\u017eu i sprje\u010davanje pogre\u0161aka ili bojanja izvan ruba.","og_url":"https:\/\/recreated.eu\/hr\/product\/angelus-brush-cleaner\/","og_site_name":"Recreated","article_publisher":"https:\/\/www.facebook.com\/recreated.eu\/","article_modified_time":"2024-03-27T10:31:48+00:00","og_image":[{"width":2000,"height":2000,"url":"https:\/\/recreated.eu\/wp-content\/uploads\/2023\/03\/10121.jpg","path":"\/home\/recreate\/public_html\/wp-content\/uploads\/2023\/03\/10121.jpg","size":"full","id":32335,"alt":"","pixels":4000000,"type":"image\/jpeg"}],"twitter_card":"summary_large_image","schema":{"@context":"https:\/\/schema.org","@graph":[{"@type":"Organization","@id":"https:\/\/recreated.eu\/hr\/#organization","name":"Recreated","url":"https:\/\/recreated.eu\/hr\/","sameAs":["https:\/\/www.facebook.com\/recreated.eu\/","https:\/\/www.instagram.com\/recreated.eu\/"],"logo":{"@type":"ImageObject","@id":"https:\/\/recreated.eu\/hr\/#logo","inLanguage":"hr","url":"","contentUrl":"","caption":"Recreated"},"image":{"@id":"https:\/\/recreated.eu\/hr\/#logo"}},{"@type":"WebSite","@id":"https:\/\/recreated.eu\/hr\/#website","url":"https:\/\/recreated.eu\/hr\/","name":"Recreated","description":"","publisher":{"@id":"https:\/\/recreated.eu\/hr\/#organization"},"potentialAction":[{"@type":"SearchAction","target":{"@type":"EntryPoint","urlTemplate":"https:\/\/recreated.eu\/hr\/?s={search_term_string}"},"query-input":"required name=search_term_string"}],"inLanguage":"hr"},{"@type":"ImageObject","@id":"https:\/\/recreated.eu\/hr\/product\/angelus-brush-cleaner\/#primaryimage","inLanguage":"hr","url":"https:\/\/recreated.eu\/wp-content\/uploads\/2023\/03\/10121.jpg","contentUrl":"https:\/\/recreated.eu\/wp-content\/uploads\/2023\/03\/10121.jpg","width":2000,"height":2000},{"@type":"WebPage","@id":"https:\/\/recreated.eu\/hr\/product\/angelus-brush-cleaner\/#webpage","url":"https:\/\/recreated.eu\/hr\/product\/angelus-brush-cleaner\/","name":"Angelus sredstvo za \u010di\u0161\u0107enje \u010detka i air brusha - Recreated","isPartOf":{"@id":"https:\/\/recreated.eu\/hr\/#website"},"primaryImageOfPage":{"@id":"https:\/\/recreated.eu\/hr\/product\/angelus-brush-cleaner\/#primaryimage"},"datePublished":"2023-03-16T09:48:52+00:00","dateModified":"2024-03-27T10:31:48+00:00","breadcrumb":{"@id":"https:\/\/recreated.eu\/hr\/product\/angelus-brush-cleaner\/#breadcrumb"},"inLanguage":"hr","potentialAction":[{"@type":"ReadAction","target":["https:\/\/recreated.eu\/hr\/product\/angelus-brush-cleaner\/"]}]},{"@type":"BreadcrumbList","@id":"https:\/\/recreated.eu\/hr\/product\/angelus-brush-cleaner\/#breadcrumb","itemListElement":[{"@type":"ListItem","position":1,"name":"Po\u010detna","item":"https:\/\/recreated.eu\/hr\/"},{"@type":"ListItem","position":2,"name":"Shop","item":"https:\/\/recreated.eu\/hr\/shop\/"},{"@type":"ListItem","position":3,"name":"Angelus sredstvo za \u010di\u0161\u0107enje \u010detka i air brusha"}]}]}},"_links":{"self":[{"href":"https:\/\/recreated.eu\/hr\/wp-json\/wp\/v2\/product\/32333"}],"collection":[{"href":"https:\/\/recreated.eu\/hr\/wp-json\/wp\/v2\/product"}],"about":[{"href":"https:\/\/recreated.eu\/hr\/wp-json\/wp\/v2\/types\/product"}],"wp:featuredmedia":[{"embeddable":true,"href":"https:\/\/recreated.eu\/hr\/wp-json\/wp\/v2\/media\/32335"}],"wp:attachment":[{"href":"https:\/\/recreated.eu\/hr\/wp-json\/wp\/v2\/media?parent=32333"}],"wp:term":[{"taxonomy":"product_cat","embeddable":true,"href":"https:\/\/recreated.eu\/hr\/wp-json\/wp\/v2\/product_cat?post=32333"},{"taxonomy":"product_tag","embeddable":true,"href":"https:\/\/recreated.eu\/hr\/wp-json\/wp\/v2\/product_tag?post=32333"}],"curies":[{"name":"wp","href":"https:\/\/api.w.org\/{rel}","templated":true}]}}