{"id":3748,"date":"2021-05-07T15:39:34","date_gmt":"2021-06-02T14:37:23","guid":{"rendered":"https:\/\/recreated.eu\/?post_type=product&#038;p=3748"},"modified":"2023-02-08T17:11:39","modified_gmt":"2023-02-08T16:11:39","slug":"crvene-alexander-mcqueen-zamjenske-vezice","status":"publish","type":"product","link":"https:\/\/recreated.eu\/hr\/product\/crvene-alexander-mcqueen-zamjenske-vezice\/","title":{"rendered":"Crvene Alexander McQueen zamjenske vezice"},"content":{"rendered":"","protected":false},"excerpt":{"rendered":"<p><strong>Na\u0161e visokokvalitetne crvene ravne vezice \u0161iroke 15 mm<\/strong> iste su veli\u010dine\/stila kao kod Alexander McQueen tenisica i izvrsne su zamjenske vezice za istro\u0161ene ili prljave Alexander McQueen vezice. \u0160irine su 15 mm s plasti\u010dnim krajevima koji \u0161tite materijal od tro\u0161enja, a isporu\u010duju se u jednoj veli\u010dini, 120 cm.<\/p>\n<p>Na\u0161e 15 mm \u0161iroke vezice za tenisice izvrsno izgledaju u svim stilovima tenisica, \u010dizama ili cipela, a dolaze u razli\u010ditim bojama koje mo\u017eete odabrati: bijeloj, crnoj i crvenoj.<\/p>\n<p>Molimo provjerite duljinu vezica koje \u017eelite promijeniti kako biste bili sigurni da ste naru\u010dili pravu duljinu za svoju veli\u010dinu i vrstu obu\u0107e.<\/p>\n","protected":false},"featured_media":2129,"template":"","meta":{"kt_blocks_editor_width":"","_kad_post_transparent":"","_kad_post_title":"","_kad_post_layout":"","_kad_post_sidebar_id":"","_kad_post_content_style":"","_kad_post_vertical_padding":"","_kad_post_feature":"","_kad_post_feature_position":"","_kad_post_header":false,"_kad_post_footer":false,"spay_email":""},"product_cat":[57,56],"product_tag":[],"yoast_head":"<!-- This site is optimized with the Yoast SEO plugin v16.8 - https:\/\/yoast.com\/wordpress\/plugins\/seo\/ -->\n<title>Crvene Alexander McQueen zamjenske vezice - Recreated<\/title>\n<meta name=\"robots\" content=\"index, follow, max-snippet:-1, max-image-preview:large, max-video-preview:-1\" \/>\n<link rel=\"canonical\" href=\"https:\/\/recreated.eu\/hr\/product\/crvene-alexander-mcqueen-zamjenske-vezice\/\" \/>\n<meta property=\"og:locale\" content=\"hr_HR\" \/>\n<meta property=\"og:type\" content=\"article\" \/>\n<meta property=\"og:title\" content=\"Crvene Alexander McQueen zamjenske vezice - Recreated\" \/>\n<meta property=\"og:description\" content=\"Na\u0161e visokokvalitetne crvene ravne vezice \u0161iroke 15 mm iste su veli\u010dine\/stila kao kod Alexander McQueen tenisica i izvrsne su zamjenske vezice za istro\u0161ene ili prljave Alexander McQueen vezice. \u0160irine su 15 mm s plasti\u010dnim krajevima koji \u0161tite materijal od tro\u0161enja, a isporu\u010duju se u jednoj veli\u010dini, 120 cm. Na\u0161e 15 mm \u0161iroke vezice za tenisice izvrsno izgledaju u svim stilovima tenisica, \u010dizama ili cipela, a dolaze u razli\u010ditim bojama koje mo\u017eete odabrati: bijeloj, crnoj i crvenoj. Molimo provjerite duljinu vezica koje \u017eelite promijeniti kako biste bili sigurni da ste naru\u010dili pravu duljinu za svoju veli\u010dinu i vrstu obu\u0107e.\" \/>\n<meta property=\"og:url\" content=\"https:\/\/recreated.eu\/hr\/product\/crvene-alexander-mcqueen-zamjenske-vezice\/\" \/>\n<meta property=\"og:site_name\" content=\"Recreated\" \/>\n<meta property=\"article:publisher\" content=\"https:\/\/www.facebook.com\/recreated.eu\/\" \/>\n<meta property=\"article:modified_time\" content=\"2023-02-08T16:11:39+00:00\" \/>\n<meta property=\"og:image\" content=\"https:\/\/recreated.eu\/wp-content\/uploads\/2021\/05\/Red-Alexandre-Mcqueen-Shoelaces-final.jpg\" \/>\n\t<meta property=\"og:image:width\" content=\"1258\" \/>\n\t<meta property=\"og:image:height\" content=\"1267\" \/>\n<meta name=\"twitter:card\" content=\"summary_large_image\" \/>\n<script type=\"application\/ld+json\" class=\"yoast-schema-graph\">{\"@context\":\"https:\/\/schema.org\",\"@graph\":[{\"@type\":\"Organization\",\"@id\":\"https:\/\/recreated.eu\/hr\/#organization\",\"name\":\"Recreated\",\"url\":\"https:\/\/recreated.eu\/hr\/\",\"sameAs\":[\"https:\/\/www.facebook.com\/recreated.eu\/\",\"https:\/\/www.instagram.com\/recreated.eu\/\"],\"logo\":{\"@type\":\"ImageObject\",\"@id\":\"https:\/\/recreated.eu\/hr\/#logo\",\"inLanguage\":\"hr\",\"url\":\"\",\"contentUrl\":\"\",\"caption\":\"Recreated\"},\"image\":{\"@id\":\"https:\/\/recreated.eu\/hr\/#logo\"}},{\"@type\":\"WebSite\",\"@id\":\"https:\/\/recreated.eu\/hr\/#website\",\"url\":\"https:\/\/recreated.eu\/hr\/\",\"name\":\"Recreated\",\"description\":\"\",\"publisher\":{\"@id\":\"https:\/\/recreated.eu\/hr\/#organization\"},\"potentialAction\":[{\"@type\":\"SearchAction\",\"target\":{\"@type\":\"EntryPoint\",\"urlTemplate\":\"https:\/\/recreated.eu\/hr\/?s={search_term_string}\"},\"query-input\":\"required name=search_term_string\"}],\"inLanguage\":\"hr\"},{\"@type\":\"ImageObject\",\"@id\":\"https:\/\/recreated.eu\/hr\/product\/crvene-alexander-mcqueen-zamjenske-vezice\/#primaryimage\",\"inLanguage\":\"hr\",\"url\":\"https:\/\/recreated.eu\/wp-content\/uploads\/2021\/05\/Red-Alexandre-Mcqueen-Shoelaces-final.jpg\",\"contentUrl\":\"https:\/\/recreated.eu\/wp-content\/uploads\/2021\/05\/Red-Alexandre-Mcqueen-Shoelaces-final.jpg\",\"width\":1258,\"height\":1267},{\"@type\":\"WebPage\",\"@id\":\"https:\/\/recreated.eu\/hr\/product\/crvene-alexander-mcqueen-zamjenske-vezice\/#webpage\",\"url\":\"https:\/\/recreated.eu\/hr\/product\/crvene-alexander-mcqueen-zamjenske-vezice\/\",\"name\":\"Crvene Alexander McQueen zamjenske vezice - Recreated\",\"isPartOf\":{\"@id\":\"https:\/\/recreated.eu\/hr\/#website\"},\"primaryImageOfPage\":{\"@id\":\"https:\/\/recreated.eu\/hr\/product\/crvene-alexander-mcqueen-zamjenske-vezice\/#primaryimage\"},\"datePublished\":\"2021-06-02T14:37:23+00:00\",\"dateModified\":\"2023-02-08T16:11:39+00:00\",\"breadcrumb\":{\"@id\":\"https:\/\/recreated.eu\/hr\/product\/crvene-alexander-mcqueen-zamjenske-vezice\/#breadcrumb\"},\"inLanguage\":\"hr\",\"potentialAction\":[{\"@type\":\"ReadAction\",\"target\":[\"https:\/\/recreated.eu\/hr\/product\/crvene-alexander-mcqueen-zamjenske-vezice\/\"]}]},{\"@type\":\"BreadcrumbList\",\"@id\":\"https:\/\/recreated.eu\/hr\/product\/crvene-alexander-mcqueen-zamjenske-vezice\/#breadcrumb\",\"itemListElement\":[{\"@type\":\"ListItem\",\"position\":1,\"name\":\"Po\\u010detna\",\"item\":\"https:\/\/recreated.eu\/hr\/\"},{\"@type\":\"ListItem\",\"position\":2,\"name\":\"Shop\",\"item\":\"https:\/\/recreated.eu\/hr\/shop\/\"},{\"@type\":\"ListItem\",\"position\":3,\"name\":\"Crvene Alexander McQueen zamjenske vezice\"}]}]}<\/script>\n<!-- \/ Yoast SEO plugin. -->","yoast_head_json":{"title":"Crvene Alexander McQueen zamjenske vezice - Recreated","robots":{"index":"index","follow":"follow","max-snippet":"max-snippet:-1","max-image-preview":"max-image-preview:large","max-video-preview":"max-video-preview:-1"},"canonical":"https:\/\/recreated.eu\/hr\/product\/crvene-alexander-mcqueen-zamjenske-vezice\/","og_locale":"hr_HR","og_type":"article","og_title":"Crvene Alexander McQueen zamjenske vezice - Recreated","og_description":"Na\u0161e visokokvalitetne crvene ravne vezice \u0161iroke 15 mm iste su veli\u010dine\/stila kao kod Alexander McQueen tenisica i izvrsne su zamjenske vezice za istro\u0161ene ili prljave Alexander McQueen vezice. \u0160irine su 15 mm s plasti\u010dnim krajevima koji \u0161tite materijal od tro\u0161enja, a isporu\u010duju se u jednoj veli\u010dini, 120 cm. Na\u0161e 15 mm \u0161iroke vezice za tenisice izvrsno izgledaju u svim stilovima tenisica, \u010dizama ili cipela, a dolaze u razli\u010ditim bojama koje mo\u017eete odabrati: bijeloj, crnoj i crvenoj. Molimo provjerite duljinu vezica koje \u017eelite promijeniti kako biste bili sigurni da ste naru\u010dili pravu duljinu za svoju veli\u010dinu i vrstu obu\u0107e.","og_url":"https:\/\/recreated.eu\/hr\/product\/crvene-alexander-mcqueen-zamjenske-vezice\/","og_site_name":"Recreated","article_publisher":"https:\/\/www.facebook.com\/recreated.eu\/","article_modified_time":"2023-02-08T16:11:39+00:00","og_image":[{"width":1258,"height":1267,"url":"https:\/\/recreated.eu\/wp-content\/uploads\/2021\/05\/Red-Alexandre-Mcqueen-Shoelaces-final.jpg","path":"\/home\/recreate\/public_html\/wp-content\/uploads\/2021\/05\/Red-Alexandre-Mcqueen-Shoelaces-final.jpg","size":"full","id":2129,"alt":"","pixels":1593886,"type":"image\/jpeg"}],"twitter_card":"summary_large_image","schema":{"@context":"https:\/\/schema.org","@graph":[{"@type":"Organization","@id":"https:\/\/recreated.eu\/hr\/#organization","name":"Recreated","url":"https:\/\/recreated.eu\/hr\/","sameAs":["https:\/\/www.facebook.com\/recreated.eu\/","https:\/\/www.instagram.com\/recreated.eu\/"],"logo":{"@type":"ImageObject","@id":"https:\/\/recreated.eu\/hr\/#logo","inLanguage":"hr","url":"","contentUrl":"","caption":"Recreated"},"image":{"@id":"https:\/\/recreated.eu\/hr\/#logo"}},{"@type":"WebSite","@id":"https:\/\/recreated.eu\/hr\/#website","url":"https:\/\/recreated.eu\/hr\/","name":"Recreated","description":"","publisher":{"@id":"https:\/\/recreated.eu\/hr\/#organization"},"potentialAction":[{"@type":"SearchAction","target":{"@type":"EntryPoint","urlTemplate":"https:\/\/recreated.eu\/hr\/?s={search_term_string}"},"query-input":"required name=search_term_string"}],"inLanguage":"hr"},{"@type":"ImageObject","@id":"https:\/\/recreated.eu\/hr\/product\/crvene-alexander-mcqueen-zamjenske-vezice\/#primaryimage","inLanguage":"hr","url":"https:\/\/recreated.eu\/wp-content\/uploads\/2021\/05\/Red-Alexandre-Mcqueen-Shoelaces-final.jpg","contentUrl":"https:\/\/recreated.eu\/wp-content\/uploads\/2021\/05\/Red-Alexandre-Mcqueen-Shoelaces-final.jpg","width":1258,"height":1267},{"@type":"WebPage","@id":"https:\/\/recreated.eu\/hr\/product\/crvene-alexander-mcqueen-zamjenske-vezice\/#webpage","url":"https:\/\/recreated.eu\/hr\/product\/crvene-alexander-mcqueen-zamjenske-vezice\/","name":"Crvene Alexander McQueen zamjenske vezice - Recreated","isPartOf":{"@id":"https:\/\/recreated.eu\/hr\/#website"},"primaryImageOfPage":{"@id":"https:\/\/recreated.eu\/hr\/product\/crvene-alexander-mcqueen-zamjenske-vezice\/#primaryimage"},"datePublished":"2021-06-02T14:37:23+00:00","dateModified":"2023-02-08T16:11:39+00:00","breadcrumb":{"@id":"https:\/\/recreated.eu\/hr\/product\/crvene-alexander-mcqueen-zamjenske-vezice\/#breadcrumb"},"inLanguage":"hr","potentialAction":[{"@type":"ReadAction","target":["https:\/\/recreated.eu\/hr\/product\/crvene-alexander-mcqueen-zamjenske-vezice\/"]}]},{"@type":"BreadcrumbList","@id":"https:\/\/recreated.eu\/hr\/product\/crvene-alexander-mcqueen-zamjenske-vezice\/#breadcrumb","itemListElement":[{"@type":"ListItem","position":1,"name":"Po\u010detna","item":"https:\/\/recreated.eu\/hr\/"},{"@type":"ListItem","position":2,"name":"Shop","item":"https:\/\/recreated.eu\/hr\/shop\/"},{"@type":"ListItem","position":3,"name":"Crvene Alexander McQueen zamjenske vezice"}]}]}},"_links":{"self":[{"href":"https:\/\/recreated.eu\/hr\/wp-json\/wp\/v2\/product\/3748"}],"collection":[{"href":"https:\/\/recreated.eu\/hr\/wp-json\/wp\/v2\/product"}],"about":[{"href":"https:\/\/recreated.eu\/hr\/wp-json\/wp\/v2\/types\/product"}],"wp:featuredmedia":[{"embeddable":true,"href":"https:\/\/recreated.eu\/hr\/wp-json\/wp\/v2\/media\/2129"}],"wp:attachment":[{"href":"https:\/\/recreated.eu\/hr\/wp-json\/wp\/v2\/media?parent=3748"}],"wp:term":[{"taxonomy":"product_cat","embeddable":true,"href":"https:\/\/recreated.eu\/hr\/wp-json\/wp\/v2\/product_cat?post=3748"},{"taxonomy":"product_tag","embeddable":true,"href":"https:\/\/recreated.eu\/hr\/wp-json\/wp\/v2\/product_tag?post=3748"}],"curies":[{"name":"wp","href":"https:\/\/api.w.org\/{rel}","templated":true}]}}