{"id":3779,"date":"2021-05-08T12:44:53","date_gmt":"2021-06-02T14:37:10","guid":{"rendered":"https:\/\/recreated.eu\/?post_type=product&#038;p=3779"},"modified":"2025-02-21T16:04:54","modified_gmt":"2025-02-21T15:04:54","slug":"ravne-vezice-s-uzorkom-snjezni-leopard","status":"publish","type":"product","link":"https:\/\/recreated.eu\/hr\/product\/ravne-vezice-s-uzorkom-snjezni-leopard\/","title":{"rendered":"Ravne vezice s uzorkom snje\u017eni leopard"},"content":{"rendered":"<p>Ako \u017eelite pru\u017eiti novi izgled svojoj obu\u0107i, onda su kvalitetne ravne vezice najbr\u017ei i najlak\u0161i na\u010din da promijenite njihov izgled. Uskladite svoju obu\u0107u s bilo kojim outfitom za bilo koju prigodu uz na\u0161 veliki asortiman vezica. Na\u0161e ravne vezice savr\u0161en su dodatak za svakodnevni, sportski ili blagdanski outfit, ili outfit za tr\u010danje ili vje\u017ebanje, kako biste stvorili svoj vlastiti jedinstveni stil. Ako samo \u017eelite obnoviti svoju obu\u0107u, novi par vezica je najbolji prvi korak.<\/p>\n","protected":false},"excerpt":{"rendered":"<p><strong>Na\u0161e visokokvalitetne ravne vezice s uzorkom snje\u017eni leopard<\/strong> su pribli\u017eno 8 mm \u0161iroke s plasti\u010dnim krajevima kako bi se materijal za\u0161titio od tro\u0161enja. Ravne vezice s uzorkom snje\u017eni leopard dolaze u jednoj veli\u010dini, 120 cm. Zamjenske vezice za obu\u0107u koje pokrivaju sve stilove tenisica, \u010dizmi ili cipela.<\/p>\n<p>Molimo provjerite duljinu vezica koje \u017eelite promijeniti kako biste bili sigurni da ste naru\u010dili pravu duljinu za svoju veli\u010dinu i vrstu obu\u0107e.<\/p>\n","protected":false},"featured_media":2229,"template":"","meta":{"kt_blocks_editor_width":"","_kad_post_transparent":"","_kad_post_title":"","_kad_post_layout":"","_kad_post_sidebar_id":"","_kad_post_content_style":"","_kad_post_vertical_padding":"","_kad_post_feature":"","_kad_post_feature_position":"","_kad_post_header":false,"_kad_post_footer":false,"spay_email":""},"product_cat":[90,56],"product_tag":[],"yoast_head":"<!-- This site is optimized with the Yoast SEO plugin v16.8 - https:\/\/yoast.com\/wordpress\/plugins\/seo\/ -->\n<title>Ravne vezice s uzorkom snje\u017eni leopard - Recreated<\/title>\n<meta name=\"robots\" content=\"index, follow, max-snippet:-1, max-image-preview:large, max-video-preview:-1\" \/>\n<link rel=\"canonical\" href=\"https:\/\/recreated.eu\/hr\/product\/ravne-vezice-s-uzorkom-snjezni-leopard\/\" \/>\n<meta property=\"og:locale\" content=\"hr_HR\" \/>\n<meta property=\"og:type\" content=\"article\" \/>\n<meta property=\"og:title\" content=\"Ravne vezice s uzorkom snje\u017eni leopard - Recreated\" \/>\n<meta property=\"og:description\" content=\"Na\u0161e visokokvalitetne ravne vezice s uzorkom snje\u017eni leopard su pribli\u017eno 8 mm \u0161iroke s plasti\u010dnim krajevima kako bi se materijal za\u0161titio od tro\u0161enja. Ravne vezice s uzorkom snje\u017eni leopard dolaze u jednoj veli\u010dini, 120 cm. Zamjenske vezice za obu\u0107u koje pokrivaju sve stilove tenisica, \u010dizmi ili cipela. Molimo provjerite duljinu vezica koje \u017eelite promijeniti kako biste bili sigurni da ste naru\u010dili pravu duljinu za svoju veli\u010dinu i vrstu obu\u0107e.\" \/>\n<meta property=\"og:url\" content=\"https:\/\/recreated.eu\/hr\/product\/ravne-vezice-s-uzorkom-snjezni-leopard\/\" \/>\n<meta property=\"og:site_name\" content=\"Recreated\" \/>\n<meta property=\"article:publisher\" content=\"https:\/\/www.facebook.com\/recreated.eu\/\" \/>\n<meta property=\"article:modified_time\" content=\"2025-02-21T15:04:54+00:00\" \/>\n<meta property=\"og:image\" content=\"https:\/\/recreated.eu\/wp-content\/uploads\/2021\/05\/Leopard-Pring-Snow-Shoelaces.jpg\" \/>\n\t<meta property=\"og:image:width\" content=\"1258\" \/>\n\t<meta property=\"og:image:height\" content=\"1267\" \/>\n<meta name=\"twitter:card\" content=\"summary_large_image\" \/>\n<script type=\"application\/ld+json\" class=\"yoast-schema-graph\">{\"@context\":\"https:\/\/schema.org\",\"@graph\":[{\"@type\":\"Organization\",\"@id\":\"https:\/\/recreated.eu\/hr\/#organization\",\"name\":\"Recreated\",\"url\":\"https:\/\/recreated.eu\/hr\/\",\"sameAs\":[\"https:\/\/www.facebook.com\/recreated.eu\/\",\"https:\/\/www.instagram.com\/recreated.eu\/\"],\"logo\":{\"@type\":\"ImageObject\",\"@id\":\"https:\/\/recreated.eu\/hr\/#logo\",\"inLanguage\":\"hr\",\"url\":\"\",\"contentUrl\":\"\",\"caption\":\"Recreated\"},\"image\":{\"@id\":\"https:\/\/recreated.eu\/hr\/#logo\"}},{\"@type\":\"WebSite\",\"@id\":\"https:\/\/recreated.eu\/hr\/#website\",\"url\":\"https:\/\/recreated.eu\/hr\/\",\"name\":\"Recreated\",\"description\":\"\",\"publisher\":{\"@id\":\"https:\/\/recreated.eu\/hr\/#organization\"},\"potentialAction\":[{\"@type\":\"SearchAction\",\"target\":{\"@type\":\"EntryPoint\",\"urlTemplate\":\"https:\/\/recreated.eu\/hr\/?s={search_term_string}\"},\"query-input\":\"required name=search_term_string\"}],\"inLanguage\":\"hr\"},{\"@type\":\"ImageObject\",\"@id\":\"https:\/\/recreated.eu\/hr\/product\/ravne-vezice-s-uzorkom-snjezni-leopard\/#primaryimage\",\"inLanguage\":\"hr\",\"url\":\"https:\/\/recreated.eu\/wp-content\/uploads\/2021\/05\/Leopard-Pring-Snow-Shoelaces.jpg\",\"contentUrl\":\"https:\/\/recreated.eu\/wp-content\/uploads\/2021\/05\/Leopard-Pring-Snow-Shoelaces.jpg\",\"width\":1258,\"height\":1267},{\"@type\":\"WebPage\",\"@id\":\"https:\/\/recreated.eu\/hr\/product\/ravne-vezice-s-uzorkom-snjezni-leopard\/#webpage\",\"url\":\"https:\/\/recreated.eu\/hr\/product\/ravne-vezice-s-uzorkom-snjezni-leopard\/\",\"name\":\"Ravne vezice s uzorkom snje\\u017eni leopard - Recreated\",\"isPartOf\":{\"@id\":\"https:\/\/recreated.eu\/hr\/#website\"},\"primaryImageOfPage\":{\"@id\":\"https:\/\/recreated.eu\/hr\/product\/ravne-vezice-s-uzorkom-snjezni-leopard\/#primaryimage\"},\"datePublished\":\"2021-06-02T14:37:10+00:00\",\"dateModified\":\"2025-02-21T15:04:54+00:00\",\"breadcrumb\":{\"@id\":\"https:\/\/recreated.eu\/hr\/product\/ravne-vezice-s-uzorkom-snjezni-leopard\/#breadcrumb\"},\"inLanguage\":\"hr\",\"potentialAction\":[{\"@type\":\"ReadAction\",\"target\":[\"https:\/\/recreated.eu\/hr\/product\/ravne-vezice-s-uzorkom-snjezni-leopard\/\"]}]},{\"@type\":\"BreadcrumbList\",\"@id\":\"https:\/\/recreated.eu\/hr\/product\/ravne-vezice-s-uzorkom-snjezni-leopard\/#breadcrumb\",\"itemListElement\":[{\"@type\":\"ListItem\",\"position\":1,\"name\":\"Po\\u010detna\",\"item\":\"https:\/\/recreated.eu\/hr\/\"},{\"@type\":\"ListItem\",\"position\":2,\"name\":\"Shop\",\"item\":\"https:\/\/recreated.eu\/hr\/shop\/\"},{\"@type\":\"ListItem\",\"position\":3,\"name\":\"Ravne vezice s uzorkom snje\\u017eni leopard\"}]}]}<\/script>\n<!-- \/ Yoast SEO plugin. -->","yoast_head_json":{"title":"Ravne vezice s uzorkom snje\u017eni leopard - Recreated","robots":{"index":"index","follow":"follow","max-snippet":"max-snippet:-1","max-image-preview":"max-image-preview:large","max-video-preview":"max-video-preview:-1"},"canonical":"https:\/\/recreated.eu\/hr\/product\/ravne-vezice-s-uzorkom-snjezni-leopard\/","og_locale":"hr_HR","og_type":"article","og_title":"Ravne vezice s uzorkom snje\u017eni leopard - Recreated","og_description":"Na\u0161e visokokvalitetne ravne vezice s uzorkom snje\u017eni leopard su pribli\u017eno 8 mm \u0161iroke s plasti\u010dnim krajevima kako bi se materijal za\u0161titio od tro\u0161enja. Ravne vezice s uzorkom snje\u017eni leopard dolaze u jednoj veli\u010dini, 120 cm. Zamjenske vezice za obu\u0107u koje pokrivaju sve stilove tenisica, \u010dizmi ili cipela. Molimo provjerite duljinu vezica koje \u017eelite promijeniti kako biste bili sigurni da ste naru\u010dili pravu duljinu za svoju veli\u010dinu i vrstu obu\u0107e.","og_url":"https:\/\/recreated.eu\/hr\/product\/ravne-vezice-s-uzorkom-snjezni-leopard\/","og_site_name":"Recreated","article_publisher":"https:\/\/www.facebook.com\/recreated.eu\/","article_modified_time":"2025-02-21T15:04:54+00:00","og_image":[{"width":1258,"height":1267,"url":"https:\/\/recreated.eu\/wp-content\/uploads\/2021\/05\/Leopard-Pring-Snow-Shoelaces.jpg","path":"\/home\/recreate\/public_html\/wp-content\/uploads\/2021\/05\/Leopard-Pring-Snow-Shoelaces.jpg","size":"full","id":2229,"alt":"","pixels":1593886,"type":"image\/jpeg"}],"twitter_card":"summary_large_image","schema":{"@context":"https:\/\/schema.org","@graph":[{"@type":"Organization","@id":"https:\/\/recreated.eu\/hr\/#organization","name":"Recreated","url":"https:\/\/recreated.eu\/hr\/","sameAs":["https:\/\/www.facebook.com\/recreated.eu\/","https:\/\/www.instagram.com\/recreated.eu\/"],"logo":{"@type":"ImageObject","@id":"https:\/\/recreated.eu\/hr\/#logo","inLanguage":"hr","url":"","contentUrl":"","caption":"Recreated"},"image":{"@id":"https:\/\/recreated.eu\/hr\/#logo"}},{"@type":"WebSite","@id":"https:\/\/recreated.eu\/hr\/#website","url":"https:\/\/recreated.eu\/hr\/","name":"Recreated","description":"","publisher":{"@id":"https:\/\/recreated.eu\/hr\/#organization"},"potentialAction":[{"@type":"SearchAction","target":{"@type":"EntryPoint","urlTemplate":"https:\/\/recreated.eu\/hr\/?s={search_term_string}"},"query-input":"required name=search_term_string"}],"inLanguage":"hr"},{"@type":"ImageObject","@id":"https:\/\/recreated.eu\/hr\/product\/ravne-vezice-s-uzorkom-snjezni-leopard\/#primaryimage","inLanguage":"hr","url":"https:\/\/recreated.eu\/wp-content\/uploads\/2021\/05\/Leopard-Pring-Snow-Shoelaces.jpg","contentUrl":"https:\/\/recreated.eu\/wp-content\/uploads\/2021\/05\/Leopard-Pring-Snow-Shoelaces.jpg","width":1258,"height":1267},{"@type":"WebPage","@id":"https:\/\/recreated.eu\/hr\/product\/ravne-vezice-s-uzorkom-snjezni-leopard\/#webpage","url":"https:\/\/recreated.eu\/hr\/product\/ravne-vezice-s-uzorkom-snjezni-leopard\/","name":"Ravne vezice s uzorkom snje\u017eni leopard - Recreated","isPartOf":{"@id":"https:\/\/recreated.eu\/hr\/#website"},"primaryImageOfPage":{"@id":"https:\/\/recreated.eu\/hr\/product\/ravne-vezice-s-uzorkom-snjezni-leopard\/#primaryimage"},"datePublished":"2021-06-02T14:37:10+00:00","dateModified":"2025-02-21T15:04:54+00:00","breadcrumb":{"@id":"https:\/\/recreated.eu\/hr\/product\/ravne-vezice-s-uzorkom-snjezni-leopard\/#breadcrumb"},"inLanguage":"hr","potentialAction":[{"@type":"ReadAction","target":["https:\/\/recreated.eu\/hr\/product\/ravne-vezice-s-uzorkom-snjezni-leopard\/"]}]},{"@type":"BreadcrumbList","@id":"https:\/\/recreated.eu\/hr\/product\/ravne-vezice-s-uzorkom-snjezni-leopard\/#breadcrumb","itemListElement":[{"@type":"ListItem","position":1,"name":"Po\u010detna","item":"https:\/\/recreated.eu\/hr\/"},{"@type":"ListItem","position":2,"name":"Shop","item":"https:\/\/recreated.eu\/hr\/shop\/"},{"@type":"ListItem","position":3,"name":"Ravne vezice s uzorkom snje\u017eni leopard"}]}]}},"_links":{"self":[{"href":"https:\/\/recreated.eu\/hr\/wp-json\/wp\/v2\/product\/3779"}],"collection":[{"href":"https:\/\/recreated.eu\/hr\/wp-json\/wp\/v2\/product"}],"about":[{"href":"https:\/\/recreated.eu\/hr\/wp-json\/wp\/v2\/types\/product"}],"wp:featuredmedia":[{"embeddable":true,"href":"https:\/\/recreated.eu\/hr\/wp-json\/wp\/v2\/media\/2229"}],"wp:attachment":[{"href":"https:\/\/recreated.eu\/hr\/wp-json\/wp\/v2\/media?parent=3779"}],"wp:term":[{"taxonomy":"product_cat","embeddable":true,"href":"https:\/\/recreated.eu\/hr\/wp-json\/wp\/v2\/product_cat?post=3779"},{"taxonomy":"product_tag","embeddable":true,"href":"https:\/\/recreated.eu\/hr\/wp-json\/wp\/v2\/product_tag?post=3779"}],"curies":[{"name":"wp","href":"https:\/\/api.w.org\/{rel}","templated":true}]}}