{"id":4507,"date":"2021-05-20T18:53:55","date_gmt":"2021-07-04T18:39:56","guid":{"rendered":"https:\/\/recreated.eu\/?post_type=product&#038;p=4507"},"modified":"2023-10-18T10:39:41","modified_gmt":"2023-10-18T08:39:41","slug":"angelus-purple-boja-za-kozu","status":"publish","type":"product","link":"https:\/\/recreated.eu\/hr\/product\/angelus-purple-boja-za-kozu\/","title":{"rendered":"Angelus Purple boja za ko\u017eu"},"content":{"rendered":"<p>Angelus akrilne boje za ko\u017eu gotovo nemaju mirisa i izvrsne su za bojanje obu\u0107e, remena, nov\u010danika, torbica, torbi, ko\u017enih jakni, ko\u017enih stolica, i jo\u0161 mnogo toga. One su najkvalitetnije i idealne za obradu rubova od glatke ko\u017ee i proizvoda od vinila. S na\u0161im akrilnim ko\u017enim bojama mogu\u0107e je \u010dak i prebojiti glatku ko\u017eu . Ova posebna boja za ko\u017eu jam\u010di optimalno prekrivanje. Angelus boja za ko\u017eu omogu\u0107uje da se dobije svijetlija boja proizvoda nego prije. Mo\u017eete mije\u0161ati koje god boje \u017eelite da biste stvorili svoju novu omiljenu boju. Na\u0161e akrilne boje zaista dokazuju svoju vrijednost izvrsnom neprozirno\u0161\u0107u, elasti\u010dne su, vodootporne i otporne na ogrebotine, stoga se vrlo lako odr\u017eavaju i lako se \u010diste.<\/p>\n<p><img loading=\"lazy\" class=\"alignnone size-medium wp-image-4292\" src=\"https:\/\/recreated.eu\/wp-content\/uploads\/2021\/05\/047-Purple-300x46.jpeg\" alt=\"\" width=\"300\" height=\"46\" srcset=\"https:\/\/recreated.eu\/wp-content\/uploads\/2021\/05\/047-Purple-300x46.jpeg 300w, https:\/\/recreated.eu\/wp-content\/uploads\/2021\/05\/047-Purple.jpeg 559w\" sizes=\"(max-width: 300px) 100vw, 300px\" \/><\/p>\n<h3>Upute za upotrebu Angelus boje za ko\u017eu:<\/h3>\n<ul>\n<li>Ko\u017eu prethodno obradite <a href=\"https:\/\/recreated.eu\/hr\/?post_type=product&#038;p=4686\">sredstvom za pripremu ko\u017ee<\/a> za dobro prianjanje.<\/li>\n<li>Bojajte tanke, ujedna\u010dene slojeve dok ne vidite ujedna\u010den i neproziran rezultat.<\/li>\n<li>Pri\u010dekajte 10-15 minuta prije nano\u0161enja novog sloja.<\/li>\n<li>Ostavite svoj ko\u017eni predmet da se su\u0161i 24 sata prije uporabe.<\/li>\n<li>Pomije\u0161ajte Angelus boju za ko\u017eu s drugim Angelus bojama.<\/li>\n<li>Koristite <a href=\"https:\/\/recreated.eu\/hr\/kategorije-proizvoda\/fisnisher-za-kozu\/\">finisher<\/a> za dodatnu za\u0161titu i zavr\u0161nu obradu (razina sjaja) po Va\u0161em ukusu.<\/li>\n<\/ul>\n<h3>Koliko Angelus boje za ko\u017eu trebam?<\/h3>\n<ul>\n<li>Za par cipela dovoljna je staklenka od 29,5 ml.<\/li>\n<li>Za stolac u blagovaonici dovoljna je staklenka od 118 ml.<\/li>\n<li>Za mali dvosjed dovoljna su 4 x 118 ml.<\/li>\n<li>Za prethodnu obradu i zavr\u0161nu obradu obi\u010dno je potrebno upola manje boje.<\/li>\n<\/ul>\n<p>Molimo Vas da prvo isprobate boju na neupadljivom mjestu kako biste testirali posti\u017ee li \u017eeljeni rezultat.<\/p>\n","protected":false},"excerpt":{"rendered":"<p>Angelus akrilne boje za ko\u017eu su fleksibilne i ne\u0107e pucati kad se pravilno pripreme i nanesu na ko\u017ene predmete. Jednom kad se potpuno osu\u0161i, Angelus Purple boja za ko\u017eu bit \u0107e potpuno vodootporna i mo\u017ee se mije\u0161ati u bezbroj custom boja!<\/p>\n","protected":false},"featured_media":2948,"template":"","meta":{"kt_blocks_editor_width":"","_kad_post_transparent":"","_kad_post_title":"","_kad_post_layout":"","_kad_post_sidebar_id":"","_kad_post_content_style":"","_kad_post_vertical_padding":"","_kad_post_feature":"","_kad_post_feature_position":"","_kad_post_header":false,"_kad_post_footer":false,"spay_email":""},"product_cat":[86],"product_tag":[],"yoast_head":"<!-- This site is optimized with the Yoast SEO plugin v16.8 - https:\/\/yoast.com\/wordpress\/plugins\/seo\/ -->\n<title>Angelus Purple boja za ko\u017eu - Recreated<\/title>\n<meta name=\"robots\" content=\"index, follow, max-snippet:-1, max-image-preview:large, max-video-preview:-1\" \/>\n<link rel=\"canonical\" href=\"https:\/\/recreated.eu\/hr\/product\/angelus-purple-boja-za-kozu\/\" \/>\n<meta property=\"og:locale\" content=\"hr_HR\" \/>\n<meta property=\"og:type\" content=\"article\" \/>\n<meta property=\"og:title\" content=\"Angelus Purple boja za ko\u017eu - Recreated\" \/>\n<meta property=\"og:description\" content=\"Angelus akrilne boje za ko\u017eu su fleksibilne i ne\u0107e pucati kad se pravilno pripreme i nanesu na ko\u017ene predmete. Jednom kad se potpuno osu\u0161i, Angelus Purple boja za ko\u017eu bit \u0107e potpuno vodootporna i mo\u017ee se mije\u0161ati u bezbroj custom boja!\" \/>\n<meta property=\"og:url\" content=\"https:\/\/recreated.eu\/hr\/product\/angelus-purple-boja-za-kozu\/\" \/>\n<meta property=\"og:site_name\" content=\"Recreated\" \/>\n<meta property=\"article:publisher\" content=\"https:\/\/www.facebook.com\/recreated.eu\/\" \/>\n<meta property=\"article:modified_time\" content=\"2023-10-18T08:39:41+00:00\" \/>\n<meta property=\"og:image\" content=\"https:\/\/recreated.eu\/wp-content\/uploads\/2021\/05\/angelus-lederfarbe-violett.jpeg\" \/>\n\t<meta property=\"og:image:width\" content=\"700\" \/>\n\t<meta property=\"og:image:height\" content=\"700\" \/>\n<meta name=\"twitter:card\" content=\"summary_large_image\" \/>\n<meta name=\"twitter:label1\" content=\"Procijenjeno vrijeme \u010ditanja\" \/>\n\t<meta name=\"twitter:data1\" content=\"1 minuta\" \/>\n<script type=\"application\/ld+json\" class=\"yoast-schema-graph\">{\"@context\":\"https:\/\/schema.org\",\"@graph\":[{\"@type\":\"Organization\",\"@id\":\"https:\/\/recreated.eu\/hr\/#organization\",\"name\":\"Recreated\",\"url\":\"https:\/\/recreated.eu\/hr\/\",\"sameAs\":[\"https:\/\/www.facebook.com\/recreated.eu\/\",\"https:\/\/www.instagram.com\/recreated.eu\/\"],\"logo\":{\"@type\":\"ImageObject\",\"@id\":\"https:\/\/recreated.eu\/hr\/#logo\",\"inLanguage\":\"hr\",\"url\":\"\",\"contentUrl\":\"\",\"caption\":\"Recreated\"},\"image\":{\"@id\":\"https:\/\/recreated.eu\/hr\/#logo\"}},{\"@type\":\"WebSite\",\"@id\":\"https:\/\/recreated.eu\/hr\/#website\",\"url\":\"https:\/\/recreated.eu\/hr\/\",\"name\":\"Recreated\",\"description\":\"\",\"publisher\":{\"@id\":\"https:\/\/recreated.eu\/hr\/#organization\"},\"potentialAction\":[{\"@type\":\"SearchAction\",\"target\":{\"@type\":\"EntryPoint\",\"urlTemplate\":\"https:\/\/recreated.eu\/hr\/?s={search_term_string}\"},\"query-input\":\"required name=search_term_string\"}],\"inLanguage\":\"hr\"},{\"@type\":\"ImageObject\",\"@id\":\"https:\/\/recreated.eu\/hr\/product\/angelus-purple-boja-za-kozu\/#primaryimage\",\"inLanguage\":\"hr\",\"url\":\"https:\/\/recreated.eu\/wp-content\/uploads\/2021\/05\/angelus-lederfarbe-violett.jpeg\",\"contentUrl\":\"https:\/\/recreated.eu\/wp-content\/uploads\/2021\/05\/angelus-lederfarbe-violett.jpeg\",\"width\":700,\"height\":700},{\"@type\":\"WebPage\",\"@id\":\"https:\/\/recreated.eu\/hr\/product\/angelus-purple-boja-za-kozu\/#webpage\",\"url\":\"https:\/\/recreated.eu\/hr\/product\/angelus-purple-boja-za-kozu\/\",\"name\":\"Angelus Purple boja za ko\\u017eu - Recreated\",\"isPartOf\":{\"@id\":\"https:\/\/recreated.eu\/hr\/#website\"},\"primaryImageOfPage\":{\"@id\":\"https:\/\/recreated.eu\/hr\/product\/angelus-purple-boja-za-kozu\/#primaryimage\"},\"datePublished\":\"2021-07-04T18:39:56+00:00\",\"dateModified\":\"2023-10-18T08:39:41+00:00\",\"breadcrumb\":{\"@id\":\"https:\/\/recreated.eu\/hr\/product\/angelus-purple-boja-za-kozu\/#breadcrumb\"},\"inLanguage\":\"hr\",\"potentialAction\":[{\"@type\":\"ReadAction\",\"target\":[\"https:\/\/recreated.eu\/hr\/product\/angelus-purple-boja-za-kozu\/\"]}]},{\"@type\":\"BreadcrumbList\",\"@id\":\"https:\/\/recreated.eu\/hr\/product\/angelus-purple-boja-za-kozu\/#breadcrumb\",\"itemListElement\":[{\"@type\":\"ListItem\",\"position\":1,\"name\":\"Po\\u010detna\",\"item\":\"https:\/\/recreated.eu\/hr\/\"},{\"@type\":\"ListItem\",\"position\":2,\"name\":\"Shop\",\"item\":\"https:\/\/recreated.eu\/hr\/shop\/\"},{\"@type\":\"ListItem\",\"position\":3,\"name\":\"Angelus Purple boja za ko\\u017eu\"}]}]}<\/script>\n<!-- \/ Yoast SEO plugin. -->","yoast_head_json":{"title":"Angelus Purple boja za ko\u017eu - Recreated","robots":{"index":"index","follow":"follow","max-snippet":"max-snippet:-1","max-image-preview":"max-image-preview:large","max-video-preview":"max-video-preview:-1"},"canonical":"https:\/\/recreated.eu\/hr\/product\/angelus-purple-boja-za-kozu\/","og_locale":"hr_HR","og_type":"article","og_title":"Angelus Purple boja za ko\u017eu - Recreated","og_description":"Angelus akrilne boje za ko\u017eu su fleksibilne i ne\u0107e pucati kad se pravilno pripreme i nanesu na ko\u017ene predmete. Jednom kad se potpuno osu\u0161i, Angelus Purple boja za ko\u017eu bit \u0107e potpuno vodootporna i mo\u017ee se mije\u0161ati u bezbroj custom boja!","og_url":"https:\/\/recreated.eu\/hr\/product\/angelus-purple-boja-za-kozu\/","og_site_name":"Recreated","article_publisher":"https:\/\/www.facebook.com\/recreated.eu\/","article_modified_time":"2023-10-18T08:39:41+00:00","og_image":[{"width":700,"height":700,"url":"https:\/\/recreated.eu\/wp-content\/uploads\/2021\/05\/angelus-lederfarbe-violett.jpeg","path":"\/home\/recreate\/public_html\/wp-content\/uploads\/2021\/05\/angelus-lederfarbe-violett.jpeg","size":"full","id":2948,"alt":"","pixels":490000,"type":"image\/jpeg"}],"twitter_card":"summary_large_image","twitter_misc":{"Procijenjeno vrijeme \u010ditanja":"1 minuta"},"schema":{"@context":"https:\/\/schema.org","@graph":[{"@type":"Organization","@id":"https:\/\/recreated.eu\/hr\/#organization","name":"Recreated","url":"https:\/\/recreated.eu\/hr\/","sameAs":["https:\/\/www.facebook.com\/recreated.eu\/","https:\/\/www.instagram.com\/recreated.eu\/"],"logo":{"@type":"ImageObject","@id":"https:\/\/recreated.eu\/hr\/#logo","inLanguage":"hr","url":"","contentUrl":"","caption":"Recreated"},"image":{"@id":"https:\/\/recreated.eu\/hr\/#logo"}},{"@type":"WebSite","@id":"https:\/\/recreated.eu\/hr\/#website","url":"https:\/\/recreated.eu\/hr\/","name":"Recreated","description":"","publisher":{"@id":"https:\/\/recreated.eu\/hr\/#organization"},"potentialAction":[{"@type":"SearchAction","target":{"@type":"EntryPoint","urlTemplate":"https:\/\/recreated.eu\/hr\/?s={search_term_string}"},"query-input":"required name=search_term_string"}],"inLanguage":"hr"},{"@type":"ImageObject","@id":"https:\/\/recreated.eu\/hr\/product\/angelus-purple-boja-za-kozu\/#primaryimage","inLanguage":"hr","url":"https:\/\/recreated.eu\/wp-content\/uploads\/2021\/05\/angelus-lederfarbe-violett.jpeg","contentUrl":"https:\/\/recreated.eu\/wp-content\/uploads\/2021\/05\/angelus-lederfarbe-violett.jpeg","width":700,"height":700},{"@type":"WebPage","@id":"https:\/\/recreated.eu\/hr\/product\/angelus-purple-boja-za-kozu\/#webpage","url":"https:\/\/recreated.eu\/hr\/product\/angelus-purple-boja-za-kozu\/","name":"Angelus Purple boja za ko\u017eu - Recreated","isPartOf":{"@id":"https:\/\/recreated.eu\/hr\/#website"},"primaryImageOfPage":{"@id":"https:\/\/recreated.eu\/hr\/product\/angelus-purple-boja-za-kozu\/#primaryimage"},"datePublished":"2021-07-04T18:39:56+00:00","dateModified":"2023-10-18T08:39:41+00:00","breadcrumb":{"@id":"https:\/\/recreated.eu\/hr\/product\/angelus-purple-boja-za-kozu\/#breadcrumb"},"inLanguage":"hr","potentialAction":[{"@type":"ReadAction","target":["https:\/\/recreated.eu\/hr\/product\/angelus-purple-boja-za-kozu\/"]}]},{"@type":"BreadcrumbList","@id":"https:\/\/recreated.eu\/hr\/product\/angelus-purple-boja-za-kozu\/#breadcrumb","itemListElement":[{"@type":"ListItem","position":1,"name":"Po\u010detna","item":"https:\/\/recreated.eu\/hr\/"},{"@type":"ListItem","position":2,"name":"Shop","item":"https:\/\/recreated.eu\/hr\/shop\/"},{"@type":"ListItem","position":3,"name":"Angelus Purple boja za ko\u017eu"}]}]}},"_links":{"self":[{"href":"https:\/\/recreated.eu\/hr\/wp-json\/wp\/v2\/product\/4507"}],"collection":[{"href":"https:\/\/recreated.eu\/hr\/wp-json\/wp\/v2\/product"}],"about":[{"href":"https:\/\/recreated.eu\/hr\/wp-json\/wp\/v2\/types\/product"}],"wp:featuredmedia":[{"embeddable":true,"href":"https:\/\/recreated.eu\/hr\/wp-json\/wp\/v2\/media\/2948"}],"wp:attachment":[{"href":"https:\/\/recreated.eu\/hr\/wp-json\/wp\/v2\/media?parent=4507"}],"wp:term":[{"taxonomy":"product_cat","embeddable":true,"href":"https:\/\/recreated.eu\/hr\/wp-json\/wp\/v2\/product_cat?post=4507"},{"taxonomy":"product_tag","embeddable":true,"href":"https:\/\/recreated.eu\/hr\/wp-json\/wp\/v2\/product_tag?post=4507"}],"curies":[{"name":"wp","href":"https:\/\/api.w.org\/{rel}","templated":true}]}}