{"id":4672,"date":"2021-05-26T13:41:00","date_gmt":"2021-07-04T18:38:40","guid":{"rendered":"https:\/\/recreated.eu\/?post_type=product&#038;p=4672"},"modified":"2024-02-28T01:21:16","modified_gmt":"2024-02-28T00:21:16","slug":"angelus-neutralna-boja-za-brusenu-kozu","status":"publish","type":"product","link":"https:\/\/recreated.eu\/hr\/product\/angelus-neutralna-boja-za-brusenu-kozu\/","title":{"rendered":"Angelus neutralna boja za bru\u0161enu ko\u017eu"},"content":{"rendered":"<p>Je li bru\u0161ena ko\u017ea ve\u0107 \u010dista i uredna? Na Va\u0161em predmetu nema nikakvog za\u0161titnog sredstva? Onda mo\u017eete odmah po\u010deti bojati. Nakon bojanja, bru\u0161enu ko\u017eu mo\u017eete tretirati Angelus sredstvom za za\u0161titu od vode i prljav\u0161tine.<\/p>\n<p>Kao i kod boje za glatku ko\u017eu, nemojte koristiti previ\u0161e u jednom potezu jer ina\u010de ko\u017ea ne\u0107e pravilno upiti boju. To ostavlja boju na ko\u017ei koja kasnije mo\u017ee otjecati.<\/p>\n<h3>Savjeti za upotrebu Angelus boje za bru\u0161enu ko\u017eu:<\/h3>\n<ul>\n<li>Prvo bru\u0161enu ko\u017eu o\u010distite blagim sapunom s malo vode ili <a href=\"https:\/\/recreated.eu\/product\/angelus-easy-cleaner-kit\/\">Angelus Easy Cleanerom<\/a>.<\/li>\n<li>Po potrebi o\u010distite \u010detkom.<\/li>\n<li>Sredstvo za pripremu ko\u017ee za bojanje nije prikladno za bru\u0161enu ko\u017eu.<\/li>\n<li>Finisheri su samo za glatku ko\u017eu, ne za bru\u0161enu.<\/li>\n<li>Nije mogu\u0107e bojiti u boju koja je svjetlija od trenutne boje bru\u0161ene ko\u017ee.<\/li>\n<li>Dolazi s vatom, ali mo\u017eete koristiti i \u010detku.<\/li>\n<li>Napomena: kona\u010dna boja mo\u017ee se malo razlikovati od o\u010dekivane. Na to utje\u010de koli\u010dina boje i koncentracija.<\/li>\n<\/ul>\n","protected":false},"excerpt":{"rendered":"<p>Angelus boja za bru\u0161enu ko\u017eu duboko prodire u bru\u0161enu ko\u017eu i stoga daje prekrasnu boju koja savr\u0161eno ostaje na mjestu. Ova boja je na bazi alkohola, ne lju\u0161ti se, ne puca i ne mo\u017ee se isprati. Izvrsna je za obnavljanje ili personalizaciju omiljenih predmeta od bru\u0161ene ko\u017ee, kao \u0161to su remeni, jakne, torbe i obu\u0107a. Osigurava da dlake bru\u0161ene ko\u017ee ostanu mekane.<\/p>\n","protected":false},"featured_media":3358,"template":"","meta":{"kt_blocks_editor_width":"","_kad_post_transparent":"","_kad_post_title":"","_kad_post_layout":"","_kad_post_sidebar_id":"","_kad_post_content_style":"","_kad_post_vertical_padding":"","_kad_post_feature":"","_kad_post_feature_position":"","_kad_post_header":false,"_kad_post_footer":false,"spay_email":""},"product_cat":[87],"product_tag":[],"yoast_head":"<!-- This site is optimized with the Yoast SEO plugin v16.8 - https:\/\/yoast.com\/wordpress\/plugins\/seo\/ -->\n<title>Angelus neutralna boja za bru\u0161enu ko\u017eu - Recreated<\/title>\n<meta name=\"robots\" content=\"index, follow, max-snippet:-1, max-image-preview:large, max-video-preview:-1\" \/>\n<link rel=\"canonical\" href=\"https:\/\/recreated.eu\/hr\/product\/angelus-neutralna-boja-za-brusenu-kozu\/\" \/>\n<meta property=\"og:locale\" content=\"hr_HR\" \/>\n<meta property=\"og:type\" content=\"article\" \/>\n<meta property=\"og:title\" content=\"Angelus neutralna boja za bru\u0161enu ko\u017eu - Recreated\" \/>\n<meta property=\"og:description\" content=\"Angelus boja za bru\u0161enu ko\u017eu duboko prodire u bru\u0161enu ko\u017eu i stoga daje prekrasnu boju koja savr\u0161eno ostaje na mjestu. Ova boja je na bazi alkohola, ne lju\u0161ti se, ne puca i ne mo\u017ee se isprati. Izvrsna je za obnavljanje ili personalizaciju omiljenih predmeta od bru\u0161ene ko\u017ee, kao \u0161to su remeni, jakne, torbe i obu\u0107a. Osigurava da dlake bru\u0161ene ko\u017ee ostanu mekane.\" \/>\n<meta property=\"og:url\" content=\"https:\/\/recreated.eu\/hr\/product\/angelus-neutralna-boja-za-brusenu-kozu\/\" \/>\n<meta property=\"og:site_name\" content=\"Recreated\" \/>\n<meta property=\"article:publisher\" content=\"https:\/\/www.facebook.com\/recreated.eu\/\" \/>\n<meta property=\"article:modified_time\" content=\"2024-02-28T00:21:16+00:00\" \/>\n<meta property=\"og:image\" content=\"https:\/\/recreated.eu\/wp-content\/uploads\/2021\/05\/5922_neutral.jpg\" \/>\n\t<meta property=\"og:image:width\" content=\"700\" \/>\n\t<meta property=\"og:image:height\" content=\"700\" \/>\n<meta name=\"twitter:card\" content=\"summary_large_image\" \/>\n<meta name=\"twitter:label1\" content=\"Procijenjeno vrijeme \u010ditanja\" \/>\n\t<meta name=\"twitter:data1\" content=\"1 minuta\" \/>\n<script type=\"application\/ld+json\" class=\"yoast-schema-graph\">{\"@context\":\"https:\/\/schema.org\",\"@graph\":[{\"@type\":\"Organization\",\"@id\":\"https:\/\/recreated.eu\/hr\/#organization\",\"name\":\"Recreated\",\"url\":\"https:\/\/recreated.eu\/hr\/\",\"sameAs\":[\"https:\/\/www.facebook.com\/recreated.eu\/\",\"https:\/\/www.instagram.com\/recreated.eu\/\"],\"logo\":{\"@type\":\"ImageObject\",\"@id\":\"https:\/\/recreated.eu\/hr\/#logo\",\"inLanguage\":\"hr\",\"url\":\"\",\"contentUrl\":\"\",\"caption\":\"Recreated\"},\"image\":{\"@id\":\"https:\/\/recreated.eu\/hr\/#logo\"}},{\"@type\":\"WebSite\",\"@id\":\"https:\/\/recreated.eu\/hr\/#website\",\"url\":\"https:\/\/recreated.eu\/hr\/\",\"name\":\"Recreated\",\"description\":\"\",\"publisher\":{\"@id\":\"https:\/\/recreated.eu\/hr\/#organization\"},\"potentialAction\":[{\"@type\":\"SearchAction\",\"target\":{\"@type\":\"EntryPoint\",\"urlTemplate\":\"https:\/\/recreated.eu\/hr\/?s={search_term_string}\"},\"query-input\":\"required name=search_term_string\"}],\"inLanguage\":\"hr\"},{\"@type\":\"ImageObject\",\"@id\":\"https:\/\/recreated.eu\/hr\/product\/angelus-neutralna-boja-za-brusenu-kozu\/#primaryimage\",\"inLanguage\":\"hr\",\"url\":\"https:\/\/recreated.eu\/wp-content\/uploads\/2021\/05\/5922_neutral.jpg\",\"contentUrl\":\"https:\/\/recreated.eu\/wp-content\/uploads\/2021\/05\/5922_neutral.jpg\",\"width\":700,\"height\":700},{\"@type\":\"WebPage\",\"@id\":\"https:\/\/recreated.eu\/hr\/product\/angelus-neutralna-boja-za-brusenu-kozu\/#webpage\",\"url\":\"https:\/\/recreated.eu\/hr\/product\/angelus-neutralna-boja-za-brusenu-kozu\/\",\"name\":\"Angelus neutralna boja za bru\\u0161enu ko\\u017eu - Recreated\",\"isPartOf\":{\"@id\":\"https:\/\/recreated.eu\/hr\/#website\"},\"primaryImageOfPage\":{\"@id\":\"https:\/\/recreated.eu\/hr\/product\/angelus-neutralna-boja-za-brusenu-kozu\/#primaryimage\"},\"datePublished\":\"2021-07-04T18:38:40+00:00\",\"dateModified\":\"2024-02-28T00:21:16+00:00\",\"breadcrumb\":{\"@id\":\"https:\/\/recreated.eu\/hr\/product\/angelus-neutralna-boja-za-brusenu-kozu\/#breadcrumb\"},\"inLanguage\":\"hr\",\"potentialAction\":[{\"@type\":\"ReadAction\",\"target\":[\"https:\/\/recreated.eu\/hr\/product\/angelus-neutralna-boja-za-brusenu-kozu\/\"]}]},{\"@type\":\"BreadcrumbList\",\"@id\":\"https:\/\/recreated.eu\/hr\/product\/angelus-neutralna-boja-za-brusenu-kozu\/#breadcrumb\",\"itemListElement\":[{\"@type\":\"ListItem\",\"position\":1,\"name\":\"Po\\u010detna\",\"item\":\"https:\/\/recreated.eu\/hr\/\"},{\"@type\":\"ListItem\",\"position\":2,\"name\":\"Shop\",\"item\":\"https:\/\/recreated.eu\/hr\/shop\/\"},{\"@type\":\"ListItem\",\"position\":3,\"name\":\"Angelus neutralna boja za bru\\u0161enu ko\\u017eu\"}]}]}<\/script>\n<!-- \/ Yoast SEO plugin. -->","yoast_head_json":{"title":"Angelus neutralna boja za bru\u0161enu ko\u017eu - Recreated","robots":{"index":"index","follow":"follow","max-snippet":"max-snippet:-1","max-image-preview":"max-image-preview:large","max-video-preview":"max-video-preview:-1"},"canonical":"https:\/\/recreated.eu\/hr\/product\/angelus-neutralna-boja-za-brusenu-kozu\/","og_locale":"hr_HR","og_type":"article","og_title":"Angelus neutralna boja za bru\u0161enu ko\u017eu - Recreated","og_description":"Angelus boja za bru\u0161enu ko\u017eu duboko prodire u bru\u0161enu ko\u017eu i stoga daje prekrasnu boju koja savr\u0161eno ostaje na mjestu. Ova boja je na bazi alkohola, ne lju\u0161ti se, ne puca i ne mo\u017ee se isprati. Izvrsna je za obnavljanje ili personalizaciju omiljenih predmeta od bru\u0161ene ko\u017ee, kao \u0161to su remeni, jakne, torbe i obu\u0107a. Osigurava da dlake bru\u0161ene ko\u017ee ostanu mekane.","og_url":"https:\/\/recreated.eu\/hr\/product\/angelus-neutralna-boja-za-brusenu-kozu\/","og_site_name":"Recreated","article_publisher":"https:\/\/www.facebook.com\/recreated.eu\/","article_modified_time":"2024-02-28T00:21:16+00:00","og_image":[{"width":700,"height":700,"url":"https:\/\/recreated.eu\/wp-content\/uploads\/2021\/05\/5922_neutral.jpg","path":"\/home\/recreate\/public_html\/wp-content\/uploads\/2021\/05\/5922_neutral.jpg","size":"full","id":3358,"alt":"","pixels":490000,"type":"image\/jpeg"}],"twitter_card":"summary_large_image","twitter_misc":{"Procijenjeno vrijeme \u010ditanja":"1 minuta"},"schema":{"@context":"https:\/\/schema.org","@graph":[{"@type":"Organization","@id":"https:\/\/recreated.eu\/hr\/#organization","name":"Recreated","url":"https:\/\/recreated.eu\/hr\/","sameAs":["https:\/\/www.facebook.com\/recreated.eu\/","https:\/\/www.instagram.com\/recreated.eu\/"],"logo":{"@type":"ImageObject","@id":"https:\/\/recreated.eu\/hr\/#logo","inLanguage":"hr","url":"","contentUrl":"","caption":"Recreated"},"image":{"@id":"https:\/\/recreated.eu\/hr\/#logo"}},{"@type":"WebSite","@id":"https:\/\/recreated.eu\/hr\/#website","url":"https:\/\/recreated.eu\/hr\/","name":"Recreated","description":"","publisher":{"@id":"https:\/\/recreated.eu\/hr\/#organization"},"potentialAction":[{"@type":"SearchAction","target":{"@type":"EntryPoint","urlTemplate":"https:\/\/recreated.eu\/hr\/?s={search_term_string}"},"query-input":"required name=search_term_string"}],"inLanguage":"hr"},{"@type":"ImageObject","@id":"https:\/\/recreated.eu\/hr\/product\/angelus-neutralna-boja-za-brusenu-kozu\/#primaryimage","inLanguage":"hr","url":"https:\/\/recreated.eu\/wp-content\/uploads\/2021\/05\/5922_neutral.jpg","contentUrl":"https:\/\/recreated.eu\/wp-content\/uploads\/2021\/05\/5922_neutral.jpg","width":700,"height":700},{"@type":"WebPage","@id":"https:\/\/recreated.eu\/hr\/product\/angelus-neutralna-boja-za-brusenu-kozu\/#webpage","url":"https:\/\/recreated.eu\/hr\/product\/angelus-neutralna-boja-za-brusenu-kozu\/","name":"Angelus neutralna boja za bru\u0161enu ko\u017eu - Recreated","isPartOf":{"@id":"https:\/\/recreated.eu\/hr\/#website"},"primaryImageOfPage":{"@id":"https:\/\/recreated.eu\/hr\/product\/angelus-neutralna-boja-za-brusenu-kozu\/#primaryimage"},"datePublished":"2021-07-04T18:38:40+00:00","dateModified":"2024-02-28T00:21:16+00:00","breadcrumb":{"@id":"https:\/\/recreated.eu\/hr\/product\/angelus-neutralna-boja-za-brusenu-kozu\/#breadcrumb"},"inLanguage":"hr","potentialAction":[{"@type":"ReadAction","target":["https:\/\/recreated.eu\/hr\/product\/angelus-neutralna-boja-za-brusenu-kozu\/"]}]},{"@type":"BreadcrumbList","@id":"https:\/\/recreated.eu\/hr\/product\/angelus-neutralna-boja-za-brusenu-kozu\/#breadcrumb","itemListElement":[{"@type":"ListItem","position":1,"name":"Po\u010detna","item":"https:\/\/recreated.eu\/hr\/"},{"@type":"ListItem","position":2,"name":"Shop","item":"https:\/\/recreated.eu\/hr\/shop\/"},{"@type":"ListItem","position":3,"name":"Angelus neutralna boja za bru\u0161enu ko\u017eu"}]}]}},"_links":{"self":[{"href":"https:\/\/recreated.eu\/hr\/wp-json\/wp\/v2\/product\/4672"}],"collection":[{"href":"https:\/\/recreated.eu\/hr\/wp-json\/wp\/v2\/product"}],"about":[{"href":"https:\/\/recreated.eu\/hr\/wp-json\/wp\/v2\/types\/product"}],"wp:featuredmedia":[{"embeddable":true,"href":"https:\/\/recreated.eu\/hr\/wp-json\/wp\/v2\/media\/3358"}],"wp:attachment":[{"href":"https:\/\/recreated.eu\/hr\/wp-json\/wp\/v2\/media?parent=4672"}],"wp:term":[{"taxonomy":"product_cat","embeddable":true,"href":"https:\/\/recreated.eu\/hr\/wp-json\/wp\/v2\/product_cat?post=4672"},{"taxonomy":"product_tag","embeddable":true,"href":"https:\/\/recreated.eu\/hr\/wp-json\/wp\/v2\/product_tag?post=4672"}],"curies":[{"name":"wp","href":"https:\/\/api.w.org\/{rel}","templated":true}]}}