{"id":5039,"date":"2021-05-27T00:02:07","date_gmt":"2021-07-04T18:38:21","guid":{"rendered":"https:\/\/recreated.eu\/?post_type=product&#038;p=5039"},"modified":"2024-11-06T17:53:07","modified_gmt":"2024-11-06T16:53:07","slug":"angelus-pjena-za-visenamjensko-ciscenje","status":"publish","type":"product","link":"https:\/\/recreated.eu\/hr\/product\/angelus-pjena-za-visenamjensko-ciscenje\/","title":{"rendered":"Angelus pjena za vi\u0161enamjensko \u010di\u0161\u0107enje"},"content":{"rendered":"<p>Jednostavno po\u0161pricajte pjenu za vi\u0161enamjensko \u010di\u0161\u0107enje na ko\u017enu obu\u0107u, odje\u0107u, torbu ili namje\u0161taj, pustite da odstoji nekoliko sekundi i obri\u0161ite prljav\u0161tinu Angelus microfiber krpom. Pjena za \u010di\u0161\u0107enje sadr\u017ei prikladnu \u010detku za ribanje. Jako je sredstvo za \u010di\u0161\u0107enje obu\u0107e ili drugih povr\u0161ina. Pogodno je za glatku ko\u017eu, podmazanu ko\u017eu, bru\u0161enu ko\u017eu, nubuk ko\u017eu i konjsku ko\u017eu.<\/p>\n<h3>Koristite preporuke za Angelus pjenu za vi\u0161enamjensko \u010di\u0161\u0107enje:<\/h3>\n<ul>\n<li>Nanesite malo pjene na ko\u017eni predmet, pri\u010dekajte nekoliko sekundi, a zatim obri\u0161ite prljav\u0161tinu microfiber krpom.<\/li>\n<li>Sigurno za ve\u0107inu predmeta za kemijsko \u010di\u0161\u0107enje.<\/li>\n<li>Radi na bru\u0161enoj ko\u017ei, glatkoj ko\u017ei, tkanini, \u010dizmama, kapama i jaknama.<\/li>\n<li>Napomena: boja bru\u0161ene ko\u017ee mo\u017ee malo izblijediti.<\/li>\n<\/ul>\n","protected":false},"excerpt":{"rendered":"<p>Ne mo\u017eete o\u010distiti obu\u0107u ili ko\u017ene predmete? Uz Angelus pjenu za vi\u0161enamjensko \u010di\u0161\u0107enje to vi\u0161e nije problem. Ovo je najbolja pjena za \u010di\u0161\u0107enje za obu\u0107u i ostale predmete od glatke ko\u017ee. Bilo da imate sportsku ili planinarsku obu\u0107u, s ovom pjenom za \u010di\u0161\u0107enje mo\u017eete sve o\u010distiti u trenu.<\/p>\n","protected":false},"featured_media":3425,"template":"","meta":{"kt_blocks_editor_width":"","_kad_post_transparent":"","_kad_post_title":"","_kad_post_layout":"","_kad_post_sidebar_id":"","_kad_post_content_style":"","_kad_post_vertical_padding":"","_kad_post_feature":"","_kad_post_feature_position":"","_kad_post_header":false,"_kad_post_footer":false,"spay_email":""},"product_cat":[88],"product_tag":[],"yoast_head":"<!-- This site is optimized with the Yoast SEO plugin v16.8 - https:\/\/yoast.com\/wordpress\/plugins\/seo\/ -->\n<title>Angelus pjena za vi\u0161enamjensko \u010di\u0161\u0107enje - Recreated<\/title>\n<meta name=\"robots\" content=\"index, follow, max-snippet:-1, max-image-preview:large, max-video-preview:-1\" \/>\n<link rel=\"canonical\" href=\"https:\/\/recreated.eu\/hr\/product\/angelus-pjena-za-visenamjensko-ciscenje\/\" \/>\n<meta property=\"og:locale\" content=\"hr_HR\" \/>\n<meta property=\"og:type\" content=\"article\" \/>\n<meta property=\"og:title\" content=\"Angelus pjena za vi\u0161enamjensko \u010di\u0161\u0107enje - Recreated\" \/>\n<meta property=\"og:description\" content=\"Ne mo\u017eete o\u010distiti obu\u0107u ili ko\u017ene predmete? Uz Angelus pjenu za vi\u0161enamjensko \u010di\u0161\u0107enje to vi\u0161e nije problem. Ovo je najbolja pjena za \u010di\u0161\u0107enje za obu\u0107u i ostale predmete od glatke ko\u017ee. Bilo da imate sportsku ili planinarsku obu\u0107u, s ovom pjenom za \u010di\u0161\u0107enje mo\u017eete sve o\u010distiti u trenu.\" \/>\n<meta property=\"og:url\" content=\"https:\/\/recreated.eu\/hr\/product\/angelus-pjena-za-visenamjensko-ciscenje\/\" \/>\n<meta property=\"og:site_name\" content=\"Recreated\" \/>\n<meta property=\"article:publisher\" content=\"https:\/\/www.facebook.com\/recreated.eu\/\" \/>\n<meta property=\"article:modified_time\" content=\"2024-11-06T16:53:07+00:00\" \/>\n<meta property=\"og:image\" content=\"https:\/\/recreated.eu\/wp-content\/uploads\/2021\/05\/angelus-foam-cleaner_1.jpg\" \/>\n\t<meta property=\"og:image:width\" content=\"700\" \/>\n\t<meta property=\"og:image:height\" content=\"700\" \/>\n<meta name=\"twitter:card\" content=\"summary_large_image\" \/>\n<meta name=\"twitter:label1\" content=\"Procijenjeno vrijeme \u010ditanja\" \/>\n\t<meta name=\"twitter:data1\" content=\"1 minuta\" \/>\n<script type=\"application\/ld+json\" class=\"yoast-schema-graph\">{\"@context\":\"https:\/\/schema.org\",\"@graph\":[{\"@type\":\"Organization\",\"@id\":\"https:\/\/recreated.eu\/hr\/#organization\",\"name\":\"Recreated\",\"url\":\"https:\/\/recreated.eu\/hr\/\",\"sameAs\":[\"https:\/\/www.facebook.com\/recreated.eu\/\",\"https:\/\/www.instagram.com\/recreated.eu\/\"],\"logo\":{\"@type\":\"ImageObject\",\"@id\":\"https:\/\/recreated.eu\/hr\/#logo\",\"inLanguage\":\"hr\",\"url\":\"\",\"contentUrl\":\"\",\"caption\":\"Recreated\"},\"image\":{\"@id\":\"https:\/\/recreated.eu\/hr\/#logo\"}},{\"@type\":\"WebSite\",\"@id\":\"https:\/\/recreated.eu\/hr\/#website\",\"url\":\"https:\/\/recreated.eu\/hr\/\",\"name\":\"Recreated\",\"description\":\"\",\"publisher\":{\"@id\":\"https:\/\/recreated.eu\/hr\/#organization\"},\"potentialAction\":[{\"@type\":\"SearchAction\",\"target\":{\"@type\":\"EntryPoint\",\"urlTemplate\":\"https:\/\/recreated.eu\/hr\/?s={search_term_string}\"},\"query-input\":\"required name=search_term_string\"}],\"inLanguage\":\"hr\"},{\"@type\":\"ImageObject\",\"@id\":\"https:\/\/recreated.eu\/hr\/product\/angelus-pjena-za-visenamjensko-ciscenje\/#primaryimage\",\"inLanguage\":\"hr\",\"url\":\"https:\/\/recreated.eu\/wp-content\/uploads\/2021\/05\/angelus-foam-cleaner_1.jpg\",\"contentUrl\":\"https:\/\/recreated.eu\/wp-content\/uploads\/2021\/05\/angelus-foam-cleaner_1.jpg\",\"width\":700,\"height\":700},{\"@type\":\"WebPage\",\"@id\":\"https:\/\/recreated.eu\/hr\/product\/angelus-pjena-za-visenamjensko-ciscenje\/#webpage\",\"url\":\"https:\/\/recreated.eu\/hr\/product\/angelus-pjena-za-visenamjensko-ciscenje\/\",\"name\":\"Angelus pjena za vi\\u0161enamjensko \\u010di\\u0161\\u0107enje - Recreated\",\"isPartOf\":{\"@id\":\"https:\/\/recreated.eu\/hr\/#website\"},\"primaryImageOfPage\":{\"@id\":\"https:\/\/recreated.eu\/hr\/product\/angelus-pjena-za-visenamjensko-ciscenje\/#primaryimage\"},\"datePublished\":\"2021-07-04T18:38:21+00:00\",\"dateModified\":\"2024-11-06T16:53:07+00:00\",\"breadcrumb\":{\"@id\":\"https:\/\/recreated.eu\/hr\/product\/angelus-pjena-za-visenamjensko-ciscenje\/#breadcrumb\"},\"inLanguage\":\"hr\",\"potentialAction\":[{\"@type\":\"ReadAction\",\"target\":[\"https:\/\/recreated.eu\/hr\/product\/angelus-pjena-za-visenamjensko-ciscenje\/\"]}]},{\"@type\":\"BreadcrumbList\",\"@id\":\"https:\/\/recreated.eu\/hr\/product\/angelus-pjena-za-visenamjensko-ciscenje\/#breadcrumb\",\"itemListElement\":[{\"@type\":\"ListItem\",\"position\":1,\"name\":\"Po\\u010detna\",\"item\":\"https:\/\/recreated.eu\/hr\/\"},{\"@type\":\"ListItem\",\"position\":2,\"name\":\"Shop\",\"item\":\"https:\/\/recreated.eu\/hr\/shop\/\"},{\"@type\":\"ListItem\",\"position\":3,\"name\":\"Angelus pjena za vi\\u0161enamjensko \\u010di\\u0161\\u0107enje\"}]}]}<\/script>\n<!-- \/ Yoast SEO plugin. -->","yoast_head_json":{"title":"Angelus pjena za vi\u0161enamjensko \u010di\u0161\u0107enje - Recreated","robots":{"index":"index","follow":"follow","max-snippet":"max-snippet:-1","max-image-preview":"max-image-preview:large","max-video-preview":"max-video-preview:-1"},"canonical":"https:\/\/recreated.eu\/hr\/product\/angelus-pjena-za-visenamjensko-ciscenje\/","og_locale":"hr_HR","og_type":"article","og_title":"Angelus pjena za vi\u0161enamjensko \u010di\u0161\u0107enje - Recreated","og_description":"Ne mo\u017eete o\u010distiti obu\u0107u ili ko\u017ene predmete? Uz Angelus pjenu za vi\u0161enamjensko \u010di\u0161\u0107enje to vi\u0161e nije problem. Ovo je najbolja pjena za \u010di\u0161\u0107enje za obu\u0107u i ostale predmete od glatke ko\u017ee. Bilo da imate sportsku ili planinarsku obu\u0107u, s ovom pjenom za \u010di\u0161\u0107enje mo\u017eete sve o\u010distiti u trenu.","og_url":"https:\/\/recreated.eu\/hr\/product\/angelus-pjena-za-visenamjensko-ciscenje\/","og_site_name":"Recreated","article_publisher":"https:\/\/www.facebook.com\/recreated.eu\/","article_modified_time":"2024-11-06T16:53:07+00:00","og_image":[{"width":700,"height":700,"url":"https:\/\/recreated.eu\/wp-content\/uploads\/2021\/05\/angelus-foam-cleaner_1.jpg","path":"\/home\/recreate\/public_html\/wp-content\/uploads\/2021\/05\/angelus-foam-cleaner_1.jpg","size":"full","id":3425,"alt":"","pixels":490000,"type":"image\/jpeg"}],"twitter_card":"summary_large_image","twitter_misc":{"Procijenjeno vrijeme \u010ditanja":"1 minuta"},"schema":{"@context":"https:\/\/schema.org","@graph":[{"@type":"Organization","@id":"https:\/\/recreated.eu\/hr\/#organization","name":"Recreated","url":"https:\/\/recreated.eu\/hr\/","sameAs":["https:\/\/www.facebook.com\/recreated.eu\/","https:\/\/www.instagram.com\/recreated.eu\/"],"logo":{"@type":"ImageObject","@id":"https:\/\/recreated.eu\/hr\/#logo","inLanguage":"hr","url":"","contentUrl":"","caption":"Recreated"},"image":{"@id":"https:\/\/recreated.eu\/hr\/#logo"}},{"@type":"WebSite","@id":"https:\/\/recreated.eu\/hr\/#website","url":"https:\/\/recreated.eu\/hr\/","name":"Recreated","description":"","publisher":{"@id":"https:\/\/recreated.eu\/hr\/#organization"},"potentialAction":[{"@type":"SearchAction","target":{"@type":"EntryPoint","urlTemplate":"https:\/\/recreated.eu\/hr\/?s={search_term_string}"},"query-input":"required name=search_term_string"}],"inLanguage":"hr"},{"@type":"ImageObject","@id":"https:\/\/recreated.eu\/hr\/product\/angelus-pjena-za-visenamjensko-ciscenje\/#primaryimage","inLanguage":"hr","url":"https:\/\/recreated.eu\/wp-content\/uploads\/2021\/05\/angelus-foam-cleaner_1.jpg","contentUrl":"https:\/\/recreated.eu\/wp-content\/uploads\/2021\/05\/angelus-foam-cleaner_1.jpg","width":700,"height":700},{"@type":"WebPage","@id":"https:\/\/recreated.eu\/hr\/product\/angelus-pjena-za-visenamjensko-ciscenje\/#webpage","url":"https:\/\/recreated.eu\/hr\/product\/angelus-pjena-za-visenamjensko-ciscenje\/","name":"Angelus pjena za vi\u0161enamjensko \u010di\u0161\u0107enje - Recreated","isPartOf":{"@id":"https:\/\/recreated.eu\/hr\/#website"},"primaryImageOfPage":{"@id":"https:\/\/recreated.eu\/hr\/product\/angelus-pjena-za-visenamjensko-ciscenje\/#primaryimage"},"datePublished":"2021-07-04T18:38:21+00:00","dateModified":"2024-11-06T16:53:07+00:00","breadcrumb":{"@id":"https:\/\/recreated.eu\/hr\/product\/angelus-pjena-za-visenamjensko-ciscenje\/#breadcrumb"},"inLanguage":"hr","potentialAction":[{"@type":"ReadAction","target":["https:\/\/recreated.eu\/hr\/product\/angelus-pjena-za-visenamjensko-ciscenje\/"]}]},{"@type":"BreadcrumbList","@id":"https:\/\/recreated.eu\/hr\/product\/angelus-pjena-za-visenamjensko-ciscenje\/#breadcrumb","itemListElement":[{"@type":"ListItem","position":1,"name":"Po\u010detna","item":"https:\/\/recreated.eu\/hr\/"},{"@type":"ListItem","position":2,"name":"Shop","item":"https:\/\/recreated.eu\/hr\/shop\/"},{"@type":"ListItem","position":3,"name":"Angelus pjena za vi\u0161enamjensko \u010di\u0161\u0107enje"}]}]}},"_links":{"self":[{"href":"https:\/\/recreated.eu\/hr\/wp-json\/wp\/v2\/product\/5039"}],"collection":[{"href":"https:\/\/recreated.eu\/hr\/wp-json\/wp\/v2\/product"}],"about":[{"href":"https:\/\/recreated.eu\/hr\/wp-json\/wp\/v2\/types\/product"}],"wp:featuredmedia":[{"embeddable":true,"href":"https:\/\/recreated.eu\/hr\/wp-json\/wp\/v2\/media\/3425"}],"wp:attachment":[{"href":"https:\/\/recreated.eu\/hr\/wp-json\/wp\/v2\/media?parent=5039"}],"wp:term":[{"taxonomy":"product_cat","embeddable":true,"href":"https:\/\/recreated.eu\/hr\/wp-json\/wp\/v2\/product_cat?post=5039"},{"taxonomy":"product_tag","embeddable":true,"href":"https:\/\/recreated.eu\/hr\/wp-json\/wp\/v2\/product_tag?post=5039"}],"curies":[{"name":"wp","href":"https:\/\/api.w.org\/{rel}","templated":true}]}}