{"id":5049,"date":"2021-05-27T11:22:12","date_gmt":"2021-07-04T18:38:18","guid":{"rendered":"https:\/\/recreated.eu\/?post_type=product&#038;p=5049"},"modified":"2023-02-08T17:13:25","modified_gmt":"2023-02-08T16:13:25","slug":"angelus-premium-cetka-za-ciscenje","status":"publish","type":"product","link":"https:\/\/recreated.eu\/hr\/product\/angelus-premium-cetka-za-ciscenje\/","title":{"rendered":"Angelus premium \u010detka za \u010di\u0161\u0107enje"},"content":{"rendered":"<p>Ova Angelus \u010detka za \u010di\u0161\u0107enje ne\u0161to du\u017ea od 12 cm izuzetno je korisna za \u010di\u0161\u0107enje tenisica, ko\u017enih \u010dizama, torbi ili jakni. \u010cekinje su dovoljno meke za bru\u0161enu ko\u017eu i dovoljno jake da uklone ne\u010disto\u0107u s cipela. Za najbolje rezultate koristite Angelus Easy Cleaner. Kist za \u010di\u0161\u0107enje sadr\u017ei ikoni\u010dni crni pe\u010dat Angelusa.<\/p>\n<p>Dimenzije: 12,7 x 3,8 x 3,8 cm<\/p>\n<p>Made in U.S.A.<\/p>\n<p>\u017delite li kupiti cjenovno prihvatljiv set za \u010di\u0161\u0107enje, uklju\u010duju\u0107i \u010detku za \u010di\u0161\u0107enje, Easy Cleaner i premium ru\u010dnik? Onda odaberite Angelus set za \u010di\u0161\u0107enje i u\u0161tedite na ukupnoj cijeni.<\/p>\n<h3>Savjeti za upotrebu Angelus \u010detke za \u010di\u0161\u0107enje:<\/h3>\n<ul>\n<li>Stavite ru\u010dnik na stol.<\/li>\n<li>U posudu ulijte Angelus Cleaner i \u010detkom za \u010di\u0161\u0107enje o\u010distite prljav\u0161tinu s ko\u017enih predmeta.<\/li>\n<li>Tako\u0111er dostupan u setu s Angelus Easy Cleanerom i premium ru\u010dnikom.<\/li>\n<\/ul>\n","protected":false},"excerpt":{"rendered":"<p>Apsolutno najbolji na\u010din \u010di\u0161\u0107enja tenisica dok koristite Angelus Easy Cleaner. Ova \u010detka duga\u010dka 12,7 cm olak\u0161ava \u010di\u0161\u0107enje tenisica! \u010cekinje su dovoljno mekane za bru\u0161enu ko\u017eu, ali dovoljno jake da uklone prljav\u0161tinu s cipela.<\/p>\n","protected":false},"featured_media":3447,"template":"","meta":{"kt_blocks_editor_width":"","_kad_post_transparent":"","_kad_post_title":"","_kad_post_layout":"","_kad_post_sidebar_id":"","_kad_post_content_style":"","_kad_post_vertical_padding":"","_kad_post_feature":"","_kad_post_feature_position":"","_kad_post_header":false,"_kad_post_footer":false,"spay_email":""},"product_cat":[77,88],"product_tag":[],"yoast_head":"<!-- This site is optimized with the Yoast SEO plugin v16.8 - https:\/\/yoast.com\/wordpress\/plugins\/seo\/ -->\n<title>Angelus premium \u010detka za \u010di\u0161\u0107enje - Recreated<\/title>\n<meta name=\"robots\" content=\"index, follow, max-snippet:-1, max-image-preview:large, max-video-preview:-1\" \/>\n<link rel=\"canonical\" href=\"https:\/\/recreated.eu\/hr\/product\/angelus-premium-cetka-za-ciscenje\/\" \/>\n<meta property=\"og:locale\" content=\"hr_HR\" \/>\n<meta property=\"og:type\" content=\"article\" \/>\n<meta property=\"og:title\" content=\"Angelus premium \u010detka za \u010di\u0161\u0107enje - Recreated\" \/>\n<meta property=\"og:description\" content=\"Apsolutno najbolji na\u010din \u010di\u0161\u0107enja tenisica dok koristite Angelus Easy Cleaner. Ova \u010detka duga\u010dka 12,7 cm olak\u0161ava \u010di\u0161\u0107enje tenisica! \u010cekinje su dovoljno mekane za bru\u0161enu ko\u017eu, ali dovoljno jake da uklone prljav\u0161tinu s cipela.\" \/>\n<meta property=\"og:url\" content=\"https:\/\/recreated.eu\/hr\/product\/angelus-premium-cetka-za-ciscenje\/\" \/>\n<meta property=\"og:site_name\" content=\"Recreated\" \/>\n<meta property=\"article:publisher\" content=\"https:\/\/www.facebook.com\/recreated.eu\/\" \/>\n<meta property=\"article:modified_time\" content=\"2023-02-08T16:13:25+00:00\" \/>\n<meta property=\"og:image\" content=\"https:\/\/recreated.eu\/wp-content\/uploads\/2021\/05\/sneaker-cleaning-brush-natural-handle_grande.jpg\" \/>\n\t<meta property=\"og:image:width\" content=\"600\" \/>\n\t<meta property=\"og:image:height\" content=\"600\" \/>\n<meta name=\"twitter:card\" content=\"summary_large_image\" \/>\n<meta name=\"twitter:label1\" content=\"Procijenjeno vrijeme \u010ditanja\" \/>\n\t<meta name=\"twitter:data1\" content=\"1 minuta\" \/>\n<script type=\"application\/ld+json\" class=\"yoast-schema-graph\">{\"@context\":\"https:\/\/schema.org\",\"@graph\":[{\"@type\":\"Organization\",\"@id\":\"https:\/\/recreated.eu\/hr\/#organization\",\"name\":\"Recreated\",\"url\":\"https:\/\/recreated.eu\/hr\/\",\"sameAs\":[\"https:\/\/www.facebook.com\/recreated.eu\/\",\"https:\/\/www.instagram.com\/recreated.eu\/\"],\"logo\":{\"@type\":\"ImageObject\",\"@id\":\"https:\/\/recreated.eu\/hr\/#logo\",\"inLanguage\":\"hr\",\"url\":\"\",\"contentUrl\":\"\",\"caption\":\"Recreated\"},\"image\":{\"@id\":\"https:\/\/recreated.eu\/hr\/#logo\"}},{\"@type\":\"WebSite\",\"@id\":\"https:\/\/recreated.eu\/hr\/#website\",\"url\":\"https:\/\/recreated.eu\/hr\/\",\"name\":\"Recreated\",\"description\":\"\",\"publisher\":{\"@id\":\"https:\/\/recreated.eu\/hr\/#organization\"},\"potentialAction\":[{\"@type\":\"SearchAction\",\"target\":{\"@type\":\"EntryPoint\",\"urlTemplate\":\"https:\/\/recreated.eu\/hr\/?s={search_term_string}\"},\"query-input\":\"required name=search_term_string\"}],\"inLanguage\":\"hr\"},{\"@type\":\"ImageObject\",\"@id\":\"https:\/\/recreated.eu\/hr\/product\/angelus-premium-cetka-za-ciscenje\/#primaryimage\",\"inLanguage\":\"hr\",\"url\":\"https:\/\/recreated.eu\/wp-content\/uploads\/2021\/05\/sneaker-cleaning-brush-natural-handle_grande.jpg\",\"contentUrl\":\"https:\/\/recreated.eu\/wp-content\/uploads\/2021\/05\/sneaker-cleaning-brush-natural-handle_grande.jpg\",\"width\":600,\"height\":600},{\"@type\":\"WebPage\",\"@id\":\"https:\/\/recreated.eu\/hr\/product\/angelus-premium-cetka-za-ciscenje\/#webpage\",\"url\":\"https:\/\/recreated.eu\/hr\/product\/angelus-premium-cetka-za-ciscenje\/\",\"name\":\"Angelus premium \\u010detka za \\u010di\\u0161\\u0107enje - Recreated\",\"isPartOf\":{\"@id\":\"https:\/\/recreated.eu\/hr\/#website\"},\"primaryImageOfPage\":{\"@id\":\"https:\/\/recreated.eu\/hr\/product\/angelus-premium-cetka-za-ciscenje\/#primaryimage\"},\"datePublished\":\"2021-07-04T18:38:18+00:00\",\"dateModified\":\"2023-02-08T16:13:25+00:00\",\"breadcrumb\":{\"@id\":\"https:\/\/recreated.eu\/hr\/product\/angelus-premium-cetka-za-ciscenje\/#breadcrumb\"},\"inLanguage\":\"hr\",\"potentialAction\":[{\"@type\":\"ReadAction\",\"target\":[\"https:\/\/recreated.eu\/hr\/product\/angelus-premium-cetka-za-ciscenje\/\"]}]},{\"@type\":\"BreadcrumbList\",\"@id\":\"https:\/\/recreated.eu\/hr\/product\/angelus-premium-cetka-za-ciscenje\/#breadcrumb\",\"itemListElement\":[{\"@type\":\"ListItem\",\"position\":1,\"name\":\"Po\\u010detna\",\"item\":\"https:\/\/recreated.eu\/hr\/\"},{\"@type\":\"ListItem\",\"position\":2,\"name\":\"Shop\",\"item\":\"https:\/\/recreated.eu\/hr\/shop\/\"},{\"@type\":\"ListItem\",\"position\":3,\"name\":\"Angelus premium \\u010detka za \\u010di\\u0161\\u0107enje\"}]}]}<\/script>\n<!-- \/ Yoast SEO plugin. -->","yoast_head_json":{"title":"Angelus premium \u010detka za \u010di\u0161\u0107enje - Recreated","robots":{"index":"index","follow":"follow","max-snippet":"max-snippet:-1","max-image-preview":"max-image-preview:large","max-video-preview":"max-video-preview:-1"},"canonical":"https:\/\/recreated.eu\/hr\/product\/angelus-premium-cetka-za-ciscenje\/","og_locale":"hr_HR","og_type":"article","og_title":"Angelus premium \u010detka za \u010di\u0161\u0107enje - Recreated","og_description":"Apsolutno najbolji na\u010din \u010di\u0161\u0107enja tenisica dok koristite Angelus Easy Cleaner. Ova \u010detka duga\u010dka 12,7 cm olak\u0161ava \u010di\u0161\u0107enje tenisica! \u010cekinje su dovoljno mekane za bru\u0161enu ko\u017eu, ali dovoljno jake da uklone prljav\u0161tinu s cipela.","og_url":"https:\/\/recreated.eu\/hr\/product\/angelus-premium-cetka-za-ciscenje\/","og_site_name":"Recreated","article_publisher":"https:\/\/www.facebook.com\/recreated.eu\/","article_modified_time":"2023-02-08T16:13:25+00:00","og_image":[{"width":600,"height":600,"url":"https:\/\/recreated.eu\/wp-content\/uploads\/2021\/05\/sneaker-cleaning-brush-natural-handle_grande.jpg","path":"\/home\/recreate\/public_html\/wp-content\/uploads\/2021\/05\/sneaker-cleaning-brush-natural-handle_grande.jpg","size":"full","id":3447,"alt":"","pixels":360000,"type":"image\/jpeg"}],"twitter_card":"summary_large_image","twitter_misc":{"Procijenjeno vrijeme \u010ditanja":"1 minuta"},"schema":{"@context":"https:\/\/schema.org","@graph":[{"@type":"Organization","@id":"https:\/\/recreated.eu\/hr\/#organization","name":"Recreated","url":"https:\/\/recreated.eu\/hr\/","sameAs":["https:\/\/www.facebook.com\/recreated.eu\/","https:\/\/www.instagram.com\/recreated.eu\/"],"logo":{"@type":"ImageObject","@id":"https:\/\/recreated.eu\/hr\/#logo","inLanguage":"hr","url":"","contentUrl":"","caption":"Recreated"},"image":{"@id":"https:\/\/recreated.eu\/hr\/#logo"}},{"@type":"WebSite","@id":"https:\/\/recreated.eu\/hr\/#website","url":"https:\/\/recreated.eu\/hr\/","name":"Recreated","description":"","publisher":{"@id":"https:\/\/recreated.eu\/hr\/#organization"},"potentialAction":[{"@type":"SearchAction","target":{"@type":"EntryPoint","urlTemplate":"https:\/\/recreated.eu\/hr\/?s={search_term_string}"},"query-input":"required name=search_term_string"}],"inLanguage":"hr"},{"@type":"ImageObject","@id":"https:\/\/recreated.eu\/hr\/product\/angelus-premium-cetka-za-ciscenje\/#primaryimage","inLanguage":"hr","url":"https:\/\/recreated.eu\/wp-content\/uploads\/2021\/05\/sneaker-cleaning-brush-natural-handle_grande.jpg","contentUrl":"https:\/\/recreated.eu\/wp-content\/uploads\/2021\/05\/sneaker-cleaning-brush-natural-handle_grande.jpg","width":600,"height":600},{"@type":"WebPage","@id":"https:\/\/recreated.eu\/hr\/product\/angelus-premium-cetka-za-ciscenje\/#webpage","url":"https:\/\/recreated.eu\/hr\/product\/angelus-premium-cetka-za-ciscenje\/","name":"Angelus premium \u010detka za \u010di\u0161\u0107enje - Recreated","isPartOf":{"@id":"https:\/\/recreated.eu\/hr\/#website"},"primaryImageOfPage":{"@id":"https:\/\/recreated.eu\/hr\/product\/angelus-premium-cetka-za-ciscenje\/#primaryimage"},"datePublished":"2021-07-04T18:38:18+00:00","dateModified":"2023-02-08T16:13:25+00:00","breadcrumb":{"@id":"https:\/\/recreated.eu\/hr\/product\/angelus-premium-cetka-za-ciscenje\/#breadcrumb"},"inLanguage":"hr","potentialAction":[{"@type":"ReadAction","target":["https:\/\/recreated.eu\/hr\/product\/angelus-premium-cetka-za-ciscenje\/"]}]},{"@type":"BreadcrumbList","@id":"https:\/\/recreated.eu\/hr\/product\/angelus-premium-cetka-za-ciscenje\/#breadcrumb","itemListElement":[{"@type":"ListItem","position":1,"name":"Po\u010detna","item":"https:\/\/recreated.eu\/hr\/"},{"@type":"ListItem","position":2,"name":"Shop","item":"https:\/\/recreated.eu\/hr\/shop\/"},{"@type":"ListItem","position":3,"name":"Angelus premium \u010detka za \u010di\u0161\u0107enje"}]}]}},"_links":{"self":[{"href":"https:\/\/recreated.eu\/hr\/wp-json\/wp\/v2\/product\/5049"}],"collection":[{"href":"https:\/\/recreated.eu\/hr\/wp-json\/wp\/v2\/product"}],"about":[{"href":"https:\/\/recreated.eu\/hr\/wp-json\/wp\/v2\/types\/product"}],"wp:featuredmedia":[{"embeddable":true,"href":"https:\/\/recreated.eu\/hr\/wp-json\/wp\/v2\/media\/3447"}],"wp:attachment":[{"href":"https:\/\/recreated.eu\/hr\/wp-json\/wp\/v2\/media?parent=5049"}],"wp:term":[{"taxonomy":"product_cat","embeddable":true,"href":"https:\/\/recreated.eu\/hr\/wp-json\/wp\/v2\/product_cat?post=5049"},{"taxonomy":"product_tag","embeddable":true,"href":"https:\/\/recreated.eu\/hr\/wp-json\/wp\/v2\/product_tag?post=5049"}],"curies":[{"name":"wp","href":"https:\/\/api.w.org\/{rel}","templated":true}]}}