{"id":5418,"date":"2021-05-27T11:30:31","date_gmt":"2021-07-04T18:38:17","guid":{"rendered":"https:\/\/recreated.eu\/?post_type=product&#038;p=5418"},"modified":"2023-09-18T16:50:50","modified_gmt":"2023-09-18T14:50:50","slug":"angelus-ljepilo-za-poplate","status":"publish","type":"product","link":"https:\/\/recreated.eu\/hr\/product\/angelus-ljepilo-za-poplate\/","title":{"rendered":"Angelus ljepilo za poplate"},"content":{"rendered":"<p>Angelus prozirno ljepilo za poplate savr\u0161eno djeluje na gumi, ko\u017ei, plastici, vinilu, tkanini i jo\u0161 mnogo \u010demu. Ovo univerzalno ljepilo je potrebno svakome tko treba ponovno zalijepiti poplat na obu\u0107i ili bilo \u0161to drugo \u010dega se sjetite. Prozirna formula omogu\u0107uje upotrebu na svim povr\u0161inama bez ostavljanja mrlja.<\/p>\n<p><strong>Upute:<\/strong><\/p>\n<ul>\n<li>O\u010distite temeljito obje povr\u0161ine pomo\u0107u Angelus sredstva za pripremu ko\u017ee za bojanje, ili \u010distog acetona.<\/li>\n<li>Na obje povr\u0161ine nanesite Angelus prozirno ljepilo.<\/li>\n<li>**Ostavite da stoji 15 minuta do sat vremena <strong>prije<\/strong> nego \u0161to stisnete**<\/li>\n<li>\u010cvrsto pritisnite obje povr\u0161ine. Stegnite obje povr\u0161ine zajedno na jedan sat.<\/li>\n<li>Ostavite da se osu\u0161i najmanje 24 sata prije no\u0161enja.<\/li>\n<\/ul>\n","protected":false},"excerpt":{"rendered":"<p>Ovo univerzalno ljepilo je potrebno svakome tko treba ponovno zalijepiti poplat na obu\u0107i ili bilo \u0161to drugo \u010dega se sjetite.<\/p>\n<p>&nbsp;<\/p>\n","protected":false},"featured_media":3450,"template":"","meta":{"kt_blocks_editor_width":"","_kad_post_transparent":"","_kad_post_title":"","_kad_post_layout":"","_kad_post_sidebar_id":"","_kad_post_content_style":"","_kad_post_vertical_padding":"","_kad_post_feature":"","_kad_post_feature_position":"","_kad_post_header":false,"_kad_post_footer":false,"spay_email":""},"product_cat":[77],"product_tag":[],"yoast_head":"<!-- This site is optimized with the Yoast SEO plugin v16.8 - https:\/\/yoast.com\/wordpress\/plugins\/seo\/ -->\n<title>Angelus ljepilo za poplate - Recreated<\/title>\n<meta name=\"robots\" content=\"index, follow, max-snippet:-1, max-image-preview:large, max-video-preview:-1\" \/>\n<link rel=\"canonical\" href=\"https:\/\/recreated.eu\/hr\/product\/angelus-ljepilo-za-poplate\/\" \/>\n<meta property=\"og:locale\" content=\"hr_HR\" \/>\n<meta property=\"og:type\" content=\"article\" \/>\n<meta property=\"og:title\" content=\"Angelus ljepilo za poplate - Recreated\" \/>\n<meta property=\"og:description\" content=\"Ovo univerzalno ljepilo je potrebno svakome tko treba ponovno zalijepiti poplat na obu\u0107i ili bilo \u0161to drugo \u010dega se sjetite. &nbsp;\" \/>\n<meta property=\"og:url\" content=\"https:\/\/recreated.eu\/hr\/product\/angelus-ljepilo-za-poplate\/\" \/>\n<meta property=\"og:site_name\" content=\"Recreated\" \/>\n<meta property=\"article:publisher\" content=\"https:\/\/www.facebook.com\/recreated.eu\/\" \/>\n<meta property=\"article:modified_time\" content=\"2023-09-18T14:50:50+00:00\" \/>\n<meta property=\"og:image\" content=\"https:\/\/recreated.eu\/wp-content\/uploads\/2021\/05\/angelus-clear-shoe-cement.jpg\" \/>\n\t<meta property=\"og:image:width\" content=\"700\" \/>\n\t<meta property=\"og:image:height\" content=\"700\" \/>\n<meta name=\"twitter:card\" content=\"summary_large_image\" \/>\n<meta name=\"twitter:label1\" content=\"Procijenjeno vrijeme \u010ditanja\" \/>\n\t<meta name=\"twitter:data1\" content=\"1 minuta\" \/>\n<script type=\"application\/ld+json\" class=\"yoast-schema-graph\">{\"@context\":\"https:\/\/schema.org\",\"@graph\":[{\"@type\":\"Organization\",\"@id\":\"https:\/\/recreated.eu\/hr\/#organization\",\"name\":\"Recreated\",\"url\":\"https:\/\/recreated.eu\/hr\/\",\"sameAs\":[\"https:\/\/www.facebook.com\/recreated.eu\/\",\"https:\/\/www.instagram.com\/recreated.eu\/\"],\"logo\":{\"@type\":\"ImageObject\",\"@id\":\"https:\/\/recreated.eu\/hr\/#logo\",\"inLanguage\":\"hr\",\"url\":\"\",\"contentUrl\":\"\",\"caption\":\"Recreated\"},\"image\":{\"@id\":\"https:\/\/recreated.eu\/hr\/#logo\"}},{\"@type\":\"WebSite\",\"@id\":\"https:\/\/recreated.eu\/hr\/#website\",\"url\":\"https:\/\/recreated.eu\/hr\/\",\"name\":\"Recreated\",\"description\":\"\",\"publisher\":{\"@id\":\"https:\/\/recreated.eu\/hr\/#organization\"},\"potentialAction\":[{\"@type\":\"SearchAction\",\"target\":{\"@type\":\"EntryPoint\",\"urlTemplate\":\"https:\/\/recreated.eu\/hr\/?s={search_term_string}\"},\"query-input\":\"required name=search_term_string\"}],\"inLanguage\":\"hr\"},{\"@type\":\"ImageObject\",\"@id\":\"https:\/\/recreated.eu\/hr\/product\/angelus-ljepilo-za-poplate\/#primaryimage\",\"inLanguage\":\"hr\",\"url\":\"https:\/\/recreated.eu\/wp-content\/uploads\/2021\/05\/angelus-clear-shoe-cement.jpg\",\"contentUrl\":\"https:\/\/recreated.eu\/wp-content\/uploads\/2021\/05\/angelus-clear-shoe-cement.jpg\",\"width\":700,\"height\":700},{\"@type\":\"WebPage\",\"@id\":\"https:\/\/recreated.eu\/hr\/product\/angelus-ljepilo-za-poplate\/#webpage\",\"url\":\"https:\/\/recreated.eu\/hr\/product\/angelus-ljepilo-za-poplate\/\",\"name\":\"Angelus ljepilo za poplate - Recreated\",\"isPartOf\":{\"@id\":\"https:\/\/recreated.eu\/hr\/#website\"},\"primaryImageOfPage\":{\"@id\":\"https:\/\/recreated.eu\/hr\/product\/angelus-ljepilo-za-poplate\/#primaryimage\"},\"datePublished\":\"2021-07-04T18:38:17+00:00\",\"dateModified\":\"2023-09-18T14:50:50+00:00\",\"breadcrumb\":{\"@id\":\"https:\/\/recreated.eu\/hr\/product\/angelus-ljepilo-za-poplate\/#breadcrumb\"},\"inLanguage\":\"hr\",\"potentialAction\":[{\"@type\":\"ReadAction\",\"target\":[\"https:\/\/recreated.eu\/hr\/product\/angelus-ljepilo-za-poplate\/\"]}]},{\"@type\":\"BreadcrumbList\",\"@id\":\"https:\/\/recreated.eu\/hr\/product\/angelus-ljepilo-za-poplate\/#breadcrumb\",\"itemListElement\":[{\"@type\":\"ListItem\",\"position\":1,\"name\":\"Po\\u010detna\",\"item\":\"https:\/\/recreated.eu\/hr\/\"},{\"@type\":\"ListItem\",\"position\":2,\"name\":\"Shop\",\"item\":\"https:\/\/recreated.eu\/hr\/shop\/\"},{\"@type\":\"ListItem\",\"position\":3,\"name\":\"Angelus ljepilo za poplate\"}]}]}<\/script>\n<!-- \/ Yoast SEO plugin. -->","yoast_head_json":{"title":"Angelus ljepilo za poplate - Recreated","robots":{"index":"index","follow":"follow","max-snippet":"max-snippet:-1","max-image-preview":"max-image-preview:large","max-video-preview":"max-video-preview:-1"},"canonical":"https:\/\/recreated.eu\/hr\/product\/angelus-ljepilo-za-poplate\/","og_locale":"hr_HR","og_type":"article","og_title":"Angelus ljepilo za poplate - Recreated","og_description":"Ovo univerzalno ljepilo je potrebno svakome tko treba ponovno zalijepiti poplat na obu\u0107i ili bilo \u0161to drugo \u010dega se sjetite. &nbsp;","og_url":"https:\/\/recreated.eu\/hr\/product\/angelus-ljepilo-za-poplate\/","og_site_name":"Recreated","article_publisher":"https:\/\/www.facebook.com\/recreated.eu\/","article_modified_time":"2023-09-18T14:50:50+00:00","og_image":[{"width":700,"height":700,"url":"https:\/\/recreated.eu\/wp-content\/uploads\/2021\/05\/angelus-clear-shoe-cement.jpg","path":"\/home\/recreate\/public_html\/wp-content\/uploads\/2021\/05\/angelus-clear-shoe-cement.jpg","size":"full","id":3450,"alt":"","pixels":490000,"type":"image\/jpeg"}],"twitter_card":"summary_large_image","twitter_misc":{"Procijenjeno vrijeme \u010ditanja":"1 minuta"},"schema":{"@context":"https:\/\/schema.org","@graph":[{"@type":"Organization","@id":"https:\/\/recreated.eu\/hr\/#organization","name":"Recreated","url":"https:\/\/recreated.eu\/hr\/","sameAs":["https:\/\/www.facebook.com\/recreated.eu\/","https:\/\/www.instagram.com\/recreated.eu\/"],"logo":{"@type":"ImageObject","@id":"https:\/\/recreated.eu\/hr\/#logo","inLanguage":"hr","url":"","contentUrl":"","caption":"Recreated"},"image":{"@id":"https:\/\/recreated.eu\/hr\/#logo"}},{"@type":"WebSite","@id":"https:\/\/recreated.eu\/hr\/#website","url":"https:\/\/recreated.eu\/hr\/","name":"Recreated","description":"","publisher":{"@id":"https:\/\/recreated.eu\/hr\/#organization"},"potentialAction":[{"@type":"SearchAction","target":{"@type":"EntryPoint","urlTemplate":"https:\/\/recreated.eu\/hr\/?s={search_term_string}"},"query-input":"required name=search_term_string"}],"inLanguage":"hr"},{"@type":"ImageObject","@id":"https:\/\/recreated.eu\/hr\/product\/angelus-ljepilo-za-poplate\/#primaryimage","inLanguage":"hr","url":"https:\/\/recreated.eu\/wp-content\/uploads\/2021\/05\/angelus-clear-shoe-cement.jpg","contentUrl":"https:\/\/recreated.eu\/wp-content\/uploads\/2021\/05\/angelus-clear-shoe-cement.jpg","width":700,"height":700},{"@type":"WebPage","@id":"https:\/\/recreated.eu\/hr\/product\/angelus-ljepilo-za-poplate\/#webpage","url":"https:\/\/recreated.eu\/hr\/product\/angelus-ljepilo-za-poplate\/","name":"Angelus ljepilo za poplate - Recreated","isPartOf":{"@id":"https:\/\/recreated.eu\/hr\/#website"},"primaryImageOfPage":{"@id":"https:\/\/recreated.eu\/hr\/product\/angelus-ljepilo-za-poplate\/#primaryimage"},"datePublished":"2021-07-04T18:38:17+00:00","dateModified":"2023-09-18T14:50:50+00:00","breadcrumb":{"@id":"https:\/\/recreated.eu\/hr\/product\/angelus-ljepilo-za-poplate\/#breadcrumb"},"inLanguage":"hr","potentialAction":[{"@type":"ReadAction","target":["https:\/\/recreated.eu\/hr\/product\/angelus-ljepilo-za-poplate\/"]}]},{"@type":"BreadcrumbList","@id":"https:\/\/recreated.eu\/hr\/product\/angelus-ljepilo-za-poplate\/#breadcrumb","itemListElement":[{"@type":"ListItem","position":1,"name":"Po\u010detna","item":"https:\/\/recreated.eu\/hr\/"},{"@type":"ListItem","position":2,"name":"Shop","item":"https:\/\/recreated.eu\/hr\/shop\/"},{"@type":"ListItem","position":3,"name":"Angelus ljepilo za poplate"}]}]}},"_links":{"self":[{"href":"https:\/\/recreated.eu\/hr\/wp-json\/wp\/v2\/product\/5418"}],"collection":[{"href":"https:\/\/recreated.eu\/hr\/wp-json\/wp\/v2\/product"}],"about":[{"href":"https:\/\/recreated.eu\/hr\/wp-json\/wp\/v2\/types\/product"}],"wp:featuredmedia":[{"embeddable":true,"href":"https:\/\/recreated.eu\/hr\/wp-json\/wp\/v2\/media\/3450"}],"wp:attachment":[{"href":"https:\/\/recreated.eu\/hr\/wp-json\/wp\/v2\/media?parent=5418"}],"wp:term":[{"taxonomy":"product_cat","embeddable":true,"href":"https:\/\/recreated.eu\/hr\/wp-json\/wp\/v2\/product_cat?post=5418"},{"taxonomy":"product_tag","embeddable":true,"href":"https:\/\/recreated.eu\/hr\/wp-json\/wp\/v2\/product_tag?post=5418"}],"curies":[{"name":"wp","href":"https:\/\/api.w.org\/{rel}","templated":true}]}}