{"id":5419,"date":"2021-05-27T11:46:37","date_gmt":"2021-07-04T18:38:15","guid":{"rendered":"https:\/\/recreated.eu\/?post_type=product&#038;p=5419"},"modified":"2024-09-07T16:08:54","modified_gmt":"2024-09-07T14:08:54","slug":"angelus-sredstvo-za-izbjeljivanje-potplata","status":"publish","type":"product","link":"https:\/\/recreated.eu\/hr\/product\/angelus-sredstvo-za-izbjeljivanje-potplata\/","title":{"rendered":"Angelus sredstvo za izbjeljivanje potplata"},"content":{"rendered":"<p>Angelus sredstvo za izbjeljivanje potplata je jednostavno za kori\u0161tenje. U treptaju oka vratit \u0107ete svojim prljavo\u017eutim potplatima obu\u0107e \u010dist i bijeli sjaj. Uklanja \u017eutilo i oksidaciju pomo\u0107u UV svjetla. Nakon nekoliko sati Va\u0161a \u0107e obu\u0107a opet izgledati kao nova!<\/p>\n<h3><strong>Savjeti za upotrebu Angelus sredstva za izbjeljivanje potplata:<\/strong><\/h3>\n<ul>\n<li>Uklonite svu prljav\u0161tinu s potplata tako da Angelus sredstvo za izbjeljivanje potplata dobro prianja na potplat, a ne na prljav\u0161tinu.<\/li>\n<li>Ostavite obu\u0107u da se osu\u0161i prije nano\u0161enja Angelus sredstva za izbjeljivanje potplata.<\/li>\n<li>Koristite plasti\u010dne rukavice i isporu\u010deni kist kako biste ravnomjerno nanijeli Angelus sredstvo za izbjeljivanje na potplate obu\u0107e.<\/li>\n<li>Pazite da ga ne nanesete u predebelim slojevima.<\/li>\n<li>Ako je potrebno, omotajte plasti\u010dnu foliju oko potplata obu\u0107e, tako da sredstvo za izbjeljivanje potplata ne isparava na sun\u010devoj svjetlosti.<\/li>\n<li>Stavite obu\u0107u na izravnu sun\u010devu svjetlost i ostavite 1-6 sati. Povremeno provjerite je li ve\u0107 postignut \u017eeljeni rezultat.<\/li>\n<li>Stariju obu\u0107u ponekad je potrebno tretirati nekoliko puta kako bi se postigli optimalni rezultati.<\/li>\n<\/ul>\n","protected":false},"excerpt":{"rendered":"<p>Jesu li potplati Va\u0161ih omiljenih tenisica postali prljavi i \u017euti? S Angelus sredstvom za izbjeljivanje potplata mo\u017eete ih u trenu ponovno u\u010diniti bijelima! Angelus sredstvo za izbjeljivanje potplata \u0161tedi Vam put do postolara po novi par potplata. Trajno je i jeftino rje\u0161enje da potplati cipela ponovno postanu blistavo bijeli.<\/p>\n","protected":false},"featured_media":3456,"template":"","meta":{"kt_blocks_editor_width":"","_kad_post_transparent":"","_kad_post_title":"","_kad_post_layout":"","_kad_post_sidebar_id":"","_kad_post_content_style":"","_kad_post_vertical_padding":"","_kad_post_feature":"","_kad_post_feature_position":"","_kad_post_header":false,"_kad_post_footer":false,"spay_email":""},"product_cat":[77],"product_tag":[],"yoast_head":"<!-- This site is optimized with the Yoast SEO plugin v16.8 - https:\/\/yoast.com\/wordpress\/plugins\/seo\/ -->\n<title>Angelus sredstvo za izbjeljivanje potplata - Recreated<\/title>\n<meta name=\"robots\" content=\"index, follow, max-snippet:-1, max-image-preview:large, max-video-preview:-1\" \/>\n<link rel=\"canonical\" href=\"https:\/\/recreated.eu\/hr\/product\/angelus-sredstvo-za-izbjeljivanje-potplata\/\" \/>\n<meta property=\"og:locale\" content=\"hr_HR\" \/>\n<meta property=\"og:type\" content=\"article\" \/>\n<meta property=\"og:title\" content=\"Angelus sredstvo za izbjeljivanje potplata - Recreated\" \/>\n<meta property=\"og:description\" content=\"Jesu li potplati Va\u0161ih omiljenih tenisica postali prljavi i \u017euti? S Angelus sredstvom za izbjeljivanje potplata mo\u017eete ih u trenu ponovno u\u010diniti bijelima! Angelus sredstvo za izbjeljivanje potplata \u0161tedi Vam put do postolara po novi par potplata. Trajno je i jeftino rje\u0161enje da potplati cipela ponovno postanu blistavo bijeli.\" \/>\n<meta property=\"og:url\" content=\"https:\/\/recreated.eu\/hr\/product\/angelus-sredstvo-za-izbjeljivanje-potplata\/\" \/>\n<meta property=\"og:site_name\" content=\"Recreated\" \/>\n<meta property=\"article:publisher\" content=\"https:\/\/www.facebook.com\/recreated.eu\/\" \/>\n<meta property=\"article:modified_time\" content=\"2024-09-07T14:08:54+00:00\" \/>\n<meta property=\"og:image\" content=\"https:\/\/recreated.eu\/wp-content\/uploads\/2021\/05\/876-sole-bright-new-label.jpg\" \/>\n\t<meta property=\"og:image:width\" content=\"700\" \/>\n\t<meta property=\"og:image:height\" content=\"700\" \/>\n<meta name=\"twitter:card\" content=\"summary_large_image\" \/>\n<meta name=\"twitter:label1\" content=\"Procijenjeno vrijeme \u010ditanja\" \/>\n\t<meta name=\"twitter:data1\" content=\"1 minuta\" \/>\n<script type=\"application\/ld+json\" class=\"yoast-schema-graph\">{\"@context\":\"https:\/\/schema.org\",\"@graph\":[{\"@type\":\"Organization\",\"@id\":\"https:\/\/recreated.eu\/hr\/#organization\",\"name\":\"Recreated\",\"url\":\"https:\/\/recreated.eu\/hr\/\",\"sameAs\":[\"https:\/\/www.facebook.com\/recreated.eu\/\",\"https:\/\/www.instagram.com\/recreated.eu\/\"],\"logo\":{\"@type\":\"ImageObject\",\"@id\":\"https:\/\/recreated.eu\/hr\/#logo\",\"inLanguage\":\"hr\",\"url\":\"\",\"contentUrl\":\"\",\"caption\":\"Recreated\"},\"image\":{\"@id\":\"https:\/\/recreated.eu\/hr\/#logo\"}},{\"@type\":\"WebSite\",\"@id\":\"https:\/\/recreated.eu\/hr\/#website\",\"url\":\"https:\/\/recreated.eu\/hr\/\",\"name\":\"Recreated\",\"description\":\"\",\"publisher\":{\"@id\":\"https:\/\/recreated.eu\/hr\/#organization\"},\"potentialAction\":[{\"@type\":\"SearchAction\",\"target\":{\"@type\":\"EntryPoint\",\"urlTemplate\":\"https:\/\/recreated.eu\/hr\/?s={search_term_string}\"},\"query-input\":\"required name=search_term_string\"}],\"inLanguage\":\"hr\"},{\"@type\":\"ImageObject\",\"@id\":\"https:\/\/recreated.eu\/hr\/product\/angelus-sredstvo-za-izbjeljivanje-potplata\/#primaryimage\",\"inLanguage\":\"hr\",\"url\":\"https:\/\/recreated.eu\/wp-content\/uploads\/2021\/05\/876-sole-bright-new-label.jpg\",\"contentUrl\":\"https:\/\/recreated.eu\/wp-content\/uploads\/2021\/05\/876-sole-bright-new-label.jpg\",\"width\":700,\"height\":700},{\"@type\":\"WebPage\",\"@id\":\"https:\/\/recreated.eu\/hr\/product\/angelus-sredstvo-za-izbjeljivanje-potplata\/#webpage\",\"url\":\"https:\/\/recreated.eu\/hr\/product\/angelus-sredstvo-za-izbjeljivanje-potplata\/\",\"name\":\"Angelus sredstvo za izbjeljivanje potplata - Recreated\",\"isPartOf\":{\"@id\":\"https:\/\/recreated.eu\/hr\/#website\"},\"primaryImageOfPage\":{\"@id\":\"https:\/\/recreated.eu\/hr\/product\/angelus-sredstvo-za-izbjeljivanje-potplata\/#primaryimage\"},\"datePublished\":\"2021-07-04T18:38:15+00:00\",\"dateModified\":\"2024-09-07T14:08:54+00:00\",\"breadcrumb\":{\"@id\":\"https:\/\/recreated.eu\/hr\/product\/angelus-sredstvo-za-izbjeljivanje-potplata\/#breadcrumb\"},\"inLanguage\":\"hr\",\"potentialAction\":[{\"@type\":\"ReadAction\",\"target\":[\"https:\/\/recreated.eu\/hr\/product\/angelus-sredstvo-za-izbjeljivanje-potplata\/\"]}]},{\"@type\":\"BreadcrumbList\",\"@id\":\"https:\/\/recreated.eu\/hr\/product\/angelus-sredstvo-za-izbjeljivanje-potplata\/#breadcrumb\",\"itemListElement\":[{\"@type\":\"ListItem\",\"position\":1,\"name\":\"Po\\u010detna\",\"item\":\"https:\/\/recreated.eu\/hr\/\"},{\"@type\":\"ListItem\",\"position\":2,\"name\":\"Shop\",\"item\":\"https:\/\/recreated.eu\/hr\/shop\/\"},{\"@type\":\"ListItem\",\"position\":3,\"name\":\"Angelus sredstvo za izbjeljivanje potplata\"}]}]}<\/script>\n<!-- \/ Yoast SEO plugin. -->","yoast_head_json":{"title":"Angelus sredstvo za izbjeljivanje potplata - Recreated","robots":{"index":"index","follow":"follow","max-snippet":"max-snippet:-1","max-image-preview":"max-image-preview:large","max-video-preview":"max-video-preview:-1"},"canonical":"https:\/\/recreated.eu\/hr\/product\/angelus-sredstvo-za-izbjeljivanje-potplata\/","og_locale":"hr_HR","og_type":"article","og_title":"Angelus sredstvo za izbjeljivanje potplata - Recreated","og_description":"Jesu li potplati Va\u0161ih omiljenih tenisica postali prljavi i \u017euti? S Angelus sredstvom za izbjeljivanje potplata mo\u017eete ih u trenu ponovno u\u010diniti bijelima! Angelus sredstvo za izbjeljivanje potplata \u0161tedi Vam put do postolara po novi par potplata. Trajno je i jeftino rje\u0161enje da potplati cipela ponovno postanu blistavo bijeli.","og_url":"https:\/\/recreated.eu\/hr\/product\/angelus-sredstvo-za-izbjeljivanje-potplata\/","og_site_name":"Recreated","article_publisher":"https:\/\/www.facebook.com\/recreated.eu\/","article_modified_time":"2024-09-07T14:08:54+00:00","og_image":[{"width":700,"height":700,"url":"https:\/\/recreated.eu\/wp-content\/uploads\/2021\/05\/876-sole-bright-new-label.jpg","path":"\/home\/recreate\/public_html\/wp-content\/uploads\/2021\/05\/876-sole-bright-new-label.jpg","size":"full","id":3456,"alt":"","pixels":490000,"type":"image\/jpeg"}],"twitter_card":"summary_large_image","twitter_misc":{"Procijenjeno vrijeme \u010ditanja":"1 minuta"},"schema":{"@context":"https:\/\/schema.org","@graph":[{"@type":"Organization","@id":"https:\/\/recreated.eu\/hr\/#organization","name":"Recreated","url":"https:\/\/recreated.eu\/hr\/","sameAs":["https:\/\/www.facebook.com\/recreated.eu\/","https:\/\/www.instagram.com\/recreated.eu\/"],"logo":{"@type":"ImageObject","@id":"https:\/\/recreated.eu\/hr\/#logo","inLanguage":"hr","url":"","contentUrl":"","caption":"Recreated"},"image":{"@id":"https:\/\/recreated.eu\/hr\/#logo"}},{"@type":"WebSite","@id":"https:\/\/recreated.eu\/hr\/#website","url":"https:\/\/recreated.eu\/hr\/","name":"Recreated","description":"","publisher":{"@id":"https:\/\/recreated.eu\/hr\/#organization"},"potentialAction":[{"@type":"SearchAction","target":{"@type":"EntryPoint","urlTemplate":"https:\/\/recreated.eu\/hr\/?s={search_term_string}"},"query-input":"required name=search_term_string"}],"inLanguage":"hr"},{"@type":"ImageObject","@id":"https:\/\/recreated.eu\/hr\/product\/angelus-sredstvo-za-izbjeljivanje-potplata\/#primaryimage","inLanguage":"hr","url":"https:\/\/recreated.eu\/wp-content\/uploads\/2021\/05\/876-sole-bright-new-label.jpg","contentUrl":"https:\/\/recreated.eu\/wp-content\/uploads\/2021\/05\/876-sole-bright-new-label.jpg","width":700,"height":700},{"@type":"WebPage","@id":"https:\/\/recreated.eu\/hr\/product\/angelus-sredstvo-za-izbjeljivanje-potplata\/#webpage","url":"https:\/\/recreated.eu\/hr\/product\/angelus-sredstvo-za-izbjeljivanje-potplata\/","name":"Angelus sredstvo za izbjeljivanje potplata - Recreated","isPartOf":{"@id":"https:\/\/recreated.eu\/hr\/#website"},"primaryImageOfPage":{"@id":"https:\/\/recreated.eu\/hr\/product\/angelus-sredstvo-za-izbjeljivanje-potplata\/#primaryimage"},"datePublished":"2021-07-04T18:38:15+00:00","dateModified":"2024-09-07T14:08:54+00:00","breadcrumb":{"@id":"https:\/\/recreated.eu\/hr\/product\/angelus-sredstvo-za-izbjeljivanje-potplata\/#breadcrumb"},"inLanguage":"hr","potentialAction":[{"@type":"ReadAction","target":["https:\/\/recreated.eu\/hr\/product\/angelus-sredstvo-za-izbjeljivanje-potplata\/"]}]},{"@type":"BreadcrumbList","@id":"https:\/\/recreated.eu\/hr\/product\/angelus-sredstvo-za-izbjeljivanje-potplata\/#breadcrumb","itemListElement":[{"@type":"ListItem","position":1,"name":"Po\u010detna","item":"https:\/\/recreated.eu\/hr\/"},{"@type":"ListItem","position":2,"name":"Shop","item":"https:\/\/recreated.eu\/hr\/shop\/"},{"@type":"ListItem","position":3,"name":"Angelus sredstvo za izbjeljivanje potplata"}]}]}},"_links":{"self":[{"href":"https:\/\/recreated.eu\/hr\/wp-json\/wp\/v2\/product\/5419"}],"collection":[{"href":"https:\/\/recreated.eu\/hr\/wp-json\/wp\/v2\/product"}],"about":[{"href":"https:\/\/recreated.eu\/hr\/wp-json\/wp\/v2\/types\/product"}],"wp:featuredmedia":[{"embeddable":true,"href":"https:\/\/recreated.eu\/hr\/wp-json\/wp\/v2\/media\/3456"}],"wp:attachment":[{"href":"https:\/\/recreated.eu\/hr\/wp-json\/wp\/v2\/media?parent=5419"}],"wp:term":[{"taxonomy":"product_cat","embeddable":true,"href":"https:\/\/recreated.eu\/hr\/wp-json\/wp\/v2\/product_cat?post=5419"},{"taxonomy":"product_tag","embeddable":true,"href":"https:\/\/recreated.eu\/hr\/wp-json\/wp\/v2\/product_tag?post=5419"}],"curies":[{"name":"wp","href":"https:\/\/api.w.org\/{rel}","templated":true}]}}