{"id":5420,"date":"2021-05-27T11:54:22","date_gmt":"2021-07-04T18:38:14","guid":{"rendered":"https:\/\/recreated.eu\/?post_type=product&#038;p=5420"},"modified":"2024-04-08T00:12:45","modified_gmt":"2024-04-07T22:12:45","slug":"angelus-basic-set","status":"publish","type":"product","link":"https:\/\/recreated.eu\/hr\/product\/angelus-basic-set\/","title":{"rendered":"Angelus Basic set"},"content":{"rendered":"<p>Uhvatite se u ko\u0161tac sa svojim sljede\u0107im ko\u017enim projektom pomo\u0107u Angelus Basic seta boja za ko\u017eu. Ovaj set uklju\u010duje sve potrebne alate i pribor za po\u010detak stvaranja prekrasnih umjetni\u010dkih djela ili obnavljanje Va\u0161ih vintage ko\u017enih predmeta.<\/p>\n<p>Sadr\u017eaj seta:<\/p>\n<p>1x crna 29,5 ml<br \/>\n1x bijela 29,5 ml<br \/>\n1x crvena 29,5 ml<br \/>\n1x \u017euta 29,5 ml<br \/>\n1x plava 29,5 ml<br \/>\nPet razli\u010ditih kistova za boje<br \/>\nJedno sredstvo za pripremu ko\u017ee za bojanje od 29,5 ml<\/p>\n<p>Preporu\u010deni proizvodi (nisu uklju\u010deni):<\/p>\n<p>2-Soft &#8211; Odr\u017eava boju mekom prilikom bojanja tkanina.<br \/>\n2-Thin &#8211; Razrje\u0111uje boju za zra\u010dne \u010detke<br \/>\nAkrilni finisher &#8211; zavr\u0161ni sloj koji dodaje ukupni sjaj.<\/p>\n","protected":false},"excerpt":{"rendered":"<p>Angelus Basic set sadr\u017ei osnove boje za ko\u017eu srednje gusto\u0107e. Ovaj set sadr\u017ei uravnote\u017eenu paletu od pet boja i set kistova koji \u0107e Vam pomo\u0107i u izgradnji Va\u0161eg kompleta (1x crna, 1x bijela, 1x crvena, 1x \u017euta, 1x plava, 1x Angelus sredstvo za pripremu ko\u017ee za bojanje i 1x set kistova s 5 razli\u010ditih kistova).<\/p>\n","protected":false},"featured_media":3465,"template":"","meta":{"kt_blocks_editor_width":"","_kad_post_transparent":"","_kad_post_title":"","_kad_post_layout":"","_kad_post_sidebar_id":"","_kad_post_content_style":"","_kad_post_vertical_padding":"","_kad_post_feature":"","_kad_post_feature_position":"","_kad_post_header":false,"_kad_post_footer":false,"spay_email":""},"product_cat":[80],"product_tag":[],"yoast_head":"<!-- This site is optimized with the Yoast SEO plugin v16.8 - https:\/\/yoast.com\/wordpress\/plugins\/seo\/ -->\n<title>Angelus Basic set - Recreated<\/title>\n<meta name=\"robots\" content=\"index, follow, max-snippet:-1, max-image-preview:large, max-video-preview:-1\" \/>\n<link rel=\"canonical\" href=\"https:\/\/recreated.eu\/hr\/product\/angelus-basic-set\/\" \/>\n<meta property=\"og:locale\" content=\"hr_HR\" \/>\n<meta property=\"og:type\" content=\"article\" \/>\n<meta property=\"og:title\" content=\"Angelus Basic set - Recreated\" \/>\n<meta property=\"og:description\" content=\"Angelus Basic set sadr\u017ei osnove boje za ko\u017eu srednje gusto\u0107e. Ovaj set sadr\u017ei uravnote\u017eenu paletu od pet boja i set kistova koji \u0107e Vam pomo\u0107i u izgradnji Va\u0161eg kompleta (1x crna, 1x bijela, 1x crvena, 1x \u017euta, 1x plava, 1x Angelus sredstvo za pripremu ko\u017ee za bojanje i 1x set kistova s 5 razli\u010ditih kistova).\" \/>\n<meta property=\"og:url\" content=\"https:\/\/recreated.eu\/hr\/product\/angelus-basic-set\/\" \/>\n<meta property=\"og:site_name\" content=\"Recreated\" \/>\n<meta property=\"article:publisher\" content=\"https:\/\/www.facebook.com\/recreated.eu\/\" \/>\n<meta property=\"article:modified_time\" content=\"2024-04-07T22:12:45+00:00\" \/>\n<meta property=\"og:image\" content=\"https:\/\/recreated.eu\/wp-content\/uploads\/2021\/05\/angelus-starter-set-5-kleuren.jpg\" \/>\n\t<meta property=\"og:image:width\" content=\"700\" \/>\n\t<meta property=\"og:image:height\" content=\"700\" \/>\n<meta name=\"twitter:card\" content=\"summary_large_image\" \/>\n<meta name=\"twitter:label1\" content=\"Procijenjeno vrijeme \u010ditanja\" \/>\n\t<meta name=\"twitter:data1\" content=\"1 minuta\" \/>\n<script type=\"application\/ld+json\" class=\"yoast-schema-graph\">{\"@context\":\"https:\/\/schema.org\",\"@graph\":[{\"@type\":\"Organization\",\"@id\":\"https:\/\/recreated.eu\/hr\/#organization\",\"name\":\"Recreated\",\"url\":\"https:\/\/recreated.eu\/hr\/\",\"sameAs\":[\"https:\/\/www.facebook.com\/recreated.eu\/\",\"https:\/\/www.instagram.com\/recreated.eu\/\"],\"logo\":{\"@type\":\"ImageObject\",\"@id\":\"https:\/\/recreated.eu\/hr\/#logo\",\"inLanguage\":\"hr\",\"url\":\"\",\"contentUrl\":\"\",\"caption\":\"Recreated\"},\"image\":{\"@id\":\"https:\/\/recreated.eu\/hr\/#logo\"}},{\"@type\":\"WebSite\",\"@id\":\"https:\/\/recreated.eu\/hr\/#website\",\"url\":\"https:\/\/recreated.eu\/hr\/\",\"name\":\"Recreated\",\"description\":\"\",\"publisher\":{\"@id\":\"https:\/\/recreated.eu\/hr\/#organization\"},\"potentialAction\":[{\"@type\":\"SearchAction\",\"target\":{\"@type\":\"EntryPoint\",\"urlTemplate\":\"https:\/\/recreated.eu\/hr\/?s={search_term_string}\"},\"query-input\":\"required name=search_term_string\"}],\"inLanguage\":\"hr\"},{\"@type\":\"ImageObject\",\"@id\":\"https:\/\/recreated.eu\/hr\/product\/angelus-basic-set\/#primaryimage\",\"inLanguage\":\"hr\",\"url\":\"https:\/\/recreated.eu\/wp-content\/uploads\/2021\/05\/angelus-starter-set-5-kleuren.jpg\",\"contentUrl\":\"https:\/\/recreated.eu\/wp-content\/uploads\/2021\/05\/angelus-starter-set-5-kleuren.jpg\",\"width\":700,\"height\":700},{\"@type\":\"WebPage\",\"@id\":\"https:\/\/recreated.eu\/hr\/product\/angelus-basic-set\/#webpage\",\"url\":\"https:\/\/recreated.eu\/hr\/product\/angelus-basic-set\/\",\"name\":\"Angelus Basic set - Recreated\",\"isPartOf\":{\"@id\":\"https:\/\/recreated.eu\/hr\/#website\"},\"primaryImageOfPage\":{\"@id\":\"https:\/\/recreated.eu\/hr\/product\/angelus-basic-set\/#primaryimage\"},\"datePublished\":\"2021-07-04T18:38:14+00:00\",\"dateModified\":\"2024-04-07T22:12:45+00:00\",\"breadcrumb\":{\"@id\":\"https:\/\/recreated.eu\/hr\/product\/angelus-basic-set\/#breadcrumb\"},\"inLanguage\":\"hr\",\"potentialAction\":[{\"@type\":\"ReadAction\",\"target\":[\"https:\/\/recreated.eu\/hr\/product\/angelus-basic-set\/\"]}]},{\"@type\":\"BreadcrumbList\",\"@id\":\"https:\/\/recreated.eu\/hr\/product\/angelus-basic-set\/#breadcrumb\",\"itemListElement\":[{\"@type\":\"ListItem\",\"position\":1,\"name\":\"Po\\u010detna\",\"item\":\"https:\/\/recreated.eu\/hr\/\"},{\"@type\":\"ListItem\",\"position\":2,\"name\":\"Shop\",\"item\":\"https:\/\/recreated.eu\/hr\/shop\/\"},{\"@type\":\"ListItem\",\"position\":3,\"name\":\"Angelus Basic set\"}]}]}<\/script>\n<!-- \/ Yoast SEO plugin. -->","yoast_head_json":{"title":"Angelus Basic set - Recreated","robots":{"index":"index","follow":"follow","max-snippet":"max-snippet:-1","max-image-preview":"max-image-preview:large","max-video-preview":"max-video-preview:-1"},"canonical":"https:\/\/recreated.eu\/hr\/product\/angelus-basic-set\/","og_locale":"hr_HR","og_type":"article","og_title":"Angelus Basic set - Recreated","og_description":"Angelus Basic set sadr\u017ei osnove boje za ko\u017eu srednje gusto\u0107e. Ovaj set sadr\u017ei uravnote\u017eenu paletu od pet boja i set kistova koji \u0107e Vam pomo\u0107i u izgradnji Va\u0161eg kompleta (1x crna, 1x bijela, 1x crvena, 1x \u017euta, 1x plava, 1x Angelus sredstvo za pripremu ko\u017ee za bojanje i 1x set kistova s 5 razli\u010ditih kistova).","og_url":"https:\/\/recreated.eu\/hr\/product\/angelus-basic-set\/","og_site_name":"Recreated","article_publisher":"https:\/\/www.facebook.com\/recreated.eu\/","article_modified_time":"2024-04-07T22:12:45+00:00","og_image":[{"width":700,"height":700,"url":"https:\/\/recreated.eu\/wp-content\/uploads\/2021\/05\/angelus-starter-set-5-kleuren.jpg","path":"\/home\/recreate\/public_html\/wp-content\/uploads\/2021\/05\/angelus-starter-set-5-kleuren.jpg","size":"full","id":3465,"alt":"","pixels":490000,"type":"image\/jpeg"}],"twitter_card":"summary_large_image","twitter_misc":{"Procijenjeno vrijeme \u010ditanja":"1 minuta"},"schema":{"@context":"https:\/\/schema.org","@graph":[{"@type":"Organization","@id":"https:\/\/recreated.eu\/hr\/#organization","name":"Recreated","url":"https:\/\/recreated.eu\/hr\/","sameAs":["https:\/\/www.facebook.com\/recreated.eu\/","https:\/\/www.instagram.com\/recreated.eu\/"],"logo":{"@type":"ImageObject","@id":"https:\/\/recreated.eu\/hr\/#logo","inLanguage":"hr","url":"","contentUrl":"","caption":"Recreated"},"image":{"@id":"https:\/\/recreated.eu\/hr\/#logo"}},{"@type":"WebSite","@id":"https:\/\/recreated.eu\/hr\/#website","url":"https:\/\/recreated.eu\/hr\/","name":"Recreated","description":"","publisher":{"@id":"https:\/\/recreated.eu\/hr\/#organization"},"potentialAction":[{"@type":"SearchAction","target":{"@type":"EntryPoint","urlTemplate":"https:\/\/recreated.eu\/hr\/?s={search_term_string}"},"query-input":"required name=search_term_string"}],"inLanguage":"hr"},{"@type":"ImageObject","@id":"https:\/\/recreated.eu\/hr\/product\/angelus-basic-set\/#primaryimage","inLanguage":"hr","url":"https:\/\/recreated.eu\/wp-content\/uploads\/2021\/05\/angelus-starter-set-5-kleuren.jpg","contentUrl":"https:\/\/recreated.eu\/wp-content\/uploads\/2021\/05\/angelus-starter-set-5-kleuren.jpg","width":700,"height":700},{"@type":"WebPage","@id":"https:\/\/recreated.eu\/hr\/product\/angelus-basic-set\/#webpage","url":"https:\/\/recreated.eu\/hr\/product\/angelus-basic-set\/","name":"Angelus Basic set - Recreated","isPartOf":{"@id":"https:\/\/recreated.eu\/hr\/#website"},"primaryImageOfPage":{"@id":"https:\/\/recreated.eu\/hr\/product\/angelus-basic-set\/#primaryimage"},"datePublished":"2021-07-04T18:38:14+00:00","dateModified":"2024-04-07T22:12:45+00:00","breadcrumb":{"@id":"https:\/\/recreated.eu\/hr\/product\/angelus-basic-set\/#breadcrumb"},"inLanguage":"hr","potentialAction":[{"@type":"ReadAction","target":["https:\/\/recreated.eu\/hr\/product\/angelus-basic-set\/"]}]},{"@type":"BreadcrumbList","@id":"https:\/\/recreated.eu\/hr\/product\/angelus-basic-set\/#breadcrumb","itemListElement":[{"@type":"ListItem","position":1,"name":"Po\u010detna","item":"https:\/\/recreated.eu\/hr\/"},{"@type":"ListItem","position":2,"name":"Shop","item":"https:\/\/recreated.eu\/hr\/shop\/"},{"@type":"ListItem","position":3,"name":"Angelus Basic set"}]}]}},"_links":{"self":[{"href":"https:\/\/recreated.eu\/hr\/wp-json\/wp\/v2\/product\/5420"}],"collection":[{"href":"https:\/\/recreated.eu\/hr\/wp-json\/wp\/v2\/product"}],"about":[{"href":"https:\/\/recreated.eu\/hr\/wp-json\/wp\/v2\/types\/product"}],"wp:featuredmedia":[{"embeddable":true,"href":"https:\/\/recreated.eu\/hr\/wp-json\/wp\/v2\/media\/3465"}],"wp:attachment":[{"href":"https:\/\/recreated.eu\/hr\/wp-json\/wp\/v2\/media?parent=5420"}],"wp:term":[{"taxonomy":"product_cat","embeddable":true,"href":"https:\/\/recreated.eu\/hr\/wp-json\/wp\/v2\/product_cat?post=5420"},{"taxonomy":"product_tag","embeddable":true,"href":"https:\/\/recreated.eu\/hr\/wp-json\/wp\/v2\/product_tag?post=5420"}],"curies":[{"name":"wp","href":"https:\/\/api.w.org\/{rel}","templated":true}]}}