{"id":5421,"date":"2021-05-27T12:21:12","date_gmt":"2021-07-04T18:38:12","guid":{"rendered":"https:\/\/recreated.eu\/?post_type=product&#038;p=5421"},"modified":"2024-10-07T16:23:27","modified_gmt":"2024-10-07T14:23:27","slug":"angelus-balzam-za-kozu","status":"publish","type":"product","link":"https:\/\/recreated.eu\/hr\/product\/angelus-balzam-za-kozu\/","title":{"rendered":"Angelus balzam za ko\u017eu"},"content":{"rendered":"<p>Angelus balzam za ko\u017eu mje\u0161avina je karnauba voska, prirodnih ulja i sredstava za \u010di\u0161\u0107enje. Karnauba vosak dolazi iz karnauba palme u Brazilu i idealan je za sve vrste glatke ko\u017ee. S ovim njeguju\u0107im balzamom va\u0161i \u0107e ko\u017eni predmeti dulje ostati mekani i podatni. To sprje\u010dava pucanje ko\u017ee i produljuje trajanje boje.<\/p>\n<p>Ova izuzetno uspje\u0161na kombinacija karnauba voska, prirodnih ulja i sredstava za \u010di\u0161\u0107enje koristi se za tretiranje glatke ko\u017ee od 1907. godine.<\/p>\n<p>Stoga ga nanesite na predmete na kojima je va\u017eno da ne budu isu\u0161eni, poput \u010dizama, kaputa, presvlaka ili sedla. Sprije\u010dite o\u0161te\u0107enje ko\u017ee i dobro je podma\u017eite Angelus balzamom za ko\u017eu!<\/p>\n<h3><strong>Savjeti za upotrebu Angelus balzama za ko\u017eu:<\/strong><\/h3>\n<ul>\n<li>Masirajte Angelus balzam za ko\u017eu \u010distom krpom, pustite da se osu\u0161i, a zatim polirajte ko\u017eni predmet da dobije mekani sjaj.<\/li>\n<li>Sadr\u017eaj: 118 ml.<\/li>\n<li>Prije upotrebe testirajte na neupadljivom mjestu.<\/li>\n<\/ul>\n","protected":false},"excerpt":{"rendered":"<p>Angelus balzam za ko\u017eu njeguju\u0107i je ko\u017eni balzam koji Va\u0161e omiljenu ko\u017enu obu\u0107u, motociklisti\u010dku opremu ili druge ko\u017ene predmete dugo zadr\u017eava mekanima i podatnima.<\/p>\n","protected":false},"featured_media":3480,"template":"","meta":{"kt_blocks_editor_width":"","_kad_post_transparent":"","_kad_post_title":"","_kad_post_layout":"","_kad_post_sidebar_id":"","_kad_post_content_style":"","_kad_post_vertical_padding":"","_kad_post_feature":"","_kad_post_feature_position":"","_kad_post_header":false,"_kad_post_footer":false,"spay_email":""},"product_cat":[88],"product_tag":[],"yoast_head":"<!-- This site is optimized with the Yoast SEO plugin v16.8 - https:\/\/yoast.com\/wordpress\/plugins\/seo\/ -->\n<title>Angelus balzam za ko\u017eu - Recreated<\/title>\n<meta name=\"robots\" content=\"index, follow, max-snippet:-1, max-image-preview:large, max-video-preview:-1\" \/>\n<link rel=\"canonical\" href=\"https:\/\/recreated.eu\/hr\/product\/angelus-balzam-za-kozu\/\" \/>\n<meta property=\"og:locale\" content=\"hr_HR\" \/>\n<meta property=\"og:type\" content=\"article\" \/>\n<meta property=\"og:title\" content=\"Angelus balzam za ko\u017eu - Recreated\" \/>\n<meta property=\"og:description\" content=\"Angelus balzam za ko\u017eu njeguju\u0107i je ko\u017eni balzam koji Va\u0161e omiljenu ko\u017enu obu\u0107u, motociklisti\u010dku opremu ili druge ko\u017ene predmete dugo zadr\u017eava mekanima i podatnima.\" \/>\n<meta property=\"og:url\" content=\"https:\/\/recreated.eu\/hr\/product\/angelus-balzam-za-kozu\/\" \/>\n<meta property=\"og:site_name\" content=\"Recreated\" \/>\n<meta property=\"article:publisher\" content=\"https:\/\/www.facebook.com\/recreated.eu\/\" \/>\n<meta property=\"article:modified_time\" content=\"2024-10-07T14:23:27+00:00\" \/>\n<meta property=\"og:image\" content=\"https:\/\/recreated.eu\/wp-content\/uploads\/2021\/05\/angelus-leer-balm-118ml.jpg\" \/>\n\t<meta property=\"og:image:width\" content=\"700\" \/>\n\t<meta property=\"og:image:height\" content=\"700\" \/>\n<meta name=\"twitter:card\" content=\"summary_large_image\" \/>\n<meta name=\"twitter:label1\" content=\"Procijenjeno vrijeme \u010ditanja\" \/>\n\t<meta name=\"twitter:data1\" content=\"1 minuta\" \/>\n<script type=\"application\/ld+json\" class=\"yoast-schema-graph\">{\"@context\":\"https:\/\/schema.org\",\"@graph\":[{\"@type\":\"Organization\",\"@id\":\"https:\/\/recreated.eu\/hr\/#organization\",\"name\":\"Recreated\",\"url\":\"https:\/\/recreated.eu\/hr\/\",\"sameAs\":[\"https:\/\/www.facebook.com\/recreated.eu\/\",\"https:\/\/www.instagram.com\/recreated.eu\/\"],\"logo\":{\"@type\":\"ImageObject\",\"@id\":\"https:\/\/recreated.eu\/hr\/#logo\",\"inLanguage\":\"hr\",\"url\":\"\",\"contentUrl\":\"\",\"caption\":\"Recreated\"},\"image\":{\"@id\":\"https:\/\/recreated.eu\/hr\/#logo\"}},{\"@type\":\"WebSite\",\"@id\":\"https:\/\/recreated.eu\/hr\/#website\",\"url\":\"https:\/\/recreated.eu\/hr\/\",\"name\":\"Recreated\",\"description\":\"\",\"publisher\":{\"@id\":\"https:\/\/recreated.eu\/hr\/#organization\"},\"potentialAction\":[{\"@type\":\"SearchAction\",\"target\":{\"@type\":\"EntryPoint\",\"urlTemplate\":\"https:\/\/recreated.eu\/hr\/?s={search_term_string}\"},\"query-input\":\"required name=search_term_string\"}],\"inLanguage\":\"hr\"},{\"@type\":\"ImageObject\",\"@id\":\"https:\/\/recreated.eu\/hr\/product\/angelus-balzam-za-kozu\/#primaryimage\",\"inLanguage\":\"hr\",\"url\":\"https:\/\/recreated.eu\/wp-content\/uploads\/2021\/05\/angelus-leer-balm-118ml.jpg\",\"contentUrl\":\"https:\/\/recreated.eu\/wp-content\/uploads\/2021\/05\/angelus-leer-balm-118ml.jpg\",\"width\":700,\"height\":700},{\"@type\":\"WebPage\",\"@id\":\"https:\/\/recreated.eu\/hr\/product\/angelus-balzam-za-kozu\/#webpage\",\"url\":\"https:\/\/recreated.eu\/hr\/product\/angelus-balzam-za-kozu\/\",\"name\":\"Angelus balzam za ko\\u017eu - Recreated\",\"isPartOf\":{\"@id\":\"https:\/\/recreated.eu\/hr\/#website\"},\"primaryImageOfPage\":{\"@id\":\"https:\/\/recreated.eu\/hr\/product\/angelus-balzam-za-kozu\/#primaryimage\"},\"datePublished\":\"2021-07-04T18:38:12+00:00\",\"dateModified\":\"2024-10-07T14:23:27+00:00\",\"breadcrumb\":{\"@id\":\"https:\/\/recreated.eu\/hr\/product\/angelus-balzam-za-kozu\/#breadcrumb\"},\"inLanguage\":\"hr\",\"potentialAction\":[{\"@type\":\"ReadAction\",\"target\":[\"https:\/\/recreated.eu\/hr\/product\/angelus-balzam-za-kozu\/\"]}]},{\"@type\":\"BreadcrumbList\",\"@id\":\"https:\/\/recreated.eu\/hr\/product\/angelus-balzam-za-kozu\/#breadcrumb\",\"itemListElement\":[{\"@type\":\"ListItem\",\"position\":1,\"name\":\"Po\\u010detna\",\"item\":\"https:\/\/recreated.eu\/hr\/\"},{\"@type\":\"ListItem\",\"position\":2,\"name\":\"Shop\",\"item\":\"https:\/\/recreated.eu\/hr\/shop\/\"},{\"@type\":\"ListItem\",\"position\":3,\"name\":\"Angelus balzam za ko\\u017eu\"}]}]}<\/script>\n<!-- \/ Yoast SEO plugin. -->","yoast_head_json":{"title":"Angelus balzam za ko\u017eu - Recreated","robots":{"index":"index","follow":"follow","max-snippet":"max-snippet:-1","max-image-preview":"max-image-preview:large","max-video-preview":"max-video-preview:-1"},"canonical":"https:\/\/recreated.eu\/hr\/product\/angelus-balzam-za-kozu\/","og_locale":"hr_HR","og_type":"article","og_title":"Angelus balzam za ko\u017eu - Recreated","og_description":"Angelus balzam za ko\u017eu njeguju\u0107i je ko\u017eni balzam koji Va\u0161e omiljenu ko\u017enu obu\u0107u, motociklisti\u010dku opremu ili druge ko\u017ene predmete dugo zadr\u017eava mekanima i podatnima.","og_url":"https:\/\/recreated.eu\/hr\/product\/angelus-balzam-za-kozu\/","og_site_name":"Recreated","article_publisher":"https:\/\/www.facebook.com\/recreated.eu\/","article_modified_time":"2024-10-07T14:23:27+00:00","og_image":[{"width":700,"height":700,"url":"https:\/\/recreated.eu\/wp-content\/uploads\/2021\/05\/angelus-leer-balm-118ml.jpg","path":"\/home\/recreate\/public_html\/wp-content\/uploads\/2021\/05\/angelus-leer-balm-118ml.jpg","size":"full","id":3480,"alt":"","pixels":490000,"type":"image\/jpeg"}],"twitter_card":"summary_large_image","twitter_misc":{"Procijenjeno vrijeme \u010ditanja":"1 minuta"},"schema":{"@context":"https:\/\/schema.org","@graph":[{"@type":"Organization","@id":"https:\/\/recreated.eu\/hr\/#organization","name":"Recreated","url":"https:\/\/recreated.eu\/hr\/","sameAs":["https:\/\/www.facebook.com\/recreated.eu\/","https:\/\/www.instagram.com\/recreated.eu\/"],"logo":{"@type":"ImageObject","@id":"https:\/\/recreated.eu\/hr\/#logo","inLanguage":"hr","url":"","contentUrl":"","caption":"Recreated"},"image":{"@id":"https:\/\/recreated.eu\/hr\/#logo"}},{"@type":"WebSite","@id":"https:\/\/recreated.eu\/hr\/#website","url":"https:\/\/recreated.eu\/hr\/","name":"Recreated","description":"","publisher":{"@id":"https:\/\/recreated.eu\/hr\/#organization"},"potentialAction":[{"@type":"SearchAction","target":{"@type":"EntryPoint","urlTemplate":"https:\/\/recreated.eu\/hr\/?s={search_term_string}"},"query-input":"required name=search_term_string"}],"inLanguage":"hr"},{"@type":"ImageObject","@id":"https:\/\/recreated.eu\/hr\/product\/angelus-balzam-za-kozu\/#primaryimage","inLanguage":"hr","url":"https:\/\/recreated.eu\/wp-content\/uploads\/2021\/05\/angelus-leer-balm-118ml.jpg","contentUrl":"https:\/\/recreated.eu\/wp-content\/uploads\/2021\/05\/angelus-leer-balm-118ml.jpg","width":700,"height":700},{"@type":"WebPage","@id":"https:\/\/recreated.eu\/hr\/product\/angelus-balzam-za-kozu\/#webpage","url":"https:\/\/recreated.eu\/hr\/product\/angelus-balzam-za-kozu\/","name":"Angelus balzam za ko\u017eu - Recreated","isPartOf":{"@id":"https:\/\/recreated.eu\/hr\/#website"},"primaryImageOfPage":{"@id":"https:\/\/recreated.eu\/hr\/product\/angelus-balzam-za-kozu\/#primaryimage"},"datePublished":"2021-07-04T18:38:12+00:00","dateModified":"2024-10-07T14:23:27+00:00","breadcrumb":{"@id":"https:\/\/recreated.eu\/hr\/product\/angelus-balzam-za-kozu\/#breadcrumb"},"inLanguage":"hr","potentialAction":[{"@type":"ReadAction","target":["https:\/\/recreated.eu\/hr\/product\/angelus-balzam-za-kozu\/"]}]},{"@type":"BreadcrumbList","@id":"https:\/\/recreated.eu\/hr\/product\/angelus-balzam-za-kozu\/#breadcrumb","itemListElement":[{"@type":"ListItem","position":1,"name":"Po\u010detna","item":"https:\/\/recreated.eu\/hr\/"},{"@type":"ListItem","position":2,"name":"Shop","item":"https:\/\/recreated.eu\/hr\/shop\/"},{"@type":"ListItem","position":3,"name":"Angelus balzam za ko\u017eu"}]}]}},"_links":{"self":[{"href":"https:\/\/recreated.eu\/hr\/wp-json\/wp\/v2\/product\/5421"}],"collection":[{"href":"https:\/\/recreated.eu\/hr\/wp-json\/wp\/v2\/product"}],"about":[{"href":"https:\/\/recreated.eu\/hr\/wp-json\/wp\/v2\/types\/product"}],"wp:featuredmedia":[{"embeddable":true,"href":"https:\/\/recreated.eu\/hr\/wp-json\/wp\/v2\/media\/3480"}],"wp:attachment":[{"href":"https:\/\/recreated.eu\/hr\/wp-json\/wp\/v2\/media?parent=5421"}],"wp:term":[{"taxonomy":"product_cat","embeddable":true,"href":"https:\/\/recreated.eu\/hr\/wp-json\/wp\/v2\/product_cat?post=5421"},{"taxonomy":"product_tag","embeddable":true,"href":"https:\/\/recreated.eu\/hr\/wp-json\/wp\/v2\/product_tag?post=5421"}],"curies":[{"name":"wp","href":"https:\/\/api.w.org\/{rel}","templated":true}]}}