{"id":5423,"date":"2021-05-27T12:15:23","date_gmt":"2021-07-04T18:38:13","guid":{"rendered":"https:\/\/recreated.eu\/?post_type=product&#038;p=5423"},"modified":"2023-08-09T14:15:13","modified_gmt":"2023-08-09T12:15:13","slug":"angelus-kunino-ulje","status":"publish","type":"product","link":"https:\/\/recreated.eu\/hr\/product\/angelus-kunino-ulje\/","title":{"rendered":"Angelus kunino ulje"},"content":{"rendered":"<p>Njegova jedinstvena svojstva koja odr\u017eavaju ko\u017eu u savr\u0161enom stanju \u010dine Angelus kunino ulje najboljim proizvodom za njegu ko\u017ee. Dakle, ako ste kupili potpuno novi par ko\u017enih \u010dizama ili \u017eelite da Vam omiljeni par potraje, ulje od Angelus kunino ulje poma\u017ee u spre\u010davanju mrlja i osigurava du\u017ei \u017eivotni vijek Va\u0161eg omiljenog ko\u017enog predmeta.<\/p>\n<h3><strong>Savjeti za uporabu Angelus kuninog ulja:<\/strong><\/h3>\n<ul>\n<li>O\u010distite povr\u0161inu ko\u017ee prije upotrebe s Angelus sredstvom za pripremu ko\u017ee.<\/li>\n<li>Zatim nanesite kunino ulje \u010distom krpom i pustite da se dobro upije.<\/li>\n<li>Ostavite da se predmet su\u0161i 5-10 minuta, a zatim ga ispolirajte.<\/li>\n<li>Imajte na umu da ko\u017ea mo\u017ee malo potamniti nakon upotrebe Angelus kuninog ulja.<\/li>\n<li>Stoga uvijek prvo isprobajte proizvod na neupadljivom mjestu kako biste bili sigurni da je boja nakon upotrebe ona koju ste htjeli.<\/li>\n<li>Uz ko\u017eu, Angelus kunino ulje mo\u017eete koristiti i na vinilu, i plastici.<\/li>\n<li>Sadr\u017eaj: 236 ml.<\/li>\n<\/ul>\n","protected":false},"excerpt":{"rendered":"<p>Angelus kunino ulje je ulje koje je godinama popularno zbog svojih jedinstvenih svojstava odr\u017eavanja ko\u017ee u savr\u0161enom stanju. Ono odr\u017eava ko\u017eu podatnom, mekom i vodootpornom te sprje\u010dava pukotine. Ulje produ\u017euje \u017eivot Va\u0161eg omiljenog ko\u017enog predmeta, tako da mo\u017eete u\u017eivati u njemu jo\u0161 dugo vremena.<\/p>\n","protected":false},"featured_media":3477,"template":"","meta":{"kt_blocks_editor_width":"","_kad_post_transparent":"","_kad_post_title":"","_kad_post_layout":"","_kad_post_sidebar_id":"","_kad_post_content_style":"","_kad_post_vertical_padding":"","_kad_post_feature":"","_kad_post_feature_position":"","_kad_post_header":false,"_kad_post_footer":false,"spay_email":""},"product_cat":[88],"product_tag":[],"yoast_head":"<!-- This site is optimized with the Yoast SEO plugin v16.8 - https:\/\/yoast.com\/wordpress\/plugins\/seo\/ -->\n<title>Angelus kunino ulje - Recreated<\/title>\n<meta name=\"robots\" content=\"index, follow, max-snippet:-1, max-image-preview:large, max-video-preview:-1\" \/>\n<link rel=\"canonical\" href=\"https:\/\/recreated.eu\/hr\/product\/angelus-kunino-ulje\/\" \/>\n<meta property=\"og:locale\" content=\"hr_HR\" \/>\n<meta property=\"og:type\" content=\"article\" \/>\n<meta property=\"og:title\" content=\"Angelus kunino ulje - Recreated\" \/>\n<meta property=\"og:description\" content=\"Angelus kunino ulje je ulje koje je godinama popularno zbog svojih jedinstvenih svojstava odr\u017eavanja ko\u017ee u savr\u0161enom stanju. Ono odr\u017eava ko\u017eu podatnom, mekom i vodootpornom te sprje\u010dava pukotine. Ulje produ\u017euje \u017eivot Va\u0161eg omiljenog ko\u017enog predmeta, tako da mo\u017eete u\u017eivati u njemu jo\u0161 dugo vremena.\" \/>\n<meta property=\"og:url\" content=\"https:\/\/recreated.eu\/hr\/product\/angelus-kunino-ulje\/\" \/>\n<meta property=\"og:site_name\" content=\"Recreated\" \/>\n<meta property=\"article:publisher\" content=\"https:\/\/www.facebook.com\/recreated.eu\/\" \/>\n<meta property=\"article:modified_time\" content=\"2023-08-09T12:15:13+00:00\" \/>\n<meta property=\"og:image\" content=\"https:\/\/recreated.eu\/wp-content\/uploads\/2021\/05\/angelus-mink-oil-236ml.jpg\" \/>\n\t<meta property=\"og:image:width\" content=\"700\" \/>\n\t<meta property=\"og:image:height\" content=\"700\" \/>\n<meta name=\"twitter:card\" content=\"summary_large_image\" \/>\n<meta name=\"twitter:label1\" content=\"Procijenjeno vrijeme \u010ditanja\" \/>\n\t<meta name=\"twitter:data1\" content=\"1 minuta\" \/>\n<script type=\"application\/ld+json\" class=\"yoast-schema-graph\">{\"@context\":\"https:\/\/schema.org\",\"@graph\":[{\"@type\":\"Organization\",\"@id\":\"https:\/\/recreated.eu\/hr\/#organization\",\"name\":\"Recreated\",\"url\":\"https:\/\/recreated.eu\/hr\/\",\"sameAs\":[\"https:\/\/www.facebook.com\/recreated.eu\/\",\"https:\/\/www.instagram.com\/recreated.eu\/\"],\"logo\":{\"@type\":\"ImageObject\",\"@id\":\"https:\/\/recreated.eu\/hr\/#logo\",\"inLanguage\":\"hr\",\"url\":\"\",\"contentUrl\":\"\",\"caption\":\"Recreated\"},\"image\":{\"@id\":\"https:\/\/recreated.eu\/hr\/#logo\"}},{\"@type\":\"WebSite\",\"@id\":\"https:\/\/recreated.eu\/hr\/#website\",\"url\":\"https:\/\/recreated.eu\/hr\/\",\"name\":\"Recreated\",\"description\":\"\",\"publisher\":{\"@id\":\"https:\/\/recreated.eu\/hr\/#organization\"},\"potentialAction\":[{\"@type\":\"SearchAction\",\"target\":{\"@type\":\"EntryPoint\",\"urlTemplate\":\"https:\/\/recreated.eu\/hr\/?s={search_term_string}\"},\"query-input\":\"required name=search_term_string\"}],\"inLanguage\":\"hr\"},{\"@type\":\"ImageObject\",\"@id\":\"https:\/\/recreated.eu\/hr\/product\/angelus-kunino-ulje\/#primaryimage\",\"inLanguage\":\"hr\",\"url\":\"https:\/\/recreated.eu\/wp-content\/uploads\/2021\/05\/angelus-mink-oil-236ml.jpg\",\"contentUrl\":\"https:\/\/recreated.eu\/wp-content\/uploads\/2021\/05\/angelus-mink-oil-236ml.jpg\",\"width\":700,\"height\":700},{\"@type\":\"WebPage\",\"@id\":\"https:\/\/recreated.eu\/hr\/product\/angelus-kunino-ulje\/#webpage\",\"url\":\"https:\/\/recreated.eu\/hr\/product\/angelus-kunino-ulje\/\",\"name\":\"Angelus kunino ulje - Recreated\",\"isPartOf\":{\"@id\":\"https:\/\/recreated.eu\/hr\/#website\"},\"primaryImageOfPage\":{\"@id\":\"https:\/\/recreated.eu\/hr\/product\/angelus-kunino-ulje\/#primaryimage\"},\"datePublished\":\"2021-07-04T18:38:13+00:00\",\"dateModified\":\"2023-08-09T12:15:13+00:00\",\"breadcrumb\":{\"@id\":\"https:\/\/recreated.eu\/hr\/product\/angelus-kunino-ulje\/#breadcrumb\"},\"inLanguage\":\"hr\",\"potentialAction\":[{\"@type\":\"ReadAction\",\"target\":[\"https:\/\/recreated.eu\/hr\/product\/angelus-kunino-ulje\/\"]}]},{\"@type\":\"BreadcrumbList\",\"@id\":\"https:\/\/recreated.eu\/hr\/product\/angelus-kunino-ulje\/#breadcrumb\",\"itemListElement\":[{\"@type\":\"ListItem\",\"position\":1,\"name\":\"Po\\u010detna\",\"item\":\"https:\/\/recreated.eu\/hr\/\"},{\"@type\":\"ListItem\",\"position\":2,\"name\":\"Shop\",\"item\":\"https:\/\/recreated.eu\/hr\/shop\/\"},{\"@type\":\"ListItem\",\"position\":3,\"name\":\"Angelus kunino ulje\"}]}]}<\/script>\n<!-- \/ Yoast SEO plugin. -->","yoast_head_json":{"title":"Angelus kunino ulje - Recreated","robots":{"index":"index","follow":"follow","max-snippet":"max-snippet:-1","max-image-preview":"max-image-preview:large","max-video-preview":"max-video-preview:-1"},"canonical":"https:\/\/recreated.eu\/hr\/product\/angelus-kunino-ulje\/","og_locale":"hr_HR","og_type":"article","og_title":"Angelus kunino ulje - Recreated","og_description":"Angelus kunino ulje je ulje koje je godinama popularno zbog svojih jedinstvenih svojstava odr\u017eavanja ko\u017ee u savr\u0161enom stanju. Ono odr\u017eava ko\u017eu podatnom, mekom i vodootpornom te sprje\u010dava pukotine. Ulje produ\u017euje \u017eivot Va\u0161eg omiljenog ko\u017enog predmeta, tako da mo\u017eete u\u017eivati u njemu jo\u0161 dugo vremena.","og_url":"https:\/\/recreated.eu\/hr\/product\/angelus-kunino-ulje\/","og_site_name":"Recreated","article_publisher":"https:\/\/www.facebook.com\/recreated.eu\/","article_modified_time":"2023-08-09T12:15:13+00:00","og_image":[{"width":700,"height":700,"url":"https:\/\/recreated.eu\/wp-content\/uploads\/2021\/05\/angelus-mink-oil-236ml.jpg","path":"\/home\/recreate\/public_html\/wp-content\/uploads\/2021\/05\/angelus-mink-oil-236ml.jpg","size":"full","id":3477,"alt":"","pixels":490000,"type":"image\/jpeg"}],"twitter_card":"summary_large_image","twitter_misc":{"Procijenjeno vrijeme \u010ditanja":"1 minuta"},"schema":{"@context":"https:\/\/schema.org","@graph":[{"@type":"Organization","@id":"https:\/\/recreated.eu\/hr\/#organization","name":"Recreated","url":"https:\/\/recreated.eu\/hr\/","sameAs":["https:\/\/www.facebook.com\/recreated.eu\/","https:\/\/www.instagram.com\/recreated.eu\/"],"logo":{"@type":"ImageObject","@id":"https:\/\/recreated.eu\/hr\/#logo","inLanguage":"hr","url":"","contentUrl":"","caption":"Recreated"},"image":{"@id":"https:\/\/recreated.eu\/hr\/#logo"}},{"@type":"WebSite","@id":"https:\/\/recreated.eu\/hr\/#website","url":"https:\/\/recreated.eu\/hr\/","name":"Recreated","description":"","publisher":{"@id":"https:\/\/recreated.eu\/hr\/#organization"},"potentialAction":[{"@type":"SearchAction","target":{"@type":"EntryPoint","urlTemplate":"https:\/\/recreated.eu\/hr\/?s={search_term_string}"},"query-input":"required name=search_term_string"}],"inLanguage":"hr"},{"@type":"ImageObject","@id":"https:\/\/recreated.eu\/hr\/product\/angelus-kunino-ulje\/#primaryimage","inLanguage":"hr","url":"https:\/\/recreated.eu\/wp-content\/uploads\/2021\/05\/angelus-mink-oil-236ml.jpg","contentUrl":"https:\/\/recreated.eu\/wp-content\/uploads\/2021\/05\/angelus-mink-oil-236ml.jpg","width":700,"height":700},{"@type":"WebPage","@id":"https:\/\/recreated.eu\/hr\/product\/angelus-kunino-ulje\/#webpage","url":"https:\/\/recreated.eu\/hr\/product\/angelus-kunino-ulje\/","name":"Angelus kunino ulje - Recreated","isPartOf":{"@id":"https:\/\/recreated.eu\/hr\/#website"},"primaryImageOfPage":{"@id":"https:\/\/recreated.eu\/hr\/product\/angelus-kunino-ulje\/#primaryimage"},"datePublished":"2021-07-04T18:38:13+00:00","dateModified":"2023-08-09T12:15:13+00:00","breadcrumb":{"@id":"https:\/\/recreated.eu\/hr\/product\/angelus-kunino-ulje\/#breadcrumb"},"inLanguage":"hr","potentialAction":[{"@type":"ReadAction","target":["https:\/\/recreated.eu\/hr\/product\/angelus-kunino-ulje\/"]}]},{"@type":"BreadcrumbList","@id":"https:\/\/recreated.eu\/hr\/product\/angelus-kunino-ulje\/#breadcrumb","itemListElement":[{"@type":"ListItem","position":1,"name":"Po\u010detna","item":"https:\/\/recreated.eu\/hr\/"},{"@type":"ListItem","position":2,"name":"Shop","item":"https:\/\/recreated.eu\/hr\/shop\/"},{"@type":"ListItem","position":3,"name":"Angelus kunino ulje"}]}]}},"_links":{"self":[{"href":"https:\/\/recreated.eu\/hr\/wp-json\/wp\/v2\/product\/5423"}],"collection":[{"href":"https:\/\/recreated.eu\/hr\/wp-json\/wp\/v2\/product"}],"about":[{"href":"https:\/\/recreated.eu\/hr\/wp-json\/wp\/v2\/types\/product"}],"wp:featuredmedia":[{"embeddable":true,"href":"https:\/\/recreated.eu\/hr\/wp-json\/wp\/v2\/media\/3477"}],"wp:attachment":[{"href":"https:\/\/recreated.eu\/hr\/wp-json\/wp\/v2\/media?parent=5423"}],"wp:term":[{"taxonomy":"product_cat","embeddable":true,"href":"https:\/\/recreated.eu\/hr\/wp-json\/wp\/v2\/product_cat?post=5423"},{"taxonomy":"product_tag","embeddable":true,"href":"https:\/\/recreated.eu\/hr\/wp-json\/wp\/v2\/product_tag?post=5423"}],"curies":[{"name":"wp","href":"https:\/\/api.w.org\/{rel}","templated":true}]}}