{"id":5985,"date":"2021-06-28T11:18:30","date_gmt":"2021-06-28T09:18:31","guid":{"rendered":"https:\/\/recreated.eu\/?post_type=product&#038;p=5985"},"modified":"2023-02-08T17:13:49","modified_gmt":"2023-02-08T16:13:49","slug":"angelus-premium-microfiber-rucnik","status":"publish","type":"product","link":"https:\/\/recreated.eu\/hr\/product\/angelus-premium-microfiber-rucnik\/","title":{"rendered":"Angelus Premium ru\u010dnik od mikrovlakana"},"content":{"rendered":"<p>Najbolji, a samim time i naj\u010di\u0161\u0107i rezultat posti\u017eete kada koristite ovaj ru\u010dnik od mikrovlakana u kombinaciji s Angelus Easy Cleanerom ili Angelus vi\u0161enamjenskim sredstvom za \u010di\u0161\u0107enje. Nakon \u0161to o\u010distite ko\u017ene cipele ili druge ko\u017ene predmete Angelus Easy Cleaner-om ili vi\u0161enamjenskim sredstvom za \u010di\u0161\u0107enje, upotrijebite ovaj ru\u010dnik od mikrofibre za su\u0161enje va\u0161eg ko\u017enog predmeta.<\/p>\n<p>Ru\u010dnici od mikrovlakana nazivaju se i &#8220;\u010dudotvornim ru\u010dnicima&#8221;, jer struktura tih ru\u010dnika osigurava \u010disti rezultat \u010dak i bez proizvoda za \u010di\u0161\u0107enje. U tkanini se nalaze tisu\u0107e vlakana koje stru\u017eu prljav\u0161tinu s povr\u0161ine. Uz to, ova tkanina ima visoku upijaju\u0107u sposobnost i mo\u017ee upiti vode \u010dak i do 8x vlastite te\u017eine.<\/p>\n<h3><strong>Specifikacije Angelus krpe od mikrovlakana:<\/strong><\/h3>\n<ul>\n<li>Ru\u010dnik je veli\u010dine 30 x 30 cm.<\/li>\n<li>Ru\u010dnik se sastoji od mikrovlakana.<\/li>\n<li>Pranje u perilici rublja.<\/li>\n<li>Napomena: nemojte koristiti omek\u0161iva\u010d prilikom pranja u perilici rublja. To smanjuje upijanje tkanine.<\/li>\n<\/ul>\n","protected":false},"excerpt":{"rendered":"<p>Angelus ru\u010dnik sa mikrovlaknima je vrhunski ru\u010dnik za \u010di\u0161\u0107enje ko\u017ee. A pravilno \u010di\u0161\u0107enje je bitan korak ako \u017eelite obojati ko\u017eu i posti\u0107i najbolje rezultate! \u010cista ko\u017ea osigurava dobro prianjanje boje.<\/p>\n","protected":false},"featured_media":5987,"template":"","meta":{"kt_blocks_editor_width":"","_kad_post_transparent":"","_kad_post_title":"","_kad_post_layout":"","_kad_post_sidebar_id":"","_kad_post_content_style":"","_kad_post_vertical_padding":"","_kad_post_feature":"","_kad_post_feature_position":"","_kad_post_header":false,"_kad_post_footer":false,"spay_email":""},"product_cat":[77,88],"product_tag":[],"yoast_head":"<!-- This site is optimized with the Yoast SEO plugin v16.8 - https:\/\/yoast.com\/wordpress\/plugins\/seo\/ -->\n<title>Angelus Premium ru\u010dnik od mikrovlakana - Recreated<\/title>\n<meta name=\"robots\" content=\"index, follow, max-snippet:-1, max-image-preview:large, max-video-preview:-1\" \/>\n<link rel=\"canonical\" href=\"https:\/\/recreated.eu\/hr\/product\/angelus-premium-microfiber-rucnik\/\" \/>\n<meta property=\"og:locale\" content=\"hr_HR\" \/>\n<meta property=\"og:type\" content=\"article\" \/>\n<meta property=\"og:title\" content=\"Angelus Premium ru\u010dnik od mikrovlakana - Recreated\" \/>\n<meta property=\"og:description\" content=\"Angelus ru\u010dnik sa mikrovlaknima je vrhunski ru\u010dnik za \u010di\u0161\u0107enje ko\u017ee. A pravilno \u010di\u0161\u0107enje je bitan korak ako \u017eelite obojati ko\u017eu i posti\u0107i najbolje rezultate! \u010cista ko\u017ea osigurava dobro prianjanje boje.\" \/>\n<meta property=\"og:url\" content=\"https:\/\/recreated.eu\/hr\/product\/angelus-premium-microfiber-rucnik\/\" \/>\n<meta property=\"og:site_name\" content=\"Recreated\" \/>\n<meta property=\"article:publisher\" content=\"https:\/\/www.facebook.com\/recreated.eu\/\" \/>\n<meta property=\"article:modified_time\" content=\"2023-02-08T16:13:49+00:00\" \/>\n<meta property=\"og:image\" content=\"https:\/\/recreated.eu\/wp-content\/uploads\/2021\/06\/angelus-microfiber-doek.jpg\" \/>\n\t<meta property=\"og:image:width\" content=\"1000\" \/>\n\t<meta property=\"og:image:height\" content=\"1000\" \/>\n<meta name=\"twitter:card\" content=\"summary_large_image\" \/>\n<meta name=\"twitter:label1\" content=\"Procijenjeno vrijeme \u010ditanja\" \/>\n\t<meta name=\"twitter:data1\" content=\"1 minuta\" \/>\n<script type=\"application\/ld+json\" class=\"yoast-schema-graph\">{\"@context\":\"https:\/\/schema.org\",\"@graph\":[{\"@type\":\"Organization\",\"@id\":\"https:\/\/recreated.eu\/hr\/#organization\",\"name\":\"Recreated\",\"url\":\"https:\/\/recreated.eu\/hr\/\",\"sameAs\":[\"https:\/\/www.facebook.com\/recreated.eu\/\",\"https:\/\/www.instagram.com\/recreated.eu\/\"],\"logo\":{\"@type\":\"ImageObject\",\"@id\":\"https:\/\/recreated.eu\/hr\/#logo\",\"inLanguage\":\"hr\",\"url\":\"\",\"contentUrl\":\"\",\"caption\":\"Recreated\"},\"image\":{\"@id\":\"https:\/\/recreated.eu\/hr\/#logo\"}},{\"@type\":\"WebSite\",\"@id\":\"https:\/\/recreated.eu\/hr\/#website\",\"url\":\"https:\/\/recreated.eu\/hr\/\",\"name\":\"Recreated\",\"description\":\"\",\"publisher\":{\"@id\":\"https:\/\/recreated.eu\/hr\/#organization\"},\"potentialAction\":[{\"@type\":\"SearchAction\",\"target\":{\"@type\":\"EntryPoint\",\"urlTemplate\":\"https:\/\/recreated.eu\/hr\/?s={search_term_string}\"},\"query-input\":\"required name=search_term_string\"}],\"inLanguage\":\"hr\"},{\"@type\":\"ImageObject\",\"@id\":\"https:\/\/recreated.eu\/hr\/product\/angelus-premium-microfiber-rucnik\/#primaryimage\",\"inLanguage\":\"hr\",\"url\":\"https:\/\/recreated.eu\/wp-content\/uploads\/2021\/06\/angelus-microfiber-doek.jpg\",\"contentUrl\":\"https:\/\/recreated.eu\/wp-content\/uploads\/2021\/06\/angelus-microfiber-doek.jpg\",\"width\":1000,\"height\":1000},{\"@type\":\"WebPage\",\"@id\":\"https:\/\/recreated.eu\/hr\/product\/angelus-premium-microfiber-rucnik\/#webpage\",\"url\":\"https:\/\/recreated.eu\/hr\/product\/angelus-premium-microfiber-rucnik\/\",\"name\":\"Angelus Premium ru\\u010dnik od mikrovlakana - Recreated\",\"isPartOf\":{\"@id\":\"https:\/\/recreated.eu\/hr\/#website\"},\"primaryImageOfPage\":{\"@id\":\"https:\/\/recreated.eu\/hr\/product\/angelus-premium-microfiber-rucnik\/#primaryimage\"},\"datePublished\":\"2021-06-28T09:18:31+00:00\",\"dateModified\":\"2023-02-08T16:13:49+00:00\",\"breadcrumb\":{\"@id\":\"https:\/\/recreated.eu\/hr\/product\/angelus-premium-microfiber-rucnik\/#breadcrumb\"},\"inLanguage\":\"hr\",\"potentialAction\":[{\"@type\":\"ReadAction\",\"target\":[\"https:\/\/recreated.eu\/hr\/product\/angelus-premium-microfiber-rucnik\/\"]}]},{\"@type\":\"BreadcrumbList\",\"@id\":\"https:\/\/recreated.eu\/hr\/product\/angelus-premium-microfiber-rucnik\/#breadcrumb\",\"itemListElement\":[{\"@type\":\"ListItem\",\"position\":1,\"name\":\"Po\\u010detna\",\"item\":\"https:\/\/recreated.eu\/hr\/\"},{\"@type\":\"ListItem\",\"position\":2,\"name\":\"Shop\",\"item\":\"https:\/\/recreated.eu\/hr\/shop\/\"},{\"@type\":\"ListItem\",\"position\":3,\"name\":\"Angelus Premium ru\\u010dnik od mikrovlakana\"}]}]}<\/script>\n<!-- \/ Yoast SEO plugin. -->","yoast_head_json":{"title":"Angelus Premium ru\u010dnik od mikrovlakana - Recreated","robots":{"index":"index","follow":"follow","max-snippet":"max-snippet:-1","max-image-preview":"max-image-preview:large","max-video-preview":"max-video-preview:-1"},"canonical":"https:\/\/recreated.eu\/hr\/product\/angelus-premium-microfiber-rucnik\/","og_locale":"hr_HR","og_type":"article","og_title":"Angelus Premium ru\u010dnik od mikrovlakana - Recreated","og_description":"Angelus ru\u010dnik sa mikrovlaknima je vrhunski ru\u010dnik za \u010di\u0161\u0107enje ko\u017ee. A pravilno \u010di\u0161\u0107enje je bitan korak ako \u017eelite obojati ko\u017eu i posti\u0107i najbolje rezultate! \u010cista ko\u017ea osigurava dobro prianjanje boje.","og_url":"https:\/\/recreated.eu\/hr\/product\/angelus-premium-microfiber-rucnik\/","og_site_name":"Recreated","article_publisher":"https:\/\/www.facebook.com\/recreated.eu\/","article_modified_time":"2023-02-08T16:13:49+00:00","og_image":[{"width":1000,"height":1000,"url":"https:\/\/recreated.eu\/wp-content\/uploads\/2021\/06\/angelus-microfiber-doek.jpg","path":"\/home\/recreate\/public_html\/wp-content\/uploads\/2021\/06\/angelus-microfiber-doek.jpg","size":"full","id":5987,"alt":"","pixels":1000000,"type":"image\/jpeg"}],"twitter_card":"summary_large_image","twitter_misc":{"Procijenjeno vrijeme \u010ditanja":"1 minuta"},"schema":{"@context":"https:\/\/schema.org","@graph":[{"@type":"Organization","@id":"https:\/\/recreated.eu\/hr\/#organization","name":"Recreated","url":"https:\/\/recreated.eu\/hr\/","sameAs":["https:\/\/www.facebook.com\/recreated.eu\/","https:\/\/www.instagram.com\/recreated.eu\/"],"logo":{"@type":"ImageObject","@id":"https:\/\/recreated.eu\/hr\/#logo","inLanguage":"hr","url":"","contentUrl":"","caption":"Recreated"},"image":{"@id":"https:\/\/recreated.eu\/hr\/#logo"}},{"@type":"WebSite","@id":"https:\/\/recreated.eu\/hr\/#website","url":"https:\/\/recreated.eu\/hr\/","name":"Recreated","description":"","publisher":{"@id":"https:\/\/recreated.eu\/hr\/#organization"},"potentialAction":[{"@type":"SearchAction","target":{"@type":"EntryPoint","urlTemplate":"https:\/\/recreated.eu\/hr\/?s={search_term_string}"},"query-input":"required name=search_term_string"}],"inLanguage":"hr"},{"@type":"ImageObject","@id":"https:\/\/recreated.eu\/hr\/product\/angelus-premium-microfiber-rucnik\/#primaryimage","inLanguage":"hr","url":"https:\/\/recreated.eu\/wp-content\/uploads\/2021\/06\/angelus-microfiber-doek.jpg","contentUrl":"https:\/\/recreated.eu\/wp-content\/uploads\/2021\/06\/angelus-microfiber-doek.jpg","width":1000,"height":1000},{"@type":"WebPage","@id":"https:\/\/recreated.eu\/hr\/product\/angelus-premium-microfiber-rucnik\/#webpage","url":"https:\/\/recreated.eu\/hr\/product\/angelus-premium-microfiber-rucnik\/","name":"Angelus Premium ru\u010dnik od mikrovlakana - Recreated","isPartOf":{"@id":"https:\/\/recreated.eu\/hr\/#website"},"primaryImageOfPage":{"@id":"https:\/\/recreated.eu\/hr\/product\/angelus-premium-microfiber-rucnik\/#primaryimage"},"datePublished":"2021-06-28T09:18:31+00:00","dateModified":"2023-02-08T16:13:49+00:00","breadcrumb":{"@id":"https:\/\/recreated.eu\/hr\/product\/angelus-premium-microfiber-rucnik\/#breadcrumb"},"inLanguage":"hr","potentialAction":[{"@type":"ReadAction","target":["https:\/\/recreated.eu\/hr\/product\/angelus-premium-microfiber-rucnik\/"]}]},{"@type":"BreadcrumbList","@id":"https:\/\/recreated.eu\/hr\/product\/angelus-premium-microfiber-rucnik\/#breadcrumb","itemListElement":[{"@type":"ListItem","position":1,"name":"Po\u010detna","item":"https:\/\/recreated.eu\/hr\/"},{"@type":"ListItem","position":2,"name":"Shop","item":"https:\/\/recreated.eu\/hr\/shop\/"},{"@type":"ListItem","position":3,"name":"Angelus Premium ru\u010dnik od mikrovlakana"}]}]}},"_links":{"self":[{"href":"https:\/\/recreated.eu\/hr\/wp-json\/wp\/v2\/product\/5985"}],"collection":[{"href":"https:\/\/recreated.eu\/hr\/wp-json\/wp\/v2\/product"}],"about":[{"href":"https:\/\/recreated.eu\/hr\/wp-json\/wp\/v2\/types\/product"}],"wp:featuredmedia":[{"embeddable":true,"href":"https:\/\/recreated.eu\/hr\/wp-json\/wp\/v2\/media\/5987"}],"wp:attachment":[{"href":"https:\/\/recreated.eu\/hr\/wp-json\/wp\/v2\/media?parent=5985"}],"wp:term":[{"taxonomy":"product_cat","embeddable":true,"href":"https:\/\/recreated.eu\/hr\/wp-json\/wp\/v2\/product_cat?post=5985"},{"taxonomy":"product_tag","embeddable":true,"href":"https:\/\/recreated.eu\/hr\/wp-json\/wp\/v2\/product_tag?post=5985"}],"curies":[{"name":"wp","href":"https:\/\/api.w.org\/{rel}","templated":true}]}}